{"id":18312,"date":"2026-04-22T07:01:27","date_gmt":"2026-04-22T07:01:27","guid":{"rendered":"https:\/\/ppadilla.es\/?page_id=18312"},"modified":"2026-04-22T07:01:27","modified_gmt":"2026-04-22T07:01:27","slug":"note-legali","status":"publish","type":"page","link":"https:\/\/ppadilla.es\/it\/note-legali\/","title":{"rendered":"Note legali"},"content":{"rendered":"<div class=\"wpb-content-wrapper\"><p>[vc_row css=&#8221;.vc_custom_1708598241874{padding-top: 100px !important;padding-bottom: 100px !important;background-color: #515151 !important;}&#8221;][vc_column][vc_single_image image=&#8221;16500&#8243; img_size=&#8221;70X70&#8243; alignment=&#8221;center&#8221;][vc_custom_heading text=&#8221;NOTE LEGALI&#8221; font_container=&#8221;tag:h1|text_align:center|color:%23ffffff&#8221; use_theme_fonts=&#8221;yes&#8221;][vc_separator color=&#8221;white&#8221; border_width=&#8221;3&#8243; el_width=&#8221;10&#8243;][\/vc_column][\/vc_row][vc_row row_content_width=&#8221;grid&#8221; css=&#8221;.vc_custom_1708599322800{padding-top: 70px !important;padding-right: 30px !important;padding-bottom: 70px !important;padding-left: 30px !important;}&#8221;][vc_column][vc_column_text]<\/p>\n<h2>LEGGE SUI SERVIZI DELLA SOCIET\u00c0 DELL\u2019INFORMAZIONE (LSSI)<\/h2>\n<p>PUERTAS PADILLA, S.L., responsabile del sito web, di seguito RESPONSABILE, mette a disposizione degli utenti il presente documento al fine di adempiere agli obblighi previsti dalla Legge 34\/2002 dell\u201911 luglio sui servizi della societ\u00e0 dell\u2019informazione e del commercio elettronico (LSSICE), nonch\u00e9 di informare tutti gli utenti del sito sulle condizioni di utilizzo.<\/p>\n<p>&nbsp;<\/p>\n<p>Chiunque acceda a questo sito web assume la qualifica di utente, impegnandosi al rispetto rigoroso delle disposizioni qui contenute, nonch\u00e9 di qualsiasi altra normativa applicabile.<\/p>\n<p>&nbsp;<\/p>\n<p>PUERTAS PADILLA, S.L. si riserva il diritto di modificare in qualsiasi momento le informazioni presenti sul sito web, senza obbligo di preavviso, ritenendosi sufficiente la pubblicazione sul sito stesso.<\/p>\n<p>&nbsp;<\/p>\n<h3>1. DATI IDENTIFICATIVI<\/h3>\n<p><strong>Nome di dominio<\/strong>: ppadilla.es<br \/>\n<strong>Nome commerciale<\/strong>: PADILLA Fire Doors<br \/>\n<strong>Denominazione sociale<\/strong>: PUERTAS PADILLA, S.L.<br \/>\n<strong>Codice fiscale \/ Partita IVA<\/strong>: B30668602<br \/>\n<strong>Sede legale<\/strong>: Av. Constituci\u00f3n Espa\u00f1ola 73, 30330 Cartagena (MURCIA), Spagna<br \/>\n<strong>Telefono<\/strong>: 968160092<br \/>\n<strong>E-mail<\/strong>: info@ppadilla.es<br \/>\nIscritta al Registro delle Imprese di Murcia, tomo 81, folio 71, foglio n. 1743, iscrizione 1.<\/p>\n<p>&nbsp;<\/p>\n<h3>2. DIRITTI DI PROPRIET\u00c0 INTELLETTUALE E INDUSTRIALE<\/h3>\n<p>Il sito web, inclusi a titolo esemplificativo ma non esaustivo la programmazione, l\u2019editing, la compilazione e gli altri elementi necessari al suo funzionamento, nonch\u00e9 design, loghi, testi e\/o grafici, sono di propriet\u00e0 del RESPONSABILE o, se del caso, utilizzati su licenza o con autorizzazione espressa degli autori. Tutti i contenuti del sito sono protetti dalla normativa in materia di propriet\u00e0 intellettuale e industriale.<\/p>\n<p>Qualsiasi riproduzione, anche parziale, uso, sfruttamento, distribuzione o commercializzazione richiede la preventiva autorizzazione scritta del RESPONSABILE. Qualsiasi utilizzo non autorizzato costituisce una grave violazione dei diritti di propriet\u00e0 intellettuale o industriale.<\/p>\n<p>Gli elementi appartenenti a terzi restano di propriet\u00e0 dei rispettivi titolari, che sono responsabili di eventuali controversie. Il RESPONSABILE autorizza espressamente la creazione di link diretti a contenuti specifici del sito e, in ogni caso, al sito principale ppadilla.es.<\/p>\n<p>Il RESPONSABILE riconosce i relativi diritti ai rispettivi titolari; la loro presenza sul sito non implica alcuna responsabilit\u00e0, approvazione o raccomandazione.<\/p>\n<p>Per eventuali segnalazioni relative a violazioni, \u00e8 possibile scrivere a info@ppadilla.es.<\/p>\n<p>&nbsp;<\/p>\n<h3>3. ESCLUSIONE DI RESPONSABILIT\u00c0<\/h3>\n<p>Il RESPONSABILE declina ogni responsabilit\u00e0 derivante dalle informazioni pubblicate sul sito web qualora non sia a conoscenza della loro manipolazione da parte di terzi o, se informato, abbia agito tempestivamente per rimuoverle o impedirne l\u2019accesso.<\/p>\n<h4>Uso dei cookie<\/h4>\n<p>Il sito pu\u00f2 utilizzare cookie tecnici necessari al corretto funzionamento. Tali cookie sono temporanei e non raccolgono dati personali.<\/p>\n<p>Possono essere utilizzati anche cookie per migliorare la navigazione, analizzare il traffico o misurare l\u2019audience. Nessun cookie non necessario sar\u00e0 installato senza il consenso dell\u2019utente.<\/p>\n<p>L\u2019utente pu\u00f2 configurare il proprio browser per ricevere notifiche sui cookie o bloccarli.<\/p>\n<h4>Politica dei link<\/h4>\n<p>Il sito pu\u00f2 contenere link a siti di terzi. Il RESPONSABILE non pu\u00f2 controllarne i contenuti e non si assume responsabilit\u00e0 al riguardo. Eventuali contenuti illeciti saranno rimossi tempestivamente.<\/p>\n<p>Il RESPONSABILE non \u00e8 responsabile dei contenuti pubblicati da terzi (forum, commenti, social, ecc.), ma collaborer\u00e0 con le autorit\u00e0 per la rimozione di contenuti illegali.<\/p>\n<p>Il sito \u00e8 stato verificato per garantirne il corretto funzionamento, ma non si esclude la presenza di errori o interruzioni dovute a cause di forza maggiore.<\/p>\n<h4>Indirizzi IP<\/h4>\n<p>I server possono registrare automaticamente l\u2019indirizzo IP degli utenti a fini statistici (traffico, visite, ecc.).<\/p>\n<h3>4. LEGGE APPLICABILE E FORO COMPETENTE<\/h3>\n<p>Per qualsiasi controversia relativa al sito o alle attivit\u00e0 in esso svolte, si applica la legislazione spagnola. Sono competenti i tribunali del domicilio dell\u2019utente o del luogo di esecuzione dell\u2019obbligazione.<br \/>\n[\/vc_column_text][\/vc_column][\/vc_row]<\/p>\n<\/div>","protected":false},"excerpt":{"rendered":"<p>[vc_row css=&#8221;.vc_custom_1708598241874{padding-top: 100px !important;padding-bottom: 100px !important;background-color: #515151 !important;}&#8221;][vc_column][vc_single_image image=&#8221;16500&#8243; img_size=&#8221;70X70&#8243; alignment=&#8221;center&#8221;][vc_custom_heading text=&#8221;NOTE LEGALI&#8221; font_container=&#8221;tag:h1|text_align:center|color:%23ffffff&#8221; use_theme_fonts=&#8221;yes&#8221;][vc_separator color=&#8221;white&#8221; border_width=&#8221;3&#8243; el_width=&#8221;10&#8243;][\/vc_column][\/vc_row][vc_row row_content_width=&#8221;grid&#8221; css=&#8221;.vc_custom_1708599322800{padding-top: 70px !important;padding-right: 30px !important;padding-bottom: 70px !important;padding-left: 30px !important;}&#8221;][vc_column][vc_column_text] LEGGE SUI SERVIZI DELLA SOCIET\u00c0 DELL\u2019INFORMAZIONE (LSSI) PUERTAS PADILLA, S.L., responsabile del sito web, di seguito RESPONSABILE, [&hellip;]<\/p>\n","protected":false},"author":9,"featured_media":0,"parent":0,"menu_order":0,"comment_status":"closed","ping_status":"closed","template":"full-width.php","meta":{"_acf_changed":false,"footnotes":""},"class_list":["post-18312","page","type-page","status-publish","hentry"],"acf":[],"yoast_head":"<!-- This site is optimized with the Yoast SEO plugin v26.8 - https:\/\/yoast.com\/product\/yoast-seo-wordpress\/ -->\n<title>Note legali | PADILLA Fire Doors<\/title>\n<meta name=\"description\" content=\"Note legali del sito PADILLA Fire Doors con le informazioni sull\u2019azienda, le condizioni di utilizzo e le responsabilit\u00e0 relative al sito web.\" \/>\n<meta name=\"robots\" content=\"index, follow, max-snippet:-1, max-image-preview:large, max-video-preview:-1\" \/>\n<link rel=\"canonical\" href=\"https:\/\/ppadilla.es\/it\/note-legali\/\" \/>\n<meta property=\"og:locale\" content=\"it_IT\" \/>\n<meta property=\"og:type\" content=\"article\" \/>\n<meta property=\"og:title\" content=\"Note legali | PADILLA Fire Doors\" \/>\n<meta property=\"og:description\" content=\"Note legali del sito PADILLA Fire Doors con le informazioni sull\u2019azienda, le condizioni di utilizzo e le responsabilit\u00e0 relative al sito web.\" \/>\n<meta property=\"og:url\" content=\"https:\/\/ppadilla.es\/it\/note-legali\/\" \/>\n<meta property=\"og:site_name\" content=\"Puertas Padilla\" \/>\n<meta name=\"twitter:card\" content=\"summary_large_image\" \/>\n<script type=\"application\/ld+json\" class=\"yoast-schema-graph\">{\"@context\":\"https:\/\/schema.org\",\"@graph\":[{\"@type\":\"WebPage\",\"@id\":\"https:\/\/ppadilla.es\/it\/note-legali\/\",\"url\":\"https:\/\/ppadilla.es\/it\/note-legali\/\",\"name\":\"Note legali | PADILLA Fire Doors\",\"isPartOf\":{\"@id\":\"https:\/\/ppadilla.es\/#website\"},\"datePublished\":\"2026-04-22T07:01:27+00:00\",\"description\":\"Note legali del sito PADILLA Fire Doors con le informazioni sull\u2019azienda, le condizioni di utilizzo e le responsabilit\u00e0 relative al sito web.\",\"breadcrumb\":{\"@id\":\"https:\/\/ppadilla.es\/it\/note-legali\/#breadcrumb\"},\"inLanguage\":\"it-IT\",\"potentialAction\":[{\"@type\":\"ReadAction\",\"target\":[\"https:\/\/ppadilla.es\/it\/note-legali\/\"]}]},{\"@type\":\"BreadcrumbList\",\"@id\":\"https:\/\/ppadilla.es\/it\/note-legali\/#breadcrumb\",\"itemListElement\":[{\"@type\":\"ListItem\",\"position\":1,\"name\":\"Portada\",\"item\":\"https:\/\/ppadilla.es\/it\/\"},{\"@type\":\"ListItem\",\"position\":2,\"name\":\"Note legali\"}]},{\"@type\":\"WebSite\",\"@id\":\"https:\/\/ppadilla.es\/#website\",\"url\":\"https:\/\/ppadilla.es\/\",\"name\":\"Puertas Padilla\",\"description\":\"L\u00cdDERES EN PUERTAS CORTAFUEGOS\",\"potentialAction\":[{\"@type\":\"SearchAction\",\"target\":{\"@type\":\"EntryPoint\",\"urlTemplate\":\"https:\/\/ppadilla.es\/?s={search_term_string}\"},\"query-input\":{\"@type\":\"PropertyValueSpecification\",\"valueRequired\":true,\"valueName\":\"search_term_string\"}}],\"inLanguage\":\"it-IT\"}]}<\/script>\n<!-- \/ Yoast SEO plugin. -->","yoast_head_json":{"title":"Note legali | PADILLA Fire Doors","description":"Note legali del sito PADILLA Fire Doors con le informazioni sull\u2019azienda, le condizioni di utilizzo e le responsabilit\u00e0 relative al sito web.","robots":{"index":"index","follow":"follow","max-snippet":"max-snippet:-1","max-image-preview":"max-image-preview:large","max-video-preview":"max-video-preview:-1"},"canonical":"https:\/\/ppadilla.es\/it\/note-legali\/","og_locale":"it_IT","og_type":"article","og_title":"Note legali | PADILLA Fire Doors","og_description":"Note legali del sito PADILLA Fire Doors con le informazioni sull\u2019azienda, le condizioni di utilizzo e le responsabilit\u00e0 relative al sito web.","og_url":"https:\/\/ppadilla.es\/it\/note-legali\/","og_site_name":"Puertas Padilla","twitter_card":"summary_large_image","schema":{"@context":"https:\/\/schema.org","@graph":[{"@type":"WebPage","@id":"https:\/\/ppadilla.es\/it\/note-legali\/","url":"https:\/\/ppadilla.es\/it\/note-legali\/","name":"Note legali | PADILLA Fire Doors","isPartOf":{"@id":"https:\/\/ppadilla.es\/#website"},"datePublished":"2026-04-22T07:01:27+00:00","description":"Note legali del sito PADILLA Fire Doors con le informazioni sull\u2019azienda, le condizioni di utilizzo e le responsabilit\u00e0 relative al sito web.","breadcrumb":{"@id":"https:\/\/ppadilla.es\/it\/note-legali\/#breadcrumb"},"inLanguage":"it-IT","potentialAction":[{"@type":"ReadAction","target":["https:\/\/ppadilla.es\/it\/note-legali\/"]}]},{"@type":"BreadcrumbList","@id":"https:\/\/ppadilla.es\/it\/note-legali\/#breadcrumb","itemListElement":[{"@type":"ListItem","position":1,"name":"Portada","item":"https:\/\/ppadilla.es\/it\/"},{"@type":"ListItem","position":2,"name":"Note legali"}]},{"@type":"WebSite","@id":"https:\/\/ppadilla.es\/#website","url":"https:\/\/ppadilla.es\/","name":"Puertas Padilla","description":"L\u00cdDERES EN PUERTAS CORTAFUEGOS","potentialAction":[{"@type":"SearchAction","target":{"@type":"EntryPoint","urlTemplate":"https:\/\/ppadilla.es\/?s={search_term_string}"},"query-input":{"@type":"PropertyValueSpecification","valueRequired":true,"valueName":"search_term_string"}}],"inLanguage":"it-IT"}]}},"_links":{"self":[{"href":"https:\/\/ppadilla.es\/it\/wp-json\/wp\/v2\/pages\/18312","targetHints":{"allow":["GET"]}}],"collection":[{"href":"https:\/\/ppadilla.es\/it\/wp-json\/wp\/v2\/pages"}],"about":[{"href":"https:\/\/ppadilla.es\/it\/wp-json\/wp\/v2\/types\/page"}],"author":[{"embeddable":true,"href":"https:\/\/ppadilla.es\/it\/wp-json\/wp\/v2\/users\/9"}],"replies":[{"embeddable":true,"href":"https:\/\/ppadilla.es\/it\/wp-json\/wp\/v2\/comments?post=18312"}],"version-history":[{"count":2,"href":"https:\/\/ppadilla.es\/it\/wp-json\/wp\/v2\/pages\/18312\/revisions"}],"predecessor-version":[{"id":18315,"href":"https:\/\/ppadilla.es\/it\/wp-json\/wp\/v2\/pages\/18312\/revisions\/18315"}],"wp:attachment":[{"href":"https:\/\/ppadilla.es\/it\/wp-json\/wp\/v2\/media?parent=18312"}],"curies":[{"name":"wp","href":"https:\/\/api.w.org\/{rel}","templated":true}]}}