{"id":16749,"date":"2024-07-12T09:46:17","date_gmt":"2024-07-12T09:46:17","guid":{"rendered":"https:\/\/ppadilla.es\/porte-padilla\/"},"modified":"2024-07-16T07:49:11","modified_gmt":"2024-07-16T07:49:11","slug":"porte-padilla","status":"publish","type":"page","link":"https:\/\/ppadilla.es\/it\/porte-padilla\/","title":{"rendered":"Porte Padilla"},"content":{"rendered":"<div class=\"wpb-content-wrapper\"><p>[vc_row content_text_aligment=&#8221;center&#8221; css=&#8221;.vc_custom_1701680138947{padding-top: 100px !important;padding-bottom: 100px !important;background-image: url(https:\/\/ppadilla.es\/wp-content\/uploads\/2023\/11\/CABECERA-LA-EMPRESA.png?id=10775) !important;background-position: center !important;background-repeat: no-repeat !important;background-size: cover !important;}&#8221; el_class=&#8221;cabecera&#8221;][vc_column css=&#8221;.vc_custom_1621932560241{margin-top: -15px !important;}&#8221;][vc_single_image image=&#8221;16500&#8243; img_size=&#8221;70X70&#8243; alignment=&#8221;center&#8221;][vc_custom_heading text=&#8221;PORTE PADILLA&#8221; font_container=&#8221;tag:h1|text_align:center|color:%23ffffff&#8221; use_theme_fonts=&#8221;yes&#8221;][vc_custom_heading text=&#8221;Leader nell&#8217;innovazione e nell&#8217;internazionalizzazione con qualit\u00e0 certificata&#8221; font_container=&#8221;tag:h3|text_align:center|color:%23ffffff&#8221; use_theme_fonts=&#8221;yes&#8221;][vc_separator color=&#8221;white&#8221; border_width=&#8221;3&#8243; el_width=&#8221;10&#8243;][\/vc_column][\/vc_row][vc_row content_text_aligment=&#8221;center&#8221;][vc_column][vc_custom_heading text=&#8221;L&#8217;AZIENDA&#8221; font_container=&#8221;tag:h2|text_align:center|color:%23000000&#8243; use_theme_fonts=&#8221;yes&#8221;]<div class=\"eltdf-separator-holder clearfix  eltdf-separator-center eltdf-separator-normal\">\n\t<div class=\"eltdf-separator\" style=\"border-color: #000000;width: 100px\"><\/div>\n<\/div>\n[vc_row_inner row_content_width=&#8221;grid&#8221; content_text_aligment=&#8221;left&#8221; css=&#8221;.vc_custom_1701680312762{padding-top: 70px !important;}&#8221;][vc_column_inner width=&#8221;1\/2&#8243; css=&#8221;.vc_custom_1614186263950{padding-right: 50px !important;padding-left: 50px !important;}&#8221;][vc_column_text el_class=&#8221;texto&#8221;]Nel 1987 abbiamo iniziato un viaggio entusiasmante: fuoco, sicurezza, porte. Un percorso difficile che, a partire dalla nostra azienda, situata nella regione di Murcia, ha avuto come punto di partenza la specializzazione e l&#8217;eccellenza come obiettivo prioritario. In questi oltre 30 anni di esperienza, abbiamo investito i nostri sforzi in investimenti tecnologici, ricerca e sviluppo.<\/p>\n<p>Siamo consapevoli che in un mercato altamente competitivo, solo la qualit\u00e0 dei pi\u00f9 alti standard vince.<\/p>\n<p>Siamo cresciuti al ritmo dei nostri sogni e abbiamo ampliato la nostra area di influenza nel mercato internazionale. Dall&#8217;inaugurazione della nostra prima sede in Portogallo alla costituzione della nostra ultima filiale, in Colombia, fino all&#8217;Italia, alla Polonia, alla Francia, al Marocco e alla Turchia.[\/vc_column_text][\/vc_column_inner][vc_column_inner width=&#8221;1\/2&#8243;][vc_single_image image=&#8221;16531&#8243; img_size=&#8221;full&#8221;][\/vc_column_inner][\/vc_row_inner][vc_row_inner row_content_width=&#8221;grid&#8221; content_text_aligment=&#8221;left&#8221; css=&#8221;.vc_custom_1698925353218{padding-top: 70px !important;padding-bottom: 70px !important;}&#8221;][vc_column_inner width=&#8221;1\/2&#8243; css=&#8221;.vc_custom_1614186263950{padding-right: 50px !important;padding-left: 50px !important;}&#8221;][vc_single_image image=&#8221;16532&#8243; img_size=&#8221;full&#8221;][\/vc_column_inner][vc_column_inner width=&#8221;1\/2&#8243;][vc_column_text el_class=&#8221;texto&#8221;]Lo sforzo, il rigore e l&#8217;impegno ci hanno aiutato a creare il nostro marchio, Padilla Doors. La nostra ambizione di essere innovativi ci ha portato a sviluppare prodotti che hanno aperto nuove linee di mercato. Ma il successo del nostro marchio \u00e8 dovuto all&#8217;indiscussa professionalit\u00e0 del nostro team. Persone che, con la loro giovent\u00f9, conoscenza ed esperienza, fanno di Padilla Doors un punto di riferimento internazionale nel settore delle porte tagliafuoco e di sicurezza.<\/p>\n<p>Siamo consapevoli che il cammino si fa camminando. Per questo motivo, alla Padilla Doors, anche dopo aver attraversato tanti paesi e affrontato le sfide pi\u00f9 difficili, siamo motivati a continuare a guidare il nostro settore, sapendo che in questo modo saremo ricompensati per i nostri sforzi.[\/vc_column_text][\/vc_column_inner][\/vc_row_inner][\/vc_column][\/vc_row][vc_row content_text_aligment=&#8221;center&#8221; css=&#8221;.vc_custom_1701680352179{padding-top: 100px !important;padding-bottom: 100px !important;background-image: url(https:\/\/ppadilla.es\/wp-content\/uploads\/2023\/11\/PREMIOS-Y-RECONOCIMIENTOS.jpg?id=10785) !important;background-position: center !important;background-repeat: no-repeat !important;background-size: cover !important;}&#8221; el_class=&#8221;cabecera&#8221;][vc_column][vc_row_inner row_content_width=&#8221;grid&#8221; content_text_aligment=&#8221;left&#8221;][vc_column_inner][vc_custom_heading text=&#8221;PREMI E RICONOSCIMENTI&#8221; font_container=&#8221;tag:h2|text_align:center|color:%23ffffff&#8221; use_theme_fonts=&#8221;yes&#8221;]<div class=\"eltdf-separator-holder clearfix  eltdf-separator-center eltdf-separator-normal\">\n\t<div class=\"eltdf-separator\" style=\"border-color: #ffffff;width: 100px;margin-bottom: 50px\"><\/div>\n<\/div>\n[vc_column_text el_class=&#8221;texto&#8221;]<\/p>\n<ul style=\"color: #fff;\">\n<li>Premio FREMM per il lavoro imprenditoriale<\/li>\n<li>Premio AJE<\/li>\n<li>Premio di eccellenza aziendale COEC<\/li>\n<li>Premio AJE per l&#8217;internazionalizzazione<\/li>\n<li>Premio Actualidad Econ\u00f3mica<\/li>\n<li>Premio Business World<\/li>\n<li>Premio di espansione per la migliore azienda di internazionalizzazione, IFEMA<\/li>\n<\/ul>\n<p>[\/vc_column_text][\/vc_column_inner][\/vc_row_inner][\/vc_column][\/vc_row][vc_row css=&#8221;.vc_custom_1698925886450{padding-top: 70px !important;padding-bottom: 100px !important;}&#8221;][vc_column][vc_custom_heading text=&#8221;SIAMO MEMBRI&#8221; font_container=&#8221;tag:h2|text_align:center|color:%23000000&#8243; use_theme_fonts=&#8221;yes&#8221;]<div class=\"eltdf-separator-holder clearfix  eltdf-separator-center eltdf-separator-normal\">\n\t<div class=\"eltdf-separator\" style=\"border-color: #000000;width: 100px;margin-bottom: 50px\"><\/div>\n<\/div>\n[vc_row_inner row_content_width=&#8221;grid&#8221; el_class=&#8221;listalogoscolaboradores&#8221;][vc_column_inner width=&#8221;1\/4&#8243;][vc_single_image image=&#8221;16534&#8243; img_size=&#8221;full&#8221; alignment=&#8221;center&#8221;][vc_column_text]<\/p>\n<p style=\"text-align: center;\"><a href=\"https:\/\/www.apsei.org.pt\/\">APSEI, Associa\u00e7\u00e3o Portuguesa de Seguran\u00e7a<\/a><\/p>\n<p>[\/vc_column_text][\/vc_column_inner][vc_column_inner width=&#8221;1\/4&#8243;][vc_single_image image=&#8221;16535&#8243; img_size=&#8221;full&#8221; alignment=&#8221;center&#8221;][vc_column_text]<\/p>\n<p style=\"text-align: center;\"><a href=\"https:\/\/ospzpisr.com.pl\/\">Og\u00f3lnopolskie Stowarzyszenie Producent\u00f3w Zabezpiecze\u0144 Przeciwpo\u017carowych i Sprz\u0119tu Ratowniczego <\/a><\/p>\n<p>[\/vc_column_text][\/vc_column_inner][vc_column_inner width=&#8221;1\/4&#8243;][vc_single_image image=&#8221;16518&#8243; img_size=&#8221;full&#8221; alignment=&#8221;center&#8221;][vc_column_text]<\/p>\n<p style=\"text-align: center;\"><a href=\"https:\/\/www.ul.com\/\">STANDARD UL PER LA SICUREZZA<\/a><\/p>\n<p>[\/vc_column_text][\/vc_column_inner][vc_column_inner width=&#8221;1\/4&#8243;][vc_single_image image=&#8221;16536&#8243; img_size=&#8221;full&#8221; alignment=&#8221;center&#8221;][vc_column_text]<\/p>\n<p style=\"text-align: center;\"><a href=\"https:\/\/aepa.ws\/\">AEPA, Associazione delle imprese di porte manuali e automatiche <\/a><\/p>\n<p>[\/vc_column_text][\/vc_column_inner][\/vc_row_inner][\/vc_column][\/vc_row][vc_row css=&#8221;.vc_custom_1698926184034{padding-top: 70px !important;padding-bottom: 100px !important;background-color: #eaeaea !important;}&#8221;][vc_column][vc_custom_heading text=&#8221;LE PORTE DI PADILLA IN IMMAGINI&#8221; font_container=&#8221;tag:h2|text_align:center|color:%23000000&#8243; use_theme_fonts=&#8221;yes&#8221;]<div class=\"eltdf-separator-holder clearfix  eltdf-separator-center eltdf-separator-normal\">\n\t<div class=\"eltdf-separator\" style=\"border-color: #000000;width: 100px;margin-bottom: 50px\"><\/div>\n<\/div>\n[vc_row_inner row_content_width=&#8221;grid&#8221;][vc_column_inner width=&#8221;1\/3&#8243;][vc_video link=&#8221;https:\/\/youtu.be\/3nBqiZm5KEg&#8221;][vc_custom_heading text=&#8221;Porte Padilla. L&#8217;azienda&#8221; font_container=&#8221;tag:h4|text_align:left|color:%23000000&#8243; use_theme_fonts=&#8221;yes&#8221;][\/vc_column_inner][vc_column_inner width=&#8221;1\/3&#8243;][vc_video link=&#8221;https:\/\/youtu.be\/OyUTRWtfQfE&#8221;][vc_custom_heading text=&#8221;Padilla Doors lotta contro la pandemia&#8221; font_container=&#8221;tag:h4|text_align:left|color:%23000000&#8243; use_theme_fonts=&#8221;yes&#8221;][\/vc_column_inner][vc_column_inner width=&#8221;1\/3&#8243;][vc_video link=&#8221;https:\/\/youtu.be\/hobGlejQYOg&#8221;][vc_custom_heading text=&#8221;Porte Padilla. L&#8217;immagine&#8221; font_container=&#8221;tag:h4|text_align:left|color:%23000000&#8243; use_theme_fonts=&#8221;yes&#8221;][\/vc_column_inner][\/vc_row_inner][\/vc_column][\/vc_row][vc_row css=&#8221;.vc_custom_1698925886450{padding-top: 70px !important;padding-bottom: 100px !important;}&#8221;][vc_column][vc_custom_heading text=&#8221;PARTNERSHIP E ACCORDI&#8221; font_container=&#8221;tag:h2|text_align:center|color:%23000000&#8243; use_theme_fonts=&#8221;yes&#8221;]<div class=\"eltdf-separator-holder clearfix  eltdf-separator-center eltdf-separator-normal\">\n\t<div class=\"eltdf-separator\" style=\"border-color: #000000;width: 100px;margin-bottom: 50px\"><\/div>\n<\/div>\n[vc_row_inner row_content_width=&#8221;grid&#8221; el_class=&#8221;listalogoscolaboradores&#8221;][vc_column_inner width=&#8221;1\/4&#8243;][vc_single_image image=&#8221;16537&#8243; img_size=&#8221;full&#8221; alignment=&#8221;center&#8221;][vc_column_text]<\/p>\n<p style=\"text-align: center;\"><a href=\"https:\/\/fundaciongomezpardo.es\/\">Fondazione<\/a><a href=\"https:\/\/fundaciongomezpardo.es\/\" target=\"_blank\" rel=\"noopener\"><br \/>\nG\u00f3mez-Pardo<\/a><\/p>\n<p>[\/vc_column_text][\/vc_column_inner][vc_column_inner width=&#8221;1\/4&#8243;][vc_single_image image=&#8221;16538&#8243; img_size=&#8221;full&#8221; alignment=&#8221;center&#8221;][vc_column_text]<\/p>\n<p style=\"text-align: center;\"><a href=\"https:\/\/www.uv.es\/\">Universit\u00e0 Politecnica di Valencia <\/a><\/p>\n<p>[\/vc_column_text][\/vc_column_inner][vc_column_inner width=&#8221;1\/4&#8243;][vc_single_image image=&#8221;16539&#8243; img_size=&#8221;full&#8221; alignment=&#8221;center&#8221;][vc_column_text]<\/p>\n<p style=\"text-align: center;\"><a href=\"https:\/\/www.upm.es\/\">Universit\u00e0 Politecnica di Madrid <\/a><\/p>\n<p>[\/vc_column_text][\/vc_column_inner][vc_column_inner width=&#8221;1\/4&#8243;][vc_single_image image=&#8221;16540&#8243; img_size=&#8221;full&#8221; alignment=&#8221;center&#8221;][vc_column_text]<\/p>\n<p style=\"text-align: center;\"><a href=\"https:\/\/www.upct.es\/\">UPCT <\/a><\/p>\n<p>[\/vc_column_text][\/vc_column_inner][\/vc_row_inner][vc_row_inner row_content_width=&#8221;grid&#8221; el_class=&#8221;listalogoscolaboradores&#8221;][vc_column_inner width=&#8221;1\/4&#8243;][vc_single_image image=&#8221;16541&#8243; img_size=&#8221;full&#8221; alignment=&#8221;center&#8221;][vc_column_text]<\/p>\n<p style=\"text-align: center;\"><a href=\"https:\/\/www.um.es\/\">Universit\u00e0 di Murcia <\/a><\/p>\n<p>[\/vc_column_text][\/vc_column_inner][vc_column_inner width=&#8221;1\/4&#8243;][vc_single_image image=&#8221;16542&#8243; img_size=&#8221;full&#8221; alignment=&#8221;center&#8221;][vc_column_text]<\/p>\n<p style=\"text-align: center;\"><a href=\"http:\/\/www.cetem.es\/\">Cetem<\/a><\/p>\n<p>[\/vc_column_text][\/vc_column_inner][vc_column_inner width=&#8221;1\/4&#8243;][vc_single_image image=&#8221;16543&#8243; img_size=&#8221;full&#8221; alignment=&#8221;center&#8221;][vc_column_text]<\/p>\n<p style=\"text-align: center;\"><a href=\"https:\/\/ctmetal.es\/\">Centro di Tecnologia del Metallo di Murcia <\/a><\/p>\n<p>[\/vc_column_text][\/vc_column_inner][vc_column_inner width=&#8221;1\/4&#8243;][vc_single_image image=&#8221;16544&#8243; img_size=&#8221;full&#8221; alignment=&#8221;center&#8221;][vc_column_text]<\/p>\n<p style=\"text-align: center;\"><a href=\"https:\/\/ctnaval.com\/\">Centro di tecnologia navale e marittima <\/a><\/p>\n<p>[\/vc_column_text][\/vc_column_inner][\/vc_row_inner][\/vc_column][\/vc_row]<\/p>\n<\/div>","protected":false},"excerpt":{"rendered":"<p>[vc_row content_text_aligment=&#8221;center&#8221; css=&#8221;.vc_custom_1701680138947{padding-top: 100px !important;padding-bottom: 100px !important;background-image: url(https:\/\/ppadilla.es\/wp-content\/uploads\/2023\/11\/CABECERA-LA-EMPRESA.png?id=10775) !important;background-position: center !important;background-repeat: no-repeat !important;background-size: cover !important;}&#8221; el_class=&#8221;cabecera&#8221;][vc_column css=&#8221;.vc_custom_1621932560241{margin-top: -15px !important;}&#8221;][vc_single_image image=&#8221;16500&#8243; img_size=&#8221;70X70&#8243; alignment=&#8221;center&#8221;][vc_custom_heading text=&#8221;PORTE PADILLA&#8221; font_container=&#8221;tag:h1|text_align:center|color:%23ffffff&#8221; use_theme_fonts=&#8221;yes&#8221;][vc_custom_heading text=&#8221;Leader nell&#8217;innovazione e nell&#8217;internazionalizzazione con qualit\u00e0 certificata&#8221; font_container=&#8221;tag:h3|text_align:center|color:%23ffffff&#8221; use_theme_fonts=&#8221;yes&#8221;][vc_separator color=&#8221;white&#8221; border_width=&#8221;3&#8243; el_width=&#8221;10&#8243;][\/vc_column][\/vc_row][vc_row content_text_aligment=&#8221;center&#8221;][vc_column][vc_custom_heading text=&#8221;L&#8217;AZIENDA&#8221; font_container=&#8221;tag:h2|text_align:center|color:%23000000&#8243; use_theme_fonts=&#8221;yes&#8221;][vc_row_inner row_content_width=&#8221;grid&#8221; content_text_aligment=&#8221;left&#8221; css=&#8221;.vc_custom_1701680312762{padding-top: [&hellip;]<\/p>\n","protected":false},"author":1,"featured_media":17402,"parent":0,"menu_order":0,"comment_status":"closed","ping_status":"closed","template":"full-width.php","meta":{"_acf_changed":false,"footnotes":""},"class_list":["post-16749","page","type-page","status-publish","has-post-thumbnail","hentry"],"acf":[],"yoast_head":"<!-- This site is optimized with the Yoast SEO plugin v26.8 - https:\/\/yoast.com\/product\/yoast-seo-wordpress\/ -->\n<title>Porte Padilla - Puertas Padilla<\/title>\n<meta name=\"robots\" content=\"index, follow, max-snippet:-1, max-image-preview:large, max-video-preview:-1\" \/>\n<link rel=\"canonical\" href=\"https:\/\/ppadilla.es\/it\/porte-padilla\/\" \/>\n<meta property=\"og:locale\" content=\"it_IT\" \/>\n<meta property=\"og:type\" content=\"article\" \/>\n<meta property=\"og:title\" content=\"Porte Padilla - Puertas Padilla\" \/>\n<meta property=\"og:description\" content=\"[vc_row content_text_aligment=&#8221;center&#8221; css=&#8221;.vc_custom_1701680138947{padding-top: 100px !important;padding-bottom: 100px !important;background-image: url(https:\/\/ppadilla.es\/wp-content\/uploads\/2023\/11\/CABECERA-LA-EMPRESA.png?id=10775) !important;background-position: center !important;background-repeat: no-repeat !important;background-size: cover !important;}&#8221; el_class=&#8221;cabecera&#8221;][vc_column css=&#8221;.vc_custom_1621932560241{margin-top: -15px !important;}&#8221;][vc_single_image image=&#8221;16500&#8243; img_size=&#8221;70X70&#8243; alignment=&#8221;center&#8221;][vc_custom_heading text=&#8221;PORTE PADILLA&#8221; font_container=&#8221;tag:h1|text_align:center|color:%23ffffff&#8221; use_theme_fonts=&#8221;yes&#8221;][vc_custom_heading text=&#8221;Leader nell&#8217;innovazione e nell&#8217;internazionalizzazione con qualit\u00e0 certificata&#8221; font_container=&#8221;tag:h3|text_align:center|color:%23ffffff&#8221; use_theme_fonts=&#8221;yes&#8221;][vc_separator color=&#8221;white&#8221; border_width=&#8221;3&#8243; el_width=&#8221;10&#8243;][\/vc_column][\/vc_row][vc_row content_text_aligment=&#8221;center&#8221;][vc_column][vc_custom_heading text=&#8221;L&#8217;AZIENDA&#8221; font_container=&#8221;tag:h2|text_align:center|color:%23000000&#8243; use_theme_fonts=&#8221;yes&#8221;][vc_row_inner row_content_width=&#8221;grid&#8221; content_text_aligment=&#8221;left&#8221; css=&#8221;.vc_custom_1701680312762{padding-top: [&hellip;]\" \/>\n<meta property=\"og:url\" content=\"https:\/\/ppadilla.es\/it\/porte-padilla\/\" \/>\n<meta property=\"og:site_name\" content=\"Puertas Padilla\" \/>\n<meta property=\"article:modified_time\" content=\"2024-07-16T07:49:11+00:00\" \/>\n<meta name=\"twitter:card\" content=\"summary_large_image\" \/>\n<meta name=\"twitter:label1\" content=\"Tempo di lettura stimato\" \/>\n\t<meta name=\"twitter:data1\" content=\"3 minuti\" \/>\n<script type=\"application\/ld+json\" class=\"yoast-schema-graph\">{\"@context\":\"https:\/\/schema.org\",\"@graph\":[{\"@type\":\"WebPage\",\"@id\":\"https:\/\/ppadilla.es\/it\/porte-padilla\/\",\"url\":\"https:\/\/ppadilla.es\/it\/porte-padilla\/\",\"name\":\"Porte Padilla - Puertas Padilla\",\"isPartOf\":{\"@id\":\"https:\/\/ppadilla.es\/#website\"},\"primaryImageOfPage\":{\"@id\":\"https:\/\/ppadilla.es\/it\/porte-padilla\/#primaryimage\"},\"image\":{\"@id\":\"https:\/\/ppadilla.es\/it\/porte-padilla\/#primaryimage\"},\"thumbnailUrl\":\"https:\/\/ppadilla.es\/wp-content\/uploads\/2025\/03\/fotos-abc.jpg\",\"datePublished\":\"2024-07-12T09:46:17+00:00\",\"dateModified\":\"2024-07-16T07:49:11+00:00\",\"breadcrumb\":{\"@id\":\"https:\/\/ppadilla.es\/it\/porte-padilla\/#breadcrumb\"},\"inLanguage\":\"it-IT\",\"potentialAction\":[{\"@type\":\"ReadAction\",\"target\":[\"https:\/\/ppadilla.es\/it\/porte-padilla\/\"]}]},{\"@type\":\"ImageObject\",\"inLanguage\":\"it-IT\",\"@id\":\"https:\/\/ppadilla.es\/it\/porte-padilla\/#primaryimage\",\"url\":\"https:\/\/ppadilla.es\/wp-content\/uploads\/2025\/03\/fotos-abc.jpg\",\"contentUrl\":\"https:\/\/ppadilla.es\/wp-content\/uploads\/2025\/03\/fotos-abc.jpg\",\"width\":980,\"height\":499},{\"@type\":\"BreadcrumbList\",\"@id\":\"https:\/\/ppadilla.es\/it\/porte-padilla\/#breadcrumb\",\"itemListElement\":[{\"@type\":\"ListItem\",\"position\":1,\"name\":\"Portada\",\"item\":\"https:\/\/ppadilla.es\/it\/\"},{\"@type\":\"ListItem\",\"position\":2,\"name\":\"Porte Padilla\"}]},{\"@type\":\"WebSite\",\"@id\":\"https:\/\/ppadilla.es\/#website\",\"url\":\"https:\/\/ppadilla.es\/\",\"name\":\"Puertas Padilla\",\"description\":\"L\u00cdDERES EN PUERTAS CORTAFUEGOS\",\"potentialAction\":[{\"@type\":\"SearchAction\",\"target\":{\"@type\":\"EntryPoint\",\"urlTemplate\":\"https:\/\/ppadilla.es\/?s={search_term_string}\"},\"query-input\":{\"@type\":\"PropertyValueSpecification\",\"valueRequired\":true,\"valueName\":\"search_term_string\"}}],\"inLanguage\":\"it-IT\"}]}<\/script>\n<!-- \/ Yoast SEO plugin. -->","yoast_head_json":{"title":"Porte Padilla - Puertas Padilla","robots":{"index":"index","follow":"follow","max-snippet":"max-snippet:-1","max-image-preview":"max-image-preview:large","max-video-preview":"max-video-preview:-1"},"canonical":"https:\/\/ppadilla.es\/it\/porte-padilla\/","og_locale":"it_IT","og_type":"article","og_title":"Porte Padilla - Puertas Padilla","og_description":"[vc_row content_text_aligment=&#8221;center&#8221; css=&#8221;.vc_custom_1701680138947{padding-top: 100px !important;padding-bottom: 100px !important;background-image: url(https:\/\/ppadilla.es\/wp-content\/uploads\/2023\/11\/CABECERA-LA-EMPRESA.png?id=10775) !important;background-position: center !important;background-repeat: no-repeat !important;background-size: cover !important;}&#8221; el_class=&#8221;cabecera&#8221;][vc_column css=&#8221;.vc_custom_1621932560241{margin-top: -15px !important;}&#8221;][vc_single_image image=&#8221;16500&#8243; img_size=&#8221;70X70&#8243; alignment=&#8221;center&#8221;][vc_custom_heading text=&#8221;PORTE PADILLA&#8221; font_container=&#8221;tag:h1|text_align:center|color:%23ffffff&#8221; use_theme_fonts=&#8221;yes&#8221;][vc_custom_heading text=&#8221;Leader nell&#8217;innovazione e nell&#8217;internazionalizzazione con qualit\u00e0 certificata&#8221; font_container=&#8221;tag:h3|text_align:center|color:%23ffffff&#8221; use_theme_fonts=&#8221;yes&#8221;][vc_separator color=&#8221;white&#8221; border_width=&#8221;3&#8243; el_width=&#8221;10&#8243;][\/vc_column][\/vc_row][vc_row content_text_aligment=&#8221;center&#8221;][vc_column][vc_custom_heading text=&#8221;L&#8217;AZIENDA&#8221; font_container=&#8221;tag:h2|text_align:center|color:%23000000&#8243; use_theme_fonts=&#8221;yes&#8221;][vc_row_inner row_content_width=&#8221;grid&#8221; content_text_aligment=&#8221;left&#8221; css=&#8221;.vc_custom_1701680312762{padding-top: [&hellip;]","og_url":"https:\/\/ppadilla.es\/it\/porte-padilla\/","og_site_name":"Puertas Padilla","article_modified_time":"2024-07-16T07:49:11+00:00","twitter_card":"summary_large_image","twitter_misc":{"Tempo di lettura stimato":"3 minuti"},"schema":{"@context":"https:\/\/schema.org","@graph":[{"@type":"WebPage","@id":"https:\/\/ppadilla.es\/it\/porte-padilla\/","url":"https:\/\/ppadilla.es\/it\/porte-padilla\/","name":"Porte Padilla - Puertas Padilla","isPartOf":{"@id":"https:\/\/ppadilla.es\/#website"},"primaryImageOfPage":{"@id":"https:\/\/ppadilla.es\/it\/porte-padilla\/#primaryimage"},"image":{"@id":"https:\/\/ppadilla.es\/it\/porte-padilla\/#primaryimage"},"thumbnailUrl":"https:\/\/ppadilla.es\/wp-content\/uploads\/2025\/03\/fotos-abc.jpg","datePublished":"2024-07-12T09:46:17+00:00","dateModified":"2024-07-16T07:49:11+00:00","breadcrumb":{"@id":"https:\/\/ppadilla.es\/it\/porte-padilla\/#breadcrumb"},"inLanguage":"it-IT","potentialAction":[{"@type":"ReadAction","target":["https:\/\/ppadilla.es\/it\/porte-padilla\/"]}]},{"@type":"ImageObject","inLanguage":"it-IT","@id":"https:\/\/ppadilla.es\/it\/porte-padilla\/#primaryimage","url":"https:\/\/ppadilla.es\/wp-content\/uploads\/2025\/03\/fotos-abc.jpg","contentUrl":"https:\/\/ppadilla.es\/wp-content\/uploads\/2025\/03\/fotos-abc.jpg","width":980,"height":499},{"@type":"BreadcrumbList","@id":"https:\/\/ppadilla.es\/it\/porte-padilla\/#breadcrumb","itemListElement":[{"@type":"ListItem","position":1,"name":"Portada","item":"https:\/\/ppadilla.es\/it\/"},{"@type":"ListItem","position":2,"name":"Porte Padilla"}]},{"@type":"WebSite","@id":"https:\/\/ppadilla.es\/#website","url":"https:\/\/ppadilla.es\/","name":"Puertas Padilla","description":"L\u00cdDERES EN PUERTAS CORTAFUEGOS","potentialAction":[{"@type":"SearchAction","target":{"@type":"EntryPoint","urlTemplate":"https:\/\/ppadilla.es\/?s={search_term_string}"},"query-input":{"@type":"PropertyValueSpecification","valueRequired":true,"valueName":"search_term_string"}}],"inLanguage":"it-IT"}]}},"_links":{"self":[{"href":"https:\/\/ppadilla.es\/it\/wp-json\/wp\/v2\/pages\/16749","targetHints":{"allow":["GET"]}}],"collection":[{"href":"https:\/\/ppadilla.es\/it\/wp-json\/wp\/v2\/pages"}],"about":[{"href":"https:\/\/ppadilla.es\/it\/wp-json\/wp\/v2\/types\/page"}],"author":[{"embeddable":true,"href":"https:\/\/ppadilla.es\/it\/wp-json\/wp\/v2\/users\/1"}],"replies":[{"embeddable":true,"href":"https:\/\/ppadilla.es\/it\/wp-json\/wp\/v2\/comments?post=16749"}],"version-history":[{"count":8,"href":"https:\/\/ppadilla.es\/it\/wp-json\/wp\/v2\/pages\/16749\/revisions"}],"predecessor-version":[{"id":16826,"href":"https:\/\/ppadilla.es\/it\/wp-json\/wp\/v2\/pages\/16749\/revisions\/16826"}],"wp:featuredmedia":[{"embeddable":true,"href":"https:\/\/ppadilla.es\/it\/wp-json\/wp\/v2\/media\/17402"}],"wp:attachment":[{"href":"https:\/\/ppadilla.es\/it\/wp-json\/wp\/v2\/media?parent=16749"}],"curies":[{"name":"wp","href":"https:\/\/api.w.org\/{rel}","templated":true}]}}