{"id":16705,"date":"2024-07-12T09:44:12","date_gmt":"2024-07-12T09:44:12","guid":{"rendered":"https:\/\/ppadilla.es\/notizie\/"},"modified":"2024-07-16T08:02:23","modified_gmt":"2024-07-16T08:02:23","slug":"notizie","status":"publish","type":"page","link":"https:\/\/ppadilla.es\/it\/notizie\/","title":{"rendered":"Notizie"},"content":{"rendered":"<div class=\"wpb-content-wrapper\"><p>[vc_row css=&#8221;.vc_custom_1698927051864{padding-top: 100px !important;padding-right: 0px !important;padding-bottom: 100px !important;background-image: url(https:\/\/ppadilla.es\/wp-content\/uploads\/2023\/11\/CABECERA-ACTUALIDAD-DETALLE1.png?id=10817) !important;}&#8221;][vc_column][vc_single_image image=&#8221;16500&#8243; img_size=&#8221;70&#215;70&#8243; alignment=&#8221;center&#8221;][vc_custom_heading text=&#8221;TUTTE LE ULTIME NOTIZIE DA PUERTAS PADILLA&#8221; font_container=&#8221;tag:h1|text_align:center|color:%23ffffff&#8221; use_theme_fonts=&#8221;yes&#8221;][vc_separator color=&#8221;custom&#8221; border_width=&#8221;3&#8243; el_width=&#8221;10&#8243; accent_color=&#8221;#ffffff&#8221;][\/vc_column][\/vc_row][vc_row content_text_aligment=&#8221;center&#8221; css=&#8221;.vc_custom_1618890140501{padding-top: 110px !important;padding-bottom: 79px !important;}&#8221;][vc_column][vc_row_inner row_content_width=&#8221;grid&#8221;][vc_column_inner offset=&#8221;vc_col-lg-offset-3 vc_col-lg-6 vc_col-md-offset-2 vc_col-md-8&#8243;][vc_custom_heading text=&#8221;ULTIME NOTIZIE&#8221; font_container=&#8221;tag:h2|text_align:center|color:%23000000&#8243; use_theme_fonts=&#8221;yes&#8221;]<div class=\"eltdf-separator-holder clearfix  eltdf-separator-center eltdf-separator-normal\">\n\t<div class=\"eltdf-separator\" style=\"border-color: #000000;width: 100px\"><\/div>\n<\/div>\n[vc_column_text]Rimani aggiornato sulle ultime novit\u00e0 e sugli sviluppi tecnici dell&#8217;azienda spagnola leader nel settore delle porte blindate. Padilla Doors, garantiamo il tuo benessere.[\/vc_column_text][\/vc_column_inner][\/vc_row_inner][vc_empty_space height=&#8221;69px&#8221;][vc_row_inner row_content_width=&#8221;grid&#8221; content_text_aligment=&#8221;left&#8221;][vc_column_inner]<div class=\"eltdf-blog-list-holder  eltdf-blog-list-columns-3 eltdf-blog-list-normal-space eltdf-standard\" data-max-num-pages= 3 data-next-page= 2 data-type= standard data-number-of-posts= 6 data-number-of-columns= 3 data-image-size= landscape data-order-by= date data-order= DESC data-category= noticias data-title-tag= h4 data-text-length= 139 data-post-info-section= yes data-post-info-author= no data-post-info-date= yes data-post-info-category= yes data-post-info-comments= no data-post-info-like= no data-post-info-share= no data-post-info-tags= no data-enable-read-more-button= yes data-enable-load-more-button= no >\n\t\t<div class=\"eltdf-blh-inner\">\n\t\t<ul class=\"eltdf-blog-list\">\n\t\t\t\t<li class=\"eltdf-bli clearfix\">\n\t<div class=\"eltdf-bli-inner\">\n\t\t\t\t\t<div class=\"eltdf-bli-image\">\n\t\t\t\t<a itemprop=\"url\" href=\"https:\/\/ppadilla.es\/it\/padilla-fire-doors-celebra-el-oro-de-hugo-quiros-en-el-master-sub-13-de-dobles\/\">\n\t\t\t\t\t<img loading=\"lazy\" decoding=\"async\" width=\"639\" height=\"355\" src=\"https:\/\/ppadilla.es\/wp-content\/plugins\/anibal-img\/includes\/img-comp\/uploads\/2026\/01\/Captura-de-pantalla-2026-01-22-124356.webp\" class=\"attachment-ambient_elated_landscape size-ambient_elated_landscape wp-post-image\" alt=\"\" \/>\t\t\t\t<\/a>\n\t\t\t<\/div>\n\t\t\t\t<div class=\"eltdf-item-text-holder\">\n\t\t\t\t\t\t\t<div class=\"eltdf-bli-info\">\n\t\t\t\t\t<div itemprop=\"dateCreated\" class=\"eltdf-post-info-date entry-date published updated\"><a itemprop=\"url\" href=\"https:\/\/ppadilla.es\/it\/2026\/01\/\">23 Gennaio 2026<\/a><meta itemprop=\"interactionCount\" content=\"UserComments: 0\"\/><\/div><div class=\"eltdf-post-info-category\"><a href=\"https:\/\/ppadilla.es\/it\/category\/notizie\/\" rel=\"category tag\">Notizie<\/a><\/div>\t\t\t\t<\/div>\n\t\t\t\n\t\t\t<h4 itemprop=\"name\" class=\"eltdf-bli-title entry-title\" >\n\t\t\t\t<span class=\"eltdf-bli-title-inner\"><a itemprop=\"url\" href=\"https:\/\/ppadilla.es\/it\/padilla-fire-doors-celebra-el-oro-de-hugo-quiros-en-el-master-sub-13-de-dobles\/\" title=\"Padilla Fire Doors festeggia la medaglia d&#8217;oro di Hugo Quir\u00f3s nel Master di Doppio Under 13\">Padilla Fire Doors festeggia la medaglia d&#8217;oro di Hugo Quir\u00f3s nel Master di Doppio Under 13<\/a><\/span>\n\t\t\t<\/h4>\n\n\t\t\t\t\t\t\t<div class=\"eltdf-bli-excerpt-holder\"><p itemprop=\"description\" class=\"eltdf-bli-excerpt\">Il giocatore del Padilla Fire Doors Cartagena \u00e8 stato proclamato campione del Master di Badminton U-13 tenutosi a Nigr\u00e1n (Pontevedra). Hu<\/p><\/div>\n\t\t\t\n\t\t\t\n\t\t\t\t\t\t\t<div class=\"eltdf-bli-read-more-holder\">\n\t\t\t\t\t<a class=\"eltdf-btn eltdf-btn-medium eltdf-btn-simple\" href=\"https:\/\/ppadilla.es\/it\/padilla-fire-doors-celebra-el-oro-de-hugo-quiros-en-el-master-sub-13-de-dobles\/\" target=\"_self\"><span class=\"eltdf-btn-text\">Read More<\/span><\/a>\n\t\t\t\t<\/div>\n\t\t\t\t\t<\/div>\n\t<\/div>\t\n<\/li><li class=\"eltdf-bli clearfix\">\n\t<div class=\"eltdf-bli-inner\">\n\t\t\t\t\t<div class=\"eltdf-bli-image\">\n\t\t\t\t<a itemprop=\"url\" href=\"https:\/\/ppadilla.es\/it\/el-papa-leon-recibe-a-gines-padilla-comprometido-con-proyectos-de-solidaridad-en-peru\/\">\n\t\t\t\t\t<img loading=\"lazy\" decoding=\"async\" width=\"800\" height=\"600\" src=\"https:\/\/ppadilla.es\/wp-content\/plugins\/anibal-img\/includes\/img-comp\/uploads\/2025\/11\/FOTOGRAFIA-ANTONIO-SOLANO-EDITADA-8-800x600.webp\" class=\"attachment-ambient_elated_landscape size-ambient_elated_landscape wp-post-image\" alt=\"\" \/>\t\t\t\t<\/a>\n\t\t\t<\/div>\n\t\t\t\t<div class=\"eltdf-item-text-holder\">\n\t\t\t\t\t\t\t<div class=\"eltdf-bli-info\">\n\t\t\t\t\t<div itemprop=\"dateCreated\" class=\"eltdf-post-info-date entry-date published updated\"><a itemprop=\"url\" href=\"https:\/\/ppadilla.es\/it\/2025\/11\/\">20 Novembre 2025<\/a><meta itemprop=\"interactionCount\" content=\"UserComments: 0\"\/><\/div><div class=\"eltdf-post-info-category\"><a href=\"https:\/\/ppadilla.es\/it\/category\/notizie\/\" rel=\"category tag\">Notizie<\/a><\/div>\t\t\t\t<\/div>\n\t\t\t\n\t\t\t<h4 itemprop=\"name\" class=\"eltdf-bli-title entry-title\" >\n\t\t\t\t<span class=\"eltdf-bli-title-inner\"><a itemprop=\"url\" href=\"https:\/\/ppadilla.es\/it\/el-papa-leon-recibe-a-gines-padilla-comprometido-con-proyectos-de-solidaridad-en-peru\/\" title=\"El Papa Le\u00f3n recibe a Gines Padilla, comprometido con proyectos de solidaridad en Per\u00fa\">El Papa Le\u00f3n recibe a Gines Padilla, comprometido con proyectos de solidaridad en Per\u00fa<\/a><\/span>\n\t\t\t<\/h4>\n\n\t\t\t\t\t\t\t<div class=\"eltdf-bli-excerpt-holder\"><p itemprop=\"description\" class=\"eltdf-bli-excerpt\">El presidente de Puertas Padilla reafirma ante el Pont\u00edfice el compromiso humanitario de la empresa en Per\u00fa, centrado en la educaci\u00f3n, l<\/p><\/div>\n\t\t\t\n\t\t\t\n\t\t\t\t\t\t\t<div class=\"eltdf-bli-read-more-holder\">\n\t\t\t\t\t<a class=\"eltdf-btn eltdf-btn-medium eltdf-btn-simple\" href=\"https:\/\/ppadilla.es\/it\/el-papa-leon-recibe-a-gines-padilla-comprometido-con-proyectos-de-solidaridad-en-peru\/\" target=\"_self\"><span class=\"eltdf-btn-text\">Read More<\/span><\/a>\n\t\t\t\t<\/div>\n\t\t\t\t\t<\/div>\n\t<\/div>\t\n<\/li><li class=\"eltdf-bli clearfix\">\n\t<div class=\"eltdf-bli-inner\">\n\t\t\t\t\t<div class=\"eltdf-bli-image\">\n\t\t\t\t<a itemprop=\"url\" href=\"https:\/\/ppadilla.es\/it\/puertas-padilla-ejemplo-de-relevo-y-liderazgo-familiar-en-los-premios-herentia-2025\/\">\n\t\t\t\t\t<img loading=\"lazy\" decoding=\"async\" width=\"800\" height=\"600\" src=\"https:\/\/ppadilla.es\/wp-content\/uploads\/2025\/11\/1762591024484-1-800x600.webp\" class=\"attachment-ambient_elated_landscape size-ambient_elated_landscape wp-post-image\" alt=\"1762591024484\" srcset=\"https:\/\/ppadilla.es\/wp-content\/uploads\/2025\/11\/1762591024484-1-800x600.webp 800w, https:\/\/ppadilla.es\/wp-content\/uploads\/2025\/11\/1762591024484-1-300x225.webp 300w, https:\/\/ppadilla.es\/wp-content\/uploads\/2025\/11\/1762591024484-1-1024x768.webp 1024w, https:\/\/ppadilla.es\/wp-content\/uploads\/2025\/11\/1762591024484-1-768x576.webp 768w, https:\/\/ppadilla.es\/wp-content\/uploads\/2025\/11\/1762591024484-1.webp 1280w\" sizes=\"auto, (max-width: 800px) 100vw, 800px\" \/>\t\t\t\t<\/a>\n\t\t\t<\/div>\n\t\t\t\t<div class=\"eltdf-item-text-holder\">\n\t\t\t\t\t\t\t<div class=\"eltdf-bli-info\">\n\t\t\t\t\t<div itemprop=\"dateCreated\" class=\"eltdf-post-info-date entry-date published updated\"><a itemprop=\"url\" href=\"https:\/\/ppadilla.es\/it\/2025\/11\/\">10 Novembre 2025<\/a><meta itemprop=\"interactionCount\" content=\"UserComments: 0\"\/><\/div><div class=\"eltdf-post-info-category\"><a href=\"https:\/\/ppadilla.es\/it\/category\/notizie\/\" rel=\"category tag\">Notizie<\/a><\/div>\t\t\t\t<\/div>\n\t\t\t\n\t\t\t<h4 itemprop=\"name\" class=\"eltdf-bli-title entry-title\" >\n\t\t\t\t<span class=\"eltdf-bli-title-inner\"><a itemprop=\"url\" href=\"https:\/\/ppadilla.es\/it\/puertas-padilla-ejemplo-de-relevo-y-liderazgo-familiar-en-los-premios-herentia-2025\/\" title=\"Puertas Padilla, un esempio di leadership familiare ai Premi Herentia 2025\">Puertas Padilla, un esempio di leadership familiare ai Premi Herentia 2025<\/a><\/span>\n\t\t\t<\/h4>\n\n\t\t\t\t\t\t\t<div class=\"eltdf-bli-excerpt-holder\"><p itemprop=\"description\" class=\"eltdf-bli-excerpt\">L&#8217;azienda murciana riceve il premio Business Family per il suo curriculum, il suo impegno nell&#8217;innovazione e il suo impegno per<\/p><\/div>\n\t\t\t\n\t\t\t\n\t\t\t\t\t\t\t<div class=\"eltdf-bli-read-more-holder\">\n\t\t\t\t\t<a class=\"eltdf-btn eltdf-btn-medium eltdf-btn-simple\" href=\"https:\/\/ppadilla.es\/it\/puertas-padilla-ejemplo-de-relevo-y-liderazgo-familiar-en-los-premios-herentia-2025\/\" target=\"_self\"><span class=\"eltdf-btn-text\">Read More<\/span><\/a>\n\t\t\t\t<\/div>\n\t\t\t\t\t<\/div>\n\t<\/div>\t\n<\/li><li class=\"eltdf-bli clearfix\">\n\t<div class=\"eltdf-bli-inner\">\n\t\t\t\t\t<div class=\"eltdf-bli-image\">\n\t\t\t\t<a itemprop=\"url\" href=\"https:\/\/ppadilla.es\/it\/amefmur-otorga-el-premio-familia-empresaria-a-puertas-padilla\/\">\n\t\t\t\t\t<img loading=\"lazy\" decoding=\"async\" width=\"800\" height=\"534\" src=\"https:\/\/ppadilla.es\/wp-content\/uploads\/2025\/11\/FOTO.webp\" class=\"attachment-ambient_elated_landscape size-ambient_elated_landscape wp-post-image\" alt=\"FOTO\" srcset=\"https:\/\/ppadilla.es\/wp-content\/uploads\/2025\/11\/FOTO.webp 800w, https:\/\/ppadilla.es\/wp-content\/uploads\/2025\/11\/FOTO-300x200.webp 300w, https:\/\/ppadilla.es\/wp-content\/uploads\/2025\/11\/FOTO-768x513.webp 768w\" sizes=\"auto, (max-width: 800px) 100vw, 800px\" \/>\t\t\t\t<\/a>\n\t\t\t<\/div>\n\t\t\t\t<div class=\"eltdf-item-text-holder\">\n\t\t\t\t\t\t\t<div class=\"eltdf-bli-info\">\n\t\t\t\t\t<div itemprop=\"dateCreated\" class=\"eltdf-post-info-date entry-date published updated\"><a itemprop=\"url\" href=\"https:\/\/ppadilla.es\/it\/2025\/11\/\">3 Novembre 2025<\/a><meta itemprop=\"interactionCount\" content=\"UserComments: 0\"\/><\/div><div class=\"eltdf-post-info-category\"><a href=\"https:\/\/ppadilla.es\/it\/category\/notizie\/\" rel=\"category tag\">Notizie<\/a><\/div>\t\t\t\t<\/div>\n\t\t\t\n\t\t\t<h4 itemprop=\"name\" class=\"eltdf-bli-title entry-title\" >\n\t\t\t\t<span class=\"eltdf-bli-title-inner\"><a itemprop=\"url\" href=\"https:\/\/ppadilla.es\/it\/amefmur-otorga-el-premio-familia-empresaria-a-puertas-padilla\/\" title=\"Amefmur assegna il premio Business Family a Puertas Padilla\">Amefmur assegna il premio Business Family a Puertas Padilla<\/a><\/span>\n\t\t\t<\/h4>\n\n\t\t\t\t\t\t\t<div class=\"eltdf-bli-excerpt-holder\"><p itemprop=\"description\" class=\"eltdf-bli-excerpt\">Il premio sar\u00e0 consegnato durante il gala degli Herentia Awards, che si terr\u00e0 venerd\u00ec 7 novembre presso la Finca Buenavista. L&#8217;Ass<\/p><\/div>\n\t\t\t\n\t\t\t\n\t\t\t\t\t\t\t<div class=\"eltdf-bli-read-more-holder\">\n\t\t\t\t\t<a class=\"eltdf-btn eltdf-btn-medium eltdf-btn-simple\" href=\"https:\/\/ppadilla.es\/it\/amefmur-otorga-el-premio-familia-empresaria-a-puertas-padilla\/\" target=\"_self\"><span class=\"eltdf-btn-text\">Read More<\/span><\/a>\n\t\t\t\t<\/div>\n\t\t\t\t\t<\/div>\n\t<\/div>\t\n<\/li><li class=\"eltdf-bli clearfix\">\n\t<div class=\"eltdf-bli-inner\">\n\t\t\t\t\t<div class=\"eltdf-bli-image\">\n\t\t\t\t<a itemprop=\"url\" href=\"https:\/\/ppadilla.es\/it\/padilla-fire-doors-inaugura-su-nuevo-showroom-en-parma-y-consolida-su-presencia-en-el-mercado-europeo\/\">\n\t\t\t\t\t<img loading=\"lazy\" decoding=\"async\" width=\"800\" height=\"600\" src=\"https:\/\/ppadilla.es\/wp-content\/uploads\/2025\/10\/Photostaff-313-800x600.webp\" class=\"attachment-ambient_elated_landscape size-ambient_elated_landscape wp-post-image\" alt=\"Photostaff-313\" \/>\t\t\t\t<\/a>\n\t\t\t<\/div>\n\t\t\t\t<div class=\"eltdf-item-text-holder\">\n\t\t\t\t\t\t\t<div class=\"eltdf-bli-info\">\n\t\t\t\t\t<div itemprop=\"dateCreated\" class=\"eltdf-post-info-date entry-date published updated\"><a itemprop=\"url\" href=\"https:\/\/ppadilla.es\/it\/2025\/10\/\">1 Ottobre 2025<\/a><meta itemprop=\"interactionCount\" content=\"UserComments: 0\"\/><\/div><div class=\"eltdf-post-info-category\"><a href=\"https:\/\/ppadilla.es\/it\/category\/notizie\/\" rel=\"category tag\">Notizie<\/a><\/div>\t\t\t\t<\/div>\n\t\t\t\n\t\t\t<h4 itemprop=\"name\" class=\"eltdf-bli-title entry-title\" >\n\t\t\t\t<span class=\"eltdf-bli-title-inner\"><a itemprop=\"url\" href=\"https:\/\/ppadilla.es\/it\/padilla-fire-doors-inaugura-su-nuevo-showroom-en-parma-y-consolida-su-presencia-en-el-mercado-europeo\/\" title=\"Padilla Fire Doors inaugura su nuevo showroom en Parma y consolida su presencia en el mercado europeo\">Padilla Fire Doors inaugura su nuevo showroom en Parma y consolida su presencia en el mercado europeo<\/a><\/span>\n\t\t\t<\/h4>\n\n\t\t\t\t\t\t\t<div class=\"eltdf-bli-excerpt-holder\"><p itemprop=\"description\" class=\"eltdf-bli-excerpt\">La empresa cartagenera Padilla Fire Doors, con presencia en m\u00e1s de 60 pa\u00edses y un crecimiento superior al 30% anual en Italia, ha partici<\/p><\/div>\n\t\t\t\n\t\t\t\n\t\t\t\t\t\t\t<div class=\"eltdf-bli-read-more-holder\">\n\t\t\t\t\t<a class=\"eltdf-btn eltdf-btn-medium eltdf-btn-simple\" href=\"https:\/\/ppadilla.es\/it\/padilla-fire-doors-inaugura-su-nuevo-showroom-en-parma-y-consolida-su-presencia-en-el-mercado-europeo\/\" target=\"_self\"><span class=\"eltdf-btn-text\">Read More<\/span><\/a>\n\t\t\t\t<\/div>\n\t\t\t\t\t<\/div>\n\t<\/div>\t\n<\/li><li class=\"eltdf-bli clearfix\">\n\t<div class=\"eltdf-bli-inner\">\n\t\t\t\t\t<div class=\"eltdf-bli-image\">\n\t\t\t\t<a itemprop=\"url\" href=\"https:\/\/ppadilla.es\/it\/puertas-para-hospitales-innovacion-y-tecnologia\/\">\n\t\t\t\t\t<img loading=\"lazy\" decoding=\"async\" width=\"800\" height=\"600\" src=\"https:\/\/ppadilla.es\/wp-content\/uploads\/2025\/09\/WhatsApp-Image-2025-09-09-at-10.52.40-5-800x600.webp\" class=\"attachment-ambient_elated_landscape size-ambient_elated_landscape wp-post-image\" alt=\"\" \/>\t\t\t\t<\/a>\n\t\t\t<\/div>\n\t\t\t\t<div class=\"eltdf-item-text-holder\">\n\t\t\t\t\t\t\t<div class=\"eltdf-bli-info\">\n\t\t\t\t\t<div itemprop=\"dateCreated\" class=\"eltdf-post-info-date entry-date published updated\"><a itemprop=\"url\" href=\"https:\/\/ppadilla.es\/it\/2025\/09\/\">25 Settembre 2025<\/a><meta itemprop=\"interactionCount\" content=\"UserComments: 0\"\/><\/div><div class=\"eltdf-post-info-category\"><a href=\"https:\/\/ppadilla.es\/it\/category\/notizie\/\" rel=\"category tag\">Notizie<\/a><\/div>\t\t\t\t<\/div>\n\t\t\t\n\t\t\t<h4 itemprop=\"name\" class=\"eltdf-bli-title entry-title\" >\n\t\t\t\t<span class=\"eltdf-bli-title-inner\"><a itemprop=\"url\" href=\"https:\/\/ppadilla.es\/it\/puertas-para-hospitales-innovacion-y-tecnologia\/\" title=\"Puertas para hospitales: innovaci\u00f3n y tecnolog\u00eda al servicio del sector sanitario\">Puertas para hospitales: innovaci\u00f3n y tecnolog\u00eda al servicio del sector sanitario<\/a><\/span>\n\t\t\t<\/h4>\n\n\t\t\t\t\t\t\t<div class=\"eltdf-bli-excerpt-holder\"><p itemprop=\"description\" class=\"eltdf-bli-excerpt\">Desde Puertas Padilla fabricamos puertas t\u00e9cnicas y revestimientos que combinan seguridad, higiene y durabilidad, incorporando innovacione<\/p><\/div>\n\t\t\t\n\t\t\t\n\t\t\t\t\t\t\t<div class=\"eltdf-bli-read-more-holder\">\n\t\t\t\t\t<a class=\"eltdf-btn eltdf-btn-medium eltdf-btn-simple\" href=\"https:\/\/ppadilla.es\/it\/puertas-para-hospitales-innovacion-y-tecnologia\/\" target=\"_self\"><span class=\"eltdf-btn-text\">Read More<\/span><\/a>\n\t\t\t\t<\/div>\n\t\t\t\t\t<\/div>\n\t<\/div>\t\n<\/li>\t<\/ul>\n\t\t<\/div>\n\t\t<\/div>[\/vc_column_inner][\/vc_row_inner][\/vc_column][\/vc_row]<\/p>\n<\/div>","protected":false},"excerpt":{"rendered":"<p>[vc_row css=&#8221;.vc_custom_1698927051864{padding-top: 100px !important;padding-right: 0px !important;padding-bottom: 100px !important;background-image: url(https:\/\/ppadilla.es\/wp-content\/uploads\/2023\/11\/CABECERA-ACTUALIDAD-DETALLE1.png?id=10817) !important;}&#8221;][vc_column][vc_single_image image=&#8221;16500&#8243; img_size=&#8221;70&#215;70&#8243; alignment=&#8221;center&#8221;][vc_custom_heading text=&#8221;TUTTE LE ULTIME NOTIZIE DA PUERTAS PADILLA&#8221; font_container=&#8221;tag:h1|text_align:center|color:%23ffffff&#8221; use_theme_fonts=&#8221;yes&#8221;][vc_separator color=&#8221;custom&#8221; border_width=&#8221;3&#8243; el_width=&#8221;10&#8243; accent_color=&#8221;#ffffff&#8221;][\/vc_column][\/vc_row][vc_row content_text_aligment=&#8221;center&#8221; css=&#8221;.vc_custom_1618890140501{padding-top: 110px !important;padding-bottom: 79px !important;}&#8221;][vc_column][vc_row_inner row_content_width=&#8221;grid&#8221;][vc_column_inner offset=&#8221;vc_col-lg-offset-3 vc_col-lg-6 vc_col-md-offset-2 vc_col-md-8&#8243;][vc_custom_heading text=&#8221;ULTIME NOTIZIE&#8221; font_container=&#8221;tag:h2|text_align:center|color:%23000000&#8243; use_theme_fonts=&#8221;yes&#8221;][vc_column_text]Rimani aggiornato sulle ultime novit\u00e0 [&hellip;]<\/p>\n","protected":false},"author":1,"featured_media":0,"parent":0,"menu_order":0,"comment_status":"closed","ping_status":"closed","template":"full-width.php","meta":{"_acf_changed":false,"footnotes":""},"class_list":["post-16705","page","type-page","status-publish","hentry"],"acf":[],"yoast_head":"<!-- This site is optimized with the Yoast SEO plugin v26.8 - https:\/\/yoast.com\/product\/yoast-seo-wordpress\/ -->\n<title>Notizie - Puertas Padilla<\/title>\n<meta name=\"robots\" content=\"index, follow, max-snippet:-1, max-image-preview:large, max-video-preview:-1\" \/>\n<link rel=\"canonical\" href=\"https:\/\/ppadilla.es\/it\/notizie\/\" \/>\n<meta property=\"og:locale\" content=\"it_IT\" \/>\n<meta property=\"og:type\" content=\"article\" \/>\n<meta property=\"og:title\" content=\"Notizie - Puertas Padilla\" \/>\n<meta property=\"og:description\" content=\"[vc_row css=&#8221;.vc_custom_1698927051864{padding-top: 100px !important;padding-right: 0px !important;padding-bottom: 100px !important;background-image: url(https:\/\/ppadilla.es\/wp-content\/uploads\/2023\/11\/CABECERA-ACTUALIDAD-DETALLE1.png?id=10817) !important;}&#8221;][vc_column][vc_single_image image=&#8221;16500&#8243; img_size=&#8221;70&#215;70&#8243; alignment=&#8221;center&#8221;][vc_custom_heading text=&#8221;TUTTE LE ULTIME NOTIZIE DA PUERTAS PADILLA&#8221; font_container=&#8221;tag:h1|text_align:center|color:%23ffffff&#8221; use_theme_fonts=&#8221;yes&#8221;][vc_separator color=&#8221;custom&#8221; border_width=&#8221;3&#8243; el_width=&#8221;10&#8243; accent_color=&#8221;#ffffff&#8221;][\/vc_column][\/vc_row][vc_row content_text_aligment=&#8221;center&#8221; css=&#8221;.vc_custom_1618890140501{padding-top: 110px !important;padding-bottom: 79px !important;}&#8221;][vc_column][vc_row_inner row_content_width=&#8221;grid&#8221;][vc_column_inner offset=&#8221;vc_col-lg-offset-3 vc_col-lg-6 vc_col-md-offset-2 vc_col-md-8&#8243;][vc_custom_heading text=&#8221;ULTIME NOTIZIE&#8221; font_container=&#8221;tag:h2|text_align:center|color:%23000000&#8243; use_theme_fonts=&#8221;yes&#8221;][vc_column_text]Rimani aggiornato sulle ultime novit\u00e0 [&hellip;]\" \/>\n<meta property=\"og:url\" content=\"https:\/\/ppadilla.es\/it\/notizie\/\" \/>\n<meta property=\"og:site_name\" content=\"Puertas Padilla\" \/>\n<meta property=\"article:modified_time\" content=\"2024-07-16T08:02:23+00:00\" \/>\n<meta name=\"twitter:card\" content=\"summary_large_image\" \/>\n<meta name=\"twitter:label1\" content=\"Tempo di lettura stimato\" \/>\n\t<meta name=\"twitter:data1\" content=\"1 minuto\" \/>\n<script type=\"application\/ld+json\" class=\"yoast-schema-graph\">{\"@context\":\"https:\/\/schema.org\",\"@graph\":[{\"@type\":\"WebPage\",\"@id\":\"https:\/\/ppadilla.es\/it\/notizie\/\",\"url\":\"https:\/\/ppadilla.es\/it\/notizie\/\",\"name\":\"Notizie - Puertas Padilla\",\"isPartOf\":{\"@id\":\"https:\/\/ppadilla.es\/#website\"},\"datePublished\":\"2024-07-12T09:44:12+00:00\",\"dateModified\":\"2024-07-16T08:02:23+00:00\",\"breadcrumb\":{\"@id\":\"https:\/\/ppadilla.es\/it\/notizie\/#breadcrumb\"},\"inLanguage\":\"it-IT\",\"potentialAction\":[{\"@type\":\"ReadAction\",\"target\":[\"https:\/\/ppadilla.es\/it\/notizie\/\"]}]},{\"@type\":\"BreadcrumbList\",\"@id\":\"https:\/\/ppadilla.es\/it\/notizie\/#breadcrumb\",\"itemListElement\":[{\"@type\":\"ListItem\",\"position\":1,\"name\":\"Portada\",\"item\":\"https:\/\/ppadilla.es\/it\/\"},{\"@type\":\"ListItem\",\"position\":2,\"name\":\"Notizie\"}]},{\"@type\":\"WebSite\",\"@id\":\"https:\/\/ppadilla.es\/#website\",\"url\":\"https:\/\/ppadilla.es\/\",\"name\":\"Puertas Padilla\",\"description\":\"L\u00cdDERES EN PUERTAS CORTAFUEGOS\",\"potentialAction\":[{\"@type\":\"SearchAction\",\"target\":{\"@type\":\"EntryPoint\",\"urlTemplate\":\"https:\/\/ppadilla.es\/?s={search_term_string}\"},\"query-input\":{\"@type\":\"PropertyValueSpecification\",\"valueRequired\":true,\"valueName\":\"search_term_string\"}}],\"inLanguage\":\"it-IT\"}]}<\/script>\n<!-- \/ Yoast SEO plugin. -->","yoast_head_json":{"title":"Notizie - Puertas Padilla","robots":{"index":"index","follow":"follow","max-snippet":"max-snippet:-1","max-image-preview":"max-image-preview:large","max-video-preview":"max-video-preview:-1"},"canonical":"https:\/\/ppadilla.es\/it\/notizie\/","og_locale":"it_IT","og_type":"article","og_title":"Notizie - Puertas Padilla","og_description":"[vc_row css=&#8221;.vc_custom_1698927051864{padding-top: 100px !important;padding-right: 0px !important;padding-bottom: 100px !important;background-image: url(https:\/\/ppadilla.es\/wp-content\/uploads\/2023\/11\/CABECERA-ACTUALIDAD-DETALLE1.png?id=10817) !important;}&#8221;][vc_column][vc_single_image image=&#8221;16500&#8243; img_size=&#8221;70&#215;70&#8243; alignment=&#8221;center&#8221;][vc_custom_heading text=&#8221;TUTTE LE ULTIME NOTIZIE DA PUERTAS PADILLA&#8221; font_container=&#8221;tag:h1|text_align:center|color:%23ffffff&#8221; use_theme_fonts=&#8221;yes&#8221;][vc_separator color=&#8221;custom&#8221; border_width=&#8221;3&#8243; el_width=&#8221;10&#8243; accent_color=&#8221;#ffffff&#8221;][\/vc_column][\/vc_row][vc_row content_text_aligment=&#8221;center&#8221; css=&#8221;.vc_custom_1618890140501{padding-top: 110px !important;padding-bottom: 79px !important;}&#8221;][vc_column][vc_row_inner row_content_width=&#8221;grid&#8221;][vc_column_inner offset=&#8221;vc_col-lg-offset-3 vc_col-lg-6 vc_col-md-offset-2 vc_col-md-8&#8243;][vc_custom_heading text=&#8221;ULTIME NOTIZIE&#8221; font_container=&#8221;tag:h2|text_align:center|color:%23000000&#8243; use_theme_fonts=&#8221;yes&#8221;][vc_column_text]Rimani aggiornato sulle ultime novit\u00e0 [&hellip;]","og_url":"https:\/\/ppadilla.es\/it\/notizie\/","og_site_name":"Puertas Padilla","article_modified_time":"2024-07-16T08:02:23+00:00","twitter_card":"summary_large_image","twitter_misc":{"Tempo di lettura stimato":"1 minuto"},"schema":{"@context":"https:\/\/schema.org","@graph":[{"@type":"WebPage","@id":"https:\/\/ppadilla.es\/it\/notizie\/","url":"https:\/\/ppadilla.es\/it\/notizie\/","name":"Notizie - Puertas Padilla","isPartOf":{"@id":"https:\/\/ppadilla.es\/#website"},"datePublished":"2024-07-12T09:44:12+00:00","dateModified":"2024-07-16T08:02:23+00:00","breadcrumb":{"@id":"https:\/\/ppadilla.es\/it\/notizie\/#breadcrumb"},"inLanguage":"it-IT","potentialAction":[{"@type":"ReadAction","target":["https:\/\/ppadilla.es\/it\/notizie\/"]}]},{"@type":"BreadcrumbList","@id":"https:\/\/ppadilla.es\/it\/notizie\/#breadcrumb","itemListElement":[{"@type":"ListItem","position":1,"name":"Portada","item":"https:\/\/ppadilla.es\/it\/"},{"@type":"ListItem","position":2,"name":"Notizie"}]},{"@type":"WebSite","@id":"https:\/\/ppadilla.es\/#website","url":"https:\/\/ppadilla.es\/","name":"Puertas Padilla","description":"L\u00cdDERES EN PUERTAS CORTAFUEGOS","potentialAction":[{"@type":"SearchAction","target":{"@type":"EntryPoint","urlTemplate":"https:\/\/ppadilla.es\/?s={search_term_string}"},"query-input":{"@type":"PropertyValueSpecification","valueRequired":true,"valueName":"search_term_string"}}],"inLanguage":"it-IT"}]}},"_links":{"self":[{"href":"https:\/\/ppadilla.es\/it\/wp-json\/wp\/v2\/pages\/16705","targetHints":{"allow":["GET"]}}],"collection":[{"href":"https:\/\/ppadilla.es\/it\/wp-json\/wp\/v2\/pages"}],"about":[{"href":"https:\/\/ppadilla.es\/it\/wp-json\/wp\/v2\/types\/page"}],"author":[{"embeddable":true,"href":"https:\/\/ppadilla.es\/it\/wp-json\/wp\/v2\/users\/1"}],"replies":[{"embeddable":true,"href":"https:\/\/ppadilla.es\/it\/wp-json\/wp\/v2\/comments?post=16705"}],"version-history":[{"count":7,"href":"https:\/\/ppadilla.es\/it\/wp-json\/wp\/v2\/pages\/16705\/revisions"}],"predecessor-version":[{"id":16712,"href":"https:\/\/ppadilla.es\/it\/wp-json\/wp\/v2\/pages\/16705\/revisions\/16712"}],"wp:attachment":[{"href":"https:\/\/ppadilla.es\/it\/wp-json\/wp\/v2\/media?parent=16705"}],"curies":[{"name":"wp","href":"https:\/\/api.w.org\/{rel}","templated":true}]}}