{"id":18324,"date":"2026-04-22T07:35:42","date_gmt":"2026-04-22T07:35:42","guid":{"rendered":"https:\/\/ppadilla.es\/?page_id=18324"},"modified":"2026-04-22T07:35:42","modified_gmt":"2026-04-22T07:35:42","slug":"politique-de-confidentialite","status":"publish","type":"page","link":"https:\/\/ppadilla.es\/fr\/politique-de-confidentialite\/","title":{"rendered":"Politique de confidentialit\u00e9"},"content":{"rendered":"<div class=\"wpb-content-wrapper\"><p>[vc_row css=\u00a0\u00bb.vc_custom_1708598241874{padding-top: 100px !important;padding-bottom: 100px !important;background-color: #515151 !important;}\u00a0\u00bb][vc_column][vc_single_image image=\u00a0\u00bb15125&Prime; img_size=\u00a0\u00bb70X70&Prime; alignment=\u00a0\u00bbcenter\u00a0\u00bb][vc_custom_heading text=\u00a0\u00bbPOLITIQUE DE CONFIDENTIALIT\u00c9\u00a0\u00bb font_container=\u00a0\u00bbtag:h1|text_align:center|color:%23ffffff\u00a0\u00bb use_theme_fonts=\u00a0\u00bbyes\u00a0\u00bb][vc_separator color=\u00a0\u00bbwhite\u00a0\u00bb border_width=\u00a0\u00bb3&Prime; el_width=\u00a0\u00bb10&Prime;][\/vc_column][\/vc_row][vc_row row_content_width=\u00a0\u00bbgrid\u00a0\u00bb css=\u00a0\u00bb.vc_custom_1708599322800{padding-top: 70px !important;padding-right: 30px !important;padding-bottom: 70px !important;padding-left: 30px !important;}\u00a0\u00bb][vc_column][vc_column_text]<\/p>\n<h3>1. INFORMATIONS \u00c0 L\u2019UTILISATEUR<\/h3>\n<p>Qui est responsable du traitement de vos donn\u00e9es personnelles ?<\/p>\n<p>PUERTAS PADILLA, S.L. est le RESPONSABLE du traitement des donn\u00e9es personnelles de l\u2019UTILISATEUR et vous informe que ces donn\u00e9es seront trait\u00e9es conform\u00e9ment au R\u00e8glement (UE) 2016\/679 du 27 avril (RGPD) et \u00e0 la Loi organique 3\/2018 du 5 d\u00e9cembre (LOPDGDD).<\/p>\n<p>Pourquoi traitons-nous vos donn\u00e9es personnelles et sur quelle base ?<\/p>\n<p>Selon le formulaire \u00e0 partir duquel vos donn\u00e9es ont \u00e9t\u00e9 collect\u00e9es, elles seront trait\u00e9es de mani\u00e8re confidentielle aux fins suivantes :<\/p>\n<p>Dans le formulaire de contact :<\/p>\n<p>&#8211; R\u00e9pondre aux demandes ou toute requ\u00eate effectu\u00e9e par l\u2019utilisateur via les moyens de contact disponibles sur le site web (int\u00e9r\u00eat l\u00e9gitime du responsable, art. 6.1.f RGPD).<br \/>\n&#8211; Envoyer des communications commerciales par e-mail, fax, SMS, MMS, r\u00e9seaux sociaux ou tout autre moyen \u00e9lectronique ou physique. Ces communications seront effectu\u00e9es par le responsable et concerneront ses produits et services ou ceux de ses partenaires ou fournisseurs ayant conclu des accords promotionnels. Les tiers n\u2019auront jamais acc\u00e8s aux donn\u00e9es personnelles (consentement de la personne concern\u00e9e, art. 6.1.a RGPD).<br \/>\n&#8211; R\u00e9aliser des analyses statistiques et des \u00e9tudes de march\u00e9 (int\u00e9r\u00eat l\u00e9gitime du responsable, art. 6.1.f RGPD).<\/p>\n<p>Combien de temps conservons-nous vos donn\u00e9es personnelles ?<\/p>\n<p>Les donn\u00e9es sont conserv\u00e9es uniquement pendant la dur\u00e9e n\u00e9cessaire \u00e0 la finalit\u00e9 du traitement ou tant que des obligations l\u00e9gales l\u2019exigent. Une fois cette dur\u00e9e expir\u00e9e, elles sont supprim\u00e9es de mani\u00e8re s\u00e9curis\u00e9e ou anonymis\u00e9es.<\/p>\n<p>\u00c0 qui communiquons-nous vos donn\u00e9es personnelles ?<\/p>\n<p>Aucune donn\u00e9e personnelle ne sera communiqu\u00e9e \u00e0 des tiers, sauf si cela est n\u00e9cessaire \u00e0 la r\u00e9alisation des finalit\u00e9s du traitement, auquel cas elles pourront \u00eatre transmises \u00e0 des prestataires de services li\u00e9s aux communications, tous soumis \u00e0 des obligations strictes de confidentialit\u00e9 et de traitement des donn\u00e9es.<\/p>\n<p>Quels sont vos droits ?<\/p>\n<p>L\u2019UTILISATEUR dispose des droits suivants :<\/p>\n<p>&#8211; Retirer son consentement \u00e0 tout moment<br \/>\n&#8211; Acc\u00e9der \u00e0 ses donn\u00e9es, les rectifier, les transf\u00e9rer ou les supprimer, ainsi que limiter ou s\u2019opposer \u00e0 leur traitement<br \/>\n&#8211; Introduire une r\u00e9clamation aupr\u00e8s de l\u2019autorit\u00e9 de contr\u00f4le (www.aepd.es) s\u2019il estime que le traitement n\u2019est pas conforme \u00e0 la r\u00e9glementation<\/p>\n<p>Coordonn\u00e9es pour exercer vos droits :<\/p>\n<p>PUERTAS PADILLA, S.L.<br \/>\nAv. Constituci\u00f3n Espa\u00f1ola 73, 30330 Cartagena (Murcia), Espagne<br \/>\nE-mail : rgpd@ppadilla.es<\/p>\n<p>&#8212;<\/p>\n<h3>2. CARACT\u00c8RE OBLIGATOIRE OU FACULTATIF DES INFORMATIONS FOURNIES PAR L\u2019UTILISATEUR<\/h3>\n<p>Les utilisateurs, en cochant les cases correspondantes et en saisissant leurs donn\u00e9es dans les champs marqu\u00e9s d\u2019un ast\u00e9risque (*) des formulaires de contact ou de t\u00e9l\u00e9chargement, acceptent express\u00e9ment et librement que ces donn\u00e9es sont n\u00e9cessaires au traitement de leur demande. Les autres champs sont facultatifs.<\/p>\n<p>L\u2019UTILISATEUR garantit que les donn\u00e9es personnelles fournies sont exactes et s\u2019engage \u00e0 informer de toute modification.<\/p>\n<p>Le RESPONSABLE informe que toutes les donn\u00e9es demand\u00e9es via le site sont obligatoires afin de fournir un service optimal. En cas de non-fourniture de ces donn\u00e9es, le service ne pourra pas \u00eatre garanti dans son int\u00e9gralit\u00e9.<\/p>\n<p>&#8212;<\/p>\n<h3>3. MESURES DE S\u00c9CURIT\u00c9<\/h3>\n<p>Conform\u00e9ment \u00e0 la r\u00e9glementation en vigueur en mati\u00e8re de protection des donn\u00e9es, le RESPONSABLE respecte le RGPD et la LOPDGDD dans le traitement des donn\u00e9es personnelles et applique les principes de l\u2019article 5 du RGPD, garantissant un traitement licite, loyal et transparent, ainsi que des donn\u00e9es ad\u00e9quates, pertinentes et limit\u00e9es au strict n\u00e9cessaire.<\/p>\n<p>Le RESPONSABLE garantit avoir mis en place les mesures techniques et organisationnelles appropri\u00e9es pour assurer la s\u00e9curit\u00e9 des donn\u00e9es personnelles et prot\u00e9ger les droits et libert\u00e9s des UTILISATEURS, en leur fournissant les informations n\u00e9cessaires pour les exercer.<\/p>\n<p>Pour plus d\u2019informations sur la protection des donn\u00e9es :<\/p>\n<p>PUERTAS PADILLA, S.L.<br \/>\nAv. Constituci\u00f3n Espa\u00f1ola 73, 30330 Cartagena (Murcia), Espagne<br \/>\nE-mail : rgpd@ppadilla.es<\/p>\n<p>[\/vc_column_text][\/vc_column][\/vc_row]<\/p>\n<\/div>","protected":false},"excerpt":{"rendered":"<p>[vc_row css=\u00a0\u00bb.vc_custom_1708598241874{padding-top: 100px !important;padding-bottom: 100px !important;background-color: #515151 !important;}\u00a0\u00bb][vc_column][vc_single_image image=\u00a0\u00bb15125&Prime; img_size=\u00a0\u00bb70X70&Prime; alignment=\u00a0\u00bbcenter\u00a0\u00bb][vc_custom_heading text=\u00a0\u00bbPOLITIQUE DE CONFIDENTIALIT\u00c9\u00a0\u00bb font_container=\u00a0\u00bbtag:h1|text_align:center|color:%23ffffff\u00a0\u00bb use_theme_fonts=\u00a0\u00bbyes\u00a0\u00bb][vc_separator color=\u00a0\u00bbwhite\u00a0\u00bb border_width=\u00a0\u00bb3&Prime; el_width=\u00a0\u00bb10&Prime;][\/vc_column][\/vc_row][vc_row row_content_width=\u00a0\u00bbgrid\u00a0\u00bb css=\u00a0\u00bb.vc_custom_1708599322800{padding-top: 70px !important;padding-right: 30px !important;padding-bottom: 70px !important;padding-left: 30px !important;}\u00a0\u00bb][vc_column][vc_column_text] 1. INFORMATIONS \u00c0 L\u2019UTILISATEUR Qui est responsable du traitement de vos donn\u00e9es personnelles ? PUERTAS PADILLA, [&hellip;]<\/p>\n","protected":false},"author":9,"featured_media":0,"parent":0,"menu_order":0,"comment_status":"closed","ping_status":"closed","template":"full-width.php","meta":{"_acf_changed":false,"footnotes":""},"class_list":["post-18324","page","type-page","status-publish","hentry"],"acf":[],"yoast_head":"<!-- This site is optimized with the Yoast SEO plugin v26.8 - https:\/\/yoast.com\/product\/yoast-seo-wordpress\/ -->\n<title>Politique de confidentialit\u00e9 | PADILLA Fire Doors<\/title>\n<meta name=\"description\" content=\"Politique de confidentialit\u00e9 du site PADILLA Fire Doors d\u00e9taillant la collecte, le traitement et la conservation des donn\u00e9es personnelles ainsi que les droits des utilisateurs conform\u00e9ment au RGPD.\" \/>\n<meta name=\"robots\" content=\"index, follow, max-snippet:-1, max-image-preview:large, max-video-preview:-1\" \/>\n<link rel=\"canonical\" href=\"https:\/\/ppadilla.es\/fr\/politique-de-confidentialite\/\" \/>\n<meta property=\"og:locale\" content=\"fr_FR\" \/>\n<meta property=\"og:type\" content=\"article\" \/>\n<meta property=\"og:title\" content=\"Politique de confidentialit\u00e9 | PADILLA Fire Doors\" \/>\n<meta property=\"og:description\" content=\"Politique de confidentialit\u00e9 du site PADILLA Fire Doors d\u00e9taillant la collecte, le traitement et la conservation des donn\u00e9es personnelles ainsi que les droits des utilisateurs conform\u00e9ment au RGPD.\" \/>\n<meta property=\"og:url\" content=\"https:\/\/ppadilla.es\/fr\/politique-de-confidentialite\/\" \/>\n<meta property=\"og:site_name\" content=\"Puertas Padilla\" \/>\n<meta name=\"twitter:card\" content=\"summary_large_image\" \/>\n<meta name=\"twitter:label1\" content=\"Dur\u00e9e de lecture estim\u00e9e\" \/>\n\t<meta name=\"twitter:data1\" content=\"3 minutes\" \/>\n<script type=\"application\/ld+json\" class=\"yoast-schema-graph\">{\"@context\":\"https:\/\/schema.org\",\"@graph\":[{\"@type\":\"WebPage\",\"@id\":\"https:\/\/ppadilla.es\/fr\/politique-de-confidentialite\/\",\"url\":\"https:\/\/ppadilla.es\/fr\/politique-de-confidentialite\/\",\"name\":\"Politique de confidentialit\u00e9 | PADILLA Fire Doors\",\"isPartOf\":{\"@id\":\"https:\/\/ppadilla.es\/#website\"},\"datePublished\":\"2026-04-22T07:35:42+00:00\",\"description\":\"Politique de confidentialit\u00e9 du site PADILLA Fire Doors d\u00e9taillant la collecte, le traitement et la conservation des donn\u00e9es personnelles ainsi que les droits des utilisateurs conform\u00e9ment au RGPD.\",\"breadcrumb\":{\"@id\":\"https:\/\/ppadilla.es\/fr\/politique-de-confidentialite\/#breadcrumb\"},\"inLanguage\":\"fr-FR\",\"potentialAction\":[{\"@type\":\"ReadAction\",\"target\":[\"https:\/\/ppadilla.es\/fr\/politique-de-confidentialite\/\"]}]},{\"@type\":\"BreadcrumbList\",\"@id\":\"https:\/\/ppadilla.es\/fr\/politique-de-confidentialite\/#breadcrumb\",\"itemListElement\":[{\"@type\":\"ListItem\",\"position\":1,\"name\":\"Portada\",\"item\":\"https:\/\/ppadilla.es\/fr\/\"},{\"@type\":\"ListItem\",\"position\":2,\"name\":\"Politique de confidentialit\u00e9\"}]},{\"@type\":\"WebSite\",\"@id\":\"https:\/\/ppadilla.es\/#website\",\"url\":\"https:\/\/ppadilla.es\/\",\"name\":\"Puertas Padilla\",\"description\":\"L\u00cdDERES EN PUERTAS CORTAFUEGOS\",\"potentialAction\":[{\"@type\":\"SearchAction\",\"target\":{\"@type\":\"EntryPoint\",\"urlTemplate\":\"https:\/\/ppadilla.es\/?s={search_term_string}\"},\"query-input\":{\"@type\":\"PropertyValueSpecification\",\"valueRequired\":true,\"valueName\":\"search_term_string\"}}],\"inLanguage\":\"fr-FR\"}]}<\/script>\n<!-- \/ Yoast SEO plugin. -->","yoast_head_json":{"title":"Politique de confidentialit\u00e9 | PADILLA Fire Doors","description":"Politique de confidentialit\u00e9 du site PADILLA Fire Doors d\u00e9taillant la collecte, le traitement et la conservation des donn\u00e9es personnelles ainsi que les droits des utilisateurs conform\u00e9ment au RGPD.","robots":{"index":"index","follow":"follow","max-snippet":"max-snippet:-1","max-image-preview":"max-image-preview:large","max-video-preview":"max-video-preview:-1"},"canonical":"https:\/\/ppadilla.es\/fr\/politique-de-confidentialite\/","og_locale":"fr_FR","og_type":"article","og_title":"Politique de confidentialit\u00e9 | PADILLA Fire Doors","og_description":"Politique de confidentialit\u00e9 du site PADILLA Fire Doors d\u00e9taillant la collecte, le traitement et la conservation des donn\u00e9es personnelles ainsi que les droits des utilisateurs conform\u00e9ment au RGPD.","og_url":"https:\/\/ppadilla.es\/fr\/politique-de-confidentialite\/","og_site_name":"Puertas Padilla","twitter_card":"summary_large_image","twitter_misc":{"Dur\u00e9e de lecture estim\u00e9e":"3 minutes"},"schema":{"@context":"https:\/\/schema.org","@graph":[{"@type":"WebPage","@id":"https:\/\/ppadilla.es\/fr\/politique-de-confidentialite\/","url":"https:\/\/ppadilla.es\/fr\/politique-de-confidentialite\/","name":"Politique de confidentialit\u00e9 | PADILLA Fire Doors","isPartOf":{"@id":"https:\/\/ppadilla.es\/#website"},"datePublished":"2026-04-22T07:35:42+00:00","description":"Politique de confidentialit\u00e9 du site PADILLA Fire Doors d\u00e9taillant la collecte, le traitement et la conservation des donn\u00e9es personnelles ainsi que les droits des utilisateurs conform\u00e9ment au RGPD.","breadcrumb":{"@id":"https:\/\/ppadilla.es\/fr\/politique-de-confidentialite\/#breadcrumb"},"inLanguage":"fr-FR","potentialAction":[{"@type":"ReadAction","target":["https:\/\/ppadilla.es\/fr\/politique-de-confidentialite\/"]}]},{"@type":"BreadcrumbList","@id":"https:\/\/ppadilla.es\/fr\/politique-de-confidentialite\/#breadcrumb","itemListElement":[{"@type":"ListItem","position":1,"name":"Portada","item":"https:\/\/ppadilla.es\/fr\/"},{"@type":"ListItem","position":2,"name":"Politique de confidentialit\u00e9"}]},{"@type":"WebSite","@id":"https:\/\/ppadilla.es\/#website","url":"https:\/\/ppadilla.es\/","name":"Puertas Padilla","description":"L\u00cdDERES EN PUERTAS CORTAFUEGOS","potentialAction":[{"@type":"SearchAction","target":{"@type":"EntryPoint","urlTemplate":"https:\/\/ppadilla.es\/?s={search_term_string}"},"query-input":{"@type":"PropertyValueSpecification","valueRequired":true,"valueName":"search_term_string"}}],"inLanguage":"fr-FR"}]}},"_links":{"self":[{"href":"https:\/\/ppadilla.es\/fr\/wp-json\/wp\/v2\/pages\/18324","targetHints":{"allow":["GET"]}}],"collection":[{"href":"https:\/\/ppadilla.es\/fr\/wp-json\/wp\/v2\/pages"}],"about":[{"href":"https:\/\/ppadilla.es\/fr\/wp-json\/wp\/v2\/types\/page"}],"author":[{"embeddable":true,"href":"https:\/\/ppadilla.es\/fr\/wp-json\/wp\/v2\/users\/9"}],"replies":[{"embeddable":true,"href":"https:\/\/ppadilla.es\/fr\/wp-json\/wp\/v2\/comments?post=18324"}],"version-history":[{"count":2,"href":"https:\/\/ppadilla.es\/fr\/wp-json\/wp\/v2\/pages\/18324\/revisions"}],"predecessor-version":[{"id":18329,"href":"https:\/\/ppadilla.es\/fr\/wp-json\/wp\/v2\/pages\/18324\/revisions\/18329"}],"wp:attachment":[{"href":"https:\/\/ppadilla.es\/fr\/wp-json\/wp\/v2\/media?parent=18324"}],"curies":[{"name":"wp","href":"https:\/\/api.w.org\/{rel}","templated":true}]}}