{"id":14119,"date":"2024-04-05T13:10:53","date_gmt":"2024-04-05T13:10:53","guid":{"rendered":"https:\/\/ppadilla.es\/actualites\/"},"modified":"2024-07-01T11:24:49","modified_gmt":"2024-07-01T11:24:49","slug":"actualites","status":"publish","type":"page","link":"https:\/\/ppadilla.es\/fr\/actualites\/","title":{"rendered":"Actualit\u00e9s"},"content":{"rendered":"<div class=\"wpb-content-wrapper\"><p>[vc_row css=\u00a0\u00bb.vc_custom_1698927051864{padding-top: 100px !important;padding-right: 0px !important;padding-bottom: 100px !important;background-image: url(https:\/\/ppadilla.es\/wp-content\/uploads\/2023\/11\/CABECERA-ACTUALIDAD-DETALLE1.png?id=10817) !important;}\u00a0\u00bb][vc_column][vc_single_image image=\u00a0\u00bb15125&Prime; img_size=\u00a0\u00bb70&#215;70&Prime; alignment=\u00a0\u00bbcenter\u00a0\u00bb][vc_custom_heading text=\u00a0\u00bbTOUTES L&rsquo;ACTUALIT\u00c9 DE PADILLA FIRE DOORS\u00a0\u00bb font_container=\u00a0\u00bbtag:h1|text_align:center|color:%23ffffff\u00a0\u00bb use_theme_fonts=\u00a0\u00bbyes\u00a0\u00bb][vc_separator color=\u00a0\u00bbcustom\u00a0\u00bb border_width=\u00a0\u00bb3&Prime; el_width=\u00a0\u00bb10&Prime; accent_color=\u00a0\u00bb#ffffff\u00a0\u00bb][\/vc_column][\/vc_row][vc_row content_text_aligment=\u00a0\u00bbcenter\u00a0\u00bb css=\u00a0\u00bb.vc_custom_1618890140501{padding-top: 110px !important;padding-bottom: 79px !important;}\u00a0\u00bb][vc_column][vc_row_inner row_content_width=\u00a0\u00bbgrid\u00a0\u00bb][vc_column_inner offset=\u00a0\u00bbvc_col-lg-offset-3 vc_col-lg-6 vc_col-md-offset-2 vc_col-md-8&Prime;][vc_custom_heading text=\u00a0\u00bbDERNI\u00c8RES NOUVELLES\u00a0\u00bb font_container=\u00a0\u00bbtag:h2|text_align:center|color:%23000000&Prime; use_theme_fonts=\u00a0\u00bbyes\u00a0\u00bb]<div class=\"eltdf-separator-holder clearfix  eltdf-separator-center eltdf-separator-normal\">\n\t<div class=\"eltdf-separator\" style=\"border-color: #000000;width: 100px\"><\/div>\n<\/div>\n[vc_column_text]Restez \u00e0 l&rsquo;\u00e9coute des derni\u00e8res nouvelles et des d\u00e9veloppements techniques du leader Espagnol des portes de s\u00e9curit\u00e9. Padilla Fire Doors, nous veillons sur votre bien-\u00eatre.[\/vc_column_text][\/vc_column_inner][\/vc_row_inner][vc_empty_space height=\u00a0\u00bb69px\u00a0\u00bb][vc_row_inner row_content_width=\u00a0\u00bbgrid\u00a0\u00bb content_text_aligment=\u00a0\u00bbleft\u00a0\u00bb][vc_column_inner]<div class=\"eltdf-blog-list-holder  eltdf-blog-list-columns-3 eltdf-blog-list-normal-space eltdf-standard\" data-max-num-pages= 3 data-next-page= 2 data-type= standard data-number-of-posts= 6 data-number-of-columns= 3 data-image-size= landscape data-order-by= date data-order= DESC data-category= noticias data-title-tag= h4 data-text-length= 139 data-post-info-section= yes data-post-info-author= no data-post-info-date= yes data-post-info-category= yes data-post-info-comments= no data-post-info-like= no data-post-info-share= no data-post-info-tags= no data-enable-read-more-button= yes data-enable-load-more-button= no >\n\t\t<div class=\"eltdf-blh-inner\">\n\t\t<ul class=\"eltdf-blog-list\">\n\t\t\t\t<li class=\"eltdf-bli clearfix\">\n\t<div class=\"eltdf-bli-inner\">\n\t\t\t\t\t<div class=\"eltdf-bli-image\">\n\t\t\t\t<a itemprop=\"url\" href=\"https:\/\/ppadilla.es\/fr\/padilla-fire-doors-celebra-el-oro-de-hugo-quiros-en-el-master-sub-13-de-dobles\/\">\n\t\t\t\t\t<img loading=\"lazy\" decoding=\"async\" width=\"639\" height=\"355\" src=\"https:\/\/ppadilla.es\/wp-content\/plugins\/anibal-img\/includes\/img-comp\/uploads\/2026\/01\/Captura-de-pantalla-2026-01-22-124356.webp\" class=\"attachment-ambient_elated_landscape size-ambient_elated_landscape wp-post-image\" alt=\"\" \/>\t\t\t\t<\/a>\n\t\t\t<\/div>\n\t\t\t\t<div class=\"eltdf-item-text-holder\">\n\t\t\t\t\t\t\t<div class=\"eltdf-bli-info\">\n\t\t\t\t\t<div itemprop=\"dateCreated\" class=\"eltdf-post-info-date entry-date published updated\"><a itemprop=\"url\" href=\"https:\/\/ppadilla.es\/fr\/2026\/01\/\">23 janvier 2026<\/a><meta itemprop=\"interactionCount\" content=\"UserComments: 0\"\/><\/div><div class=\"eltdf-post-info-category\"><a href=\"https:\/\/ppadilla.es\/fr\/category\/actualites\/\" rel=\"category tag\">Actualit\u00e9s<\/a><\/div>\t\t\t\t<\/div>\n\t\t\t\n\t\t\t<h4 itemprop=\"name\" class=\"eltdf-bli-title entry-title\" >\n\t\t\t\t<span class=\"eltdf-bli-title-inner\"><a itemprop=\"url\" href=\"https:\/\/ppadilla.es\/fr\/padilla-fire-doors-celebra-el-oro-de-hugo-quiros-en-el-master-sub-13-de-dobles\/\" title=\"Padilla Fire Doors c\u00e9l\u00e8bre la m\u00e9daille d&rsquo;or d&rsquo;Hugo Quir\u00f3s au Masters de double des moins de 13 ans\">Padilla Fire Doors c\u00e9l\u00e8bre la m\u00e9daille d&rsquo;or d&rsquo;Hugo Quir\u00f3s au Masters de double des moins de 13 ans<\/a><\/span>\n\t\t\t<\/h4>\n\n\t\t\t\t\t\t\t<div class=\"eltdf-bli-excerpt-holder\"><p itemprop=\"description\" class=\"eltdf-bli-excerpt\">Le joueur de Padilla Fire Doors Cartagena est proclam\u00e9 champion du Masters de Badminton U-13 qui s&rsquo;est d\u00e9roul\u00e9 \u00e0 Nigr\u00e1n (Ponteve<\/p><\/div>\n\t\t\t\n\t\t\t\n\t\t\t\t\t\t\t<div class=\"eltdf-bli-read-more-holder\">\n\t\t\t\t\t<a class=\"eltdf-btn eltdf-btn-medium eltdf-btn-simple\" href=\"https:\/\/ppadilla.es\/fr\/padilla-fire-doors-celebra-el-oro-de-hugo-quiros-en-el-master-sub-13-de-dobles\/\" target=\"_self\"><span class=\"eltdf-btn-text\">Read More<\/span><\/a>\n\t\t\t\t<\/div>\n\t\t\t\t\t<\/div>\n\t<\/div>\t\n<\/li><li class=\"eltdf-bli clearfix\">\n\t<div class=\"eltdf-bli-inner\">\n\t\t\t\t\t<div class=\"eltdf-bli-image\">\n\t\t\t\t<a itemprop=\"url\" href=\"https:\/\/ppadilla.es\/fr\/el-papa-leon-recibe-a-gines-padilla-comprometido-con-proyectos-de-solidaridad-en-peru\/\">\n\t\t\t\t\t<img loading=\"lazy\" decoding=\"async\" width=\"800\" height=\"600\" src=\"https:\/\/ppadilla.es\/wp-content\/plugins\/anibal-img\/includes\/img-comp\/uploads\/2025\/11\/FOTOGRAFIA-ANTONIO-SOLANO-EDITADA-8-800x600.webp\" class=\"attachment-ambient_elated_landscape size-ambient_elated_landscape wp-post-image\" alt=\"\" \/>\t\t\t\t<\/a>\n\t\t\t<\/div>\n\t\t\t\t<div class=\"eltdf-item-text-holder\">\n\t\t\t\t\t\t\t<div class=\"eltdf-bli-info\">\n\t\t\t\t\t<div itemprop=\"dateCreated\" class=\"eltdf-post-info-date entry-date published updated\"><a itemprop=\"url\" href=\"https:\/\/ppadilla.es\/fr\/2025\/11\/\">20 novembre 2025<\/a><meta itemprop=\"interactionCount\" content=\"UserComments: 0\"\/><\/div><div class=\"eltdf-post-info-category\"><a href=\"https:\/\/ppadilla.es\/fr\/category\/actualites\/\" rel=\"category tag\">Actualit\u00e9s<\/a><\/div>\t\t\t\t<\/div>\n\t\t\t\n\t\t\t<h4 itemprop=\"name\" class=\"eltdf-bli-title entry-title\" >\n\t\t\t\t<span class=\"eltdf-bli-title-inner\"><a itemprop=\"url\" href=\"https:\/\/ppadilla.es\/fr\/el-papa-leon-recibe-a-gines-padilla-comprometido-con-proyectos-de-solidaridad-en-peru\/\" title=\"Le pape L\u00e9on re\u00e7oit Gines Padilla, engag\u00e9 dans des projets de solidarit\u00e9 au P\u00e9rou\">Le pape L\u00e9on re\u00e7oit Gines Padilla, engag\u00e9 dans des projets de solidarit\u00e9 au P\u00e9rou<\/a><\/span>\n\t\t\t<\/h4>\n\n\t\t\t\t\t\t\t<div class=\"eltdf-bli-excerpt-holder\"><p itemprop=\"description\" class=\"eltdf-bli-excerpt\"><\/p><\/div>\n\t\t\t\n\t\t\t\n\t\t\t\t\t\t\t<div class=\"eltdf-bli-read-more-holder\">\n\t\t\t\t\t<a class=\"eltdf-btn eltdf-btn-medium eltdf-btn-simple\" href=\"https:\/\/ppadilla.es\/fr\/el-papa-leon-recibe-a-gines-padilla-comprometido-con-proyectos-de-solidaridad-en-peru\/\" target=\"_self\"><span class=\"eltdf-btn-text\">Read More<\/span><\/a>\n\t\t\t\t<\/div>\n\t\t\t\t\t<\/div>\n\t<\/div>\t\n<\/li><li class=\"eltdf-bli clearfix\">\n\t<div class=\"eltdf-bli-inner\">\n\t\t\t\t\t<div class=\"eltdf-bli-image\">\n\t\t\t\t<a itemprop=\"url\" href=\"https:\/\/ppadilla.es\/fr\/puertas-padilla-ejemplo-de-relevo-y-liderazgo-familiar-en-los-premios-herentia-2025\/\">\n\t\t\t\t\t<img loading=\"lazy\" decoding=\"async\" width=\"800\" height=\"600\" src=\"https:\/\/ppadilla.es\/wp-content\/uploads\/2025\/11\/1762591024484-1-800x600.webp\" class=\"attachment-ambient_elated_landscape size-ambient_elated_landscape wp-post-image\" alt=\"1762591024484\" srcset=\"https:\/\/ppadilla.es\/wp-content\/uploads\/2025\/11\/1762591024484-1-800x600.webp 800w, https:\/\/ppadilla.es\/wp-content\/uploads\/2025\/11\/1762591024484-1-300x225.webp 300w, https:\/\/ppadilla.es\/wp-content\/uploads\/2025\/11\/1762591024484-1-1024x768.webp 1024w, https:\/\/ppadilla.es\/wp-content\/uploads\/2025\/11\/1762591024484-1-768x576.webp 768w, https:\/\/ppadilla.es\/wp-content\/uploads\/2025\/11\/1762591024484-1.webp 1280w\" sizes=\"auto, (max-width: 800px) 100vw, 800px\" \/>\t\t\t\t<\/a>\n\t\t\t<\/div>\n\t\t\t\t<div class=\"eltdf-item-text-holder\">\n\t\t\t\t\t\t\t<div class=\"eltdf-bli-info\">\n\t\t\t\t\t<div itemprop=\"dateCreated\" class=\"eltdf-post-info-date entry-date published updated\"><a itemprop=\"url\" href=\"https:\/\/ppadilla.es\/fr\/2025\/11\/\">10 novembre 2025<\/a><meta itemprop=\"interactionCount\" content=\"UserComments: 0\"\/><\/div><div class=\"eltdf-post-info-category\"><a href=\"https:\/\/ppadilla.es\/fr\/category\/actualites\/\" rel=\"category tag\">Actualit\u00e9s<\/a><\/div>\t\t\t\t<\/div>\n\t\t\t\n\t\t\t<h4 itemprop=\"name\" class=\"eltdf-bli-title entry-title\" >\n\t\t\t\t<span class=\"eltdf-bli-title-inner\"><a itemprop=\"url\" href=\"https:\/\/ppadilla.es\/fr\/puertas-padilla-ejemplo-de-relevo-y-liderazgo-familiar-en-los-premios-herentia-2025\/\" title=\"Puertas Padilla, un exemple de leadership familial lors de la remise des prix Herentia 2025\">Puertas Padilla, un exemple de leadership familial lors de la remise des prix Herentia 2025<\/a><\/span>\n\t\t\t<\/h4>\n\n\t\t\t\t\t\t\t<div class=\"eltdf-bli-excerpt-holder\"><p itemprop=\"description\" class=\"eltdf-bli-excerpt\">L&rsquo;entreprise murcienne re\u00e7oit le prix Business Family pour ses r\u00e9sultats, son engagement dans l&rsquo;innovation et son engagement <\/p><\/div>\n\t\t\t\n\t\t\t\n\t\t\t\t\t\t\t<div class=\"eltdf-bli-read-more-holder\">\n\t\t\t\t\t<a class=\"eltdf-btn eltdf-btn-medium eltdf-btn-simple\" href=\"https:\/\/ppadilla.es\/fr\/puertas-padilla-ejemplo-de-relevo-y-liderazgo-familiar-en-los-premios-herentia-2025\/\" target=\"_self\"><span class=\"eltdf-btn-text\">Read More<\/span><\/a>\n\t\t\t\t<\/div>\n\t\t\t\t\t<\/div>\n\t<\/div>\t\n<\/li><li class=\"eltdf-bli clearfix\">\n\t<div class=\"eltdf-bli-inner\">\n\t\t\t\t\t<div class=\"eltdf-bli-image\">\n\t\t\t\t<a itemprop=\"url\" href=\"https:\/\/ppadilla.es\/fr\/amefmur-otorga-el-premio-familia-empresaria-a-puertas-padilla\/\">\n\t\t\t\t\t<img loading=\"lazy\" decoding=\"async\" width=\"800\" height=\"534\" src=\"https:\/\/ppadilla.es\/wp-content\/uploads\/2025\/11\/FOTO.webp\" class=\"attachment-ambient_elated_landscape size-ambient_elated_landscape wp-post-image\" alt=\"FOTO\" srcset=\"https:\/\/ppadilla.es\/wp-content\/uploads\/2025\/11\/FOTO.webp 800w, https:\/\/ppadilla.es\/wp-content\/uploads\/2025\/11\/FOTO-300x200.webp 300w, https:\/\/ppadilla.es\/wp-content\/uploads\/2025\/11\/FOTO-768x513.webp 768w\" sizes=\"auto, (max-width: 800px) 100vw, 800px\" \/>\t\t\t\t<\/a>\n\t\t\t<\/div>\n\t\t\t\t<div class=\"eltdf-item-text-holder\">\n\t\t\t\t\t\t\t<div class=\"eltdf-bli-info\">\n\t\t\t\t\t<div itemprop=\"dateCreated\" class=\"eltdf-post-info-date entry-date published updated\"><a itemprop=\"url\" href=\"https:\/\/ppadilla.es\/fr\/2025\/11\/\">3 novembre 2025<\/a><meta itemprop=\"interactionCount\" content=\"UserComments: 0\"\/><\/div><div class=\"eltdf-post-info-category\"><a href=\"https:\/\/ppadilla.es\/fr\/category\/actualites\/\" rel=\"category tag\">Actualit\u00e9s<\/a><\/div>\t\t\t\t<\/div>\n\t\t\t\n\t\t\t<h4 itemprop=\"name\" class=\"eltdf-bli-title entry-title\" >\n\t\t\t\t<span class=\"eltdf-bli-title-inner\"><a itemprop=\"url\" href=\"https:\/\/ppadilla.es\/fr\/amefmur-otorga-el-premio-familia-empresaria-a-puertas-padilla\/\" title=\"Amefmur d\u00e9cerne le prix de la famille entrepreneuriale \u00e0 Puertas Padilla\">Amefmur d\u00e9cerne le prix de la famille entrepreneuriale \u00e0 Puertas Padilla<\/a><\/span>\n\t\t\t<\/h4>\n\n\t\t\t\t\t\t\t<div class=\"eltdf-bli-excerpt-holder\"><p itemprop=\"description\" class=\"eltdf-bli-excerpt\">Le prix sera remis lors du gala des Herentia Awards, qui se tiendra ce vendredi 7 novembre \u00e0 la Finca Buenavista. L&rsquo;Association murc<\/p><\/div>\n\t\t\t\n\t\t\t\n\t\t\t\t\t\t\t<div class=\"eltdf-bli-read-more-holder\">\n\t\t\t\t\t<a class=\"eltdf-btn eltdf-btn-medium eltdf-btn-simple\" href=\"https:\/\/ppadilla.es\/fr\/amefmur-otorga-el-premio-familia-empresaria-a-puertas-padilla\/\" target=\"_self\"><span class=\"eltdf-btn-text\">Read More<\/span><\/a>\n\t\t\t\t<\/div>\n\t\t\t\t\t<\/div>\n\t<\/div>\t\n<\/li><li class=\"eltdf-bli clearfix\">\n\t<div class=\"eltdf-bli-inner\">\n\t\t\t\t\t<div class=\"eltdf-bli-image\">\n\t\t\t\t<a itemprop=\"url\" href=\"https:\/\/ppadilla.es\/fr\/padilla-fire-doors-inaugura-su-nuevo-showroom-en-parma-y-consolida-su-presencia-en-el-mercado-europeo\/\">\n\t\t\t\t\t<img loading=\"lazy\" decoding=\"async\" width=\"800\" height=\"600\" src=\"https:\/\/ppadilla.es\/wp-content\/uploads\/2025\/10\/Photostaff-313-800x600.webp\" class=\"attachment-ambient_elated_landscape size-ambient_elated_landscape wp-post-image\" alt=\"Photostaff-313\" \/>\t\t\t\t<\/a>\n\t\t\t<\/div>\n\t\t\t\t<div class=\"eltdf-item-text-holder\">\n\t\t\t\t\t\t\t<div class=\"eltdf-bli-info\">\n\t\t\t\t\t<div itemprop=\"dateCreated\" class=\"eltdf-post-info-date entry-date published updated\"><a itemprop=\"url\" href=\"https:\/\/ppadilla.es\/fr\/2025\/10\/\">1 octobre 2025<\/a><meta itemprop=\"interactionCount\" content=\"UserComments: 0\"\/><\/div><div class=\"eltdf-post-info-category\"><a href=\"https:\/\/ppadilla.es\/fr\/category\/actualites\/\" rel=\"category tag\">Actualit\u00e9s<\/a><\/div>\t\t\t\t<\/div>\n\t\t\t\n\t\t\t<h4 itemprop=\"name\" class=\"eltdf-bli-title entry-title\" >\n\t\t\t\t<span class=\"eltdf-bli-title-inner\"><a itemprop=\"url\" href=\"https:\/\/ppadilla.es\/fr\/padilla-fire-doors-inaugura-su-nuevo-showroom-en-parma-y-consolida-su-presencia-en-el-mercado-europeo\/\" title=\"Padilla Fire Doors inaugura su nuevo showroom en Parma y consolida su presencia en el mercado europeo\">Padilla Fire Doors inaugura su nuevo showroom en Parma y consolida su presencia en el mercado europeo<\/a><\/span>\n\t\t\t<\/h4>\n\n\t\t\t\t\t\t\t<div class=\"eltdf-bli-excerpt-holder\"><p itemprop=\"description\" class=\"eltdf-bli-excerpt\">La empresa cartagenera Padilla Fire Doors, con presencia en m\u00e1s de 60 pa\u00edses y un crecimiento superior al 30% anual en Italia, ha partici<\/p><\/div>\n\t\t\t\n\t\t\t\n\t\t\t\t\t\t\t<div class=\"eltdf-bli-read-more-holder\">\n\t\t\t\t\t<a class=\"eltdf-btn eltdf-btn-medium eltdf-btn-simple\" href=\"https:\/\/ppadilla.es\/fr\/padilla-fire-doors-inaugura-su-nuevo-showroom-en-parma-y-consolida-su-presencia-en-el-mercado-europeo\/\" target=\"_self\"><span class=\"eltdf-btn-text\">Read More<\/span><\/a>\n\t\t\t\t<\/div>\n\t\t\t\t\t<\/div>\n\t<\/div>\t\n<\/li><li class=\"eltdf-bli clearfix\">\n\t<div class=\"eltdf-bli-inner\">\n\t\t\t\t\t<div class=\"eltdf-bli-image\">\n\t\t\t\t<a itemprop=\"url\" href=\"https:\/\/ppadilla.es\/fr\/puertas-para-hospitales-innovacion-y-tecnologia\/\">\n\t\t\t\t\t<img loading=\"lazy\" decoding=\"async\" width=\"800\" height=\"600\" src=\"https:\/\/ppadilla.es\/wp-content\/uploads\/2025\/09\/WhatsApp-Image-2025-09-09-at-10.52.40-5-800x600.webp\" class=\"attachment-ambient_elated_landscape size-ambient_elated_landscape wp-post-image\" alt=\"\" \/>\t\t\t\t<\/a>\n\t\t\t<\/div>\n\t\t\t\t<div class=\"eltdf-item-text-holder\">\n\t\t\t\t\t\t\t<div class=\"eltdf-bli-info\">\n\t\t\t\t\t<div itemprop=\"dateCreated\" class=\"eltdf-post-info-date entry-date published updated\"><a itemprop=\"url\" href=\"https:\/\/ppadilla.es\/fr\/2025\/09\/\">25 septembre 2025<\/a><meta itemprop=\"interactionCount\" content=\"UserComments: 0\"\/><\/div><div class=\"eltdf-post-info-category\"><a href=\"https:\/\/ppadilla.es\/fr\/category\/actualites\/\" rel=\"category tag\">Actualit\u00e9s<\/a><\/div>\t\t\t\t<\/div>\n\t\t\t\n\t\t\t<h4 itemprop=\"name\" class=\"eltdf-bli-title entry-title\" >\n\t\t\t\t<span class=\"eltdf-bli-title-inner\"><a itemprop=\"url\" href=\"https:\/\/ppadilla.es\/fr\/puertas-para-hospitales-innovacion-y-tecnologia\/\" title=\"Puertas para hospitales: innovaci\u00f3n y tecnolog\u00eda al servicio del sector sanitario\">Puertas para hospitales: innovaci\u00f3n y tecnolog\u00eda al servicio del sector sanitario<\/a><\/span>\n\t\t\t<\/h4>\n\n\t\t\t\t\t\t\t<div class=\"eltdf-bli-excerpt-holder\"><p itemprop=\"description\" class=\"eltdf-bli-excerpt\">Desde Puertas Padilla fabricamos puertas t\u00e9cnicas y revestimientos que combinan seguridad, higiene y durabilidad, incorporando innovacione<\/p><\/div>\n\t\t\t\n\t\t\t\n\t\t\t\t\t\t\t<div class=\"eltdf-bli-read-more-holder\">\n\t\t\t\t\t<a class=\"eltdf-btn eltdf-btn-medium eltdf-btn-simple\" href=\"https:\/\/ppadilla.es\/fr\/puertas-para-hospitales-innovacion-y-tecnologia\/\" target=\"_self\"><span class=\"eltdf-btn-text\">Read More<\/span><\/a>\n\t\t\t\t<\/div>\n\t\t\t\t\t<\/div>\n\t<\/div>\t\n<\/li>\t<\/ul>\n\t\t<\/div>\n\t\t<\/div>[\/vc_column_inner][\/vc_row_inner][\/vc_column][\/vc_row]<\/p>\n<\/div>","protected":false},"excerpt":{"rendered":"<p>[vc_row css=\u00a0\u00bb.vc_custom_1698927051864{padding-top: 100px !important;padding-right: 0px !important;padding-bottom: 100px !important;background-image: url(https:\/\/ppadilla.es\/wp-content\/uploads\/2023\/11\/CABECERA-ACTUALIDAD-DETALLE1.png?id=10817) !important;}\u00a0\u00bb][vc_column][vc_single_image image=\u00a0\u00bb15125&Prime; img_size=\u00a0\u00bb70&#215;70&Prime; alignment=\u00a0\u00bbcenter\u00a0\u00bb][vc_custom_heading text=\u00a0\u00bbTOUTES L&rsquo;ACTUALIT\u00c9 DE PADILLA FIRE DOORS\u00a0\u00bb font_container=\u00a0\u00bbtag:h1|text_align:center|color:%23ffffff\u00a0\u00bb use_theme_fonts=\u00a0\u00bbyes\u00a0\u00bb][vc_separator color=\u00a0\u00bbcustom\u00a0\u00bb border_width=\u00a0\u00bb3&Prime; el_width=\u00a0\u00bb10&Prime; accent_color=\u00a0\u00bb#ffffff\u00a0\u00bb][\/vc_column][\/vc_row][vc_row content_text_aligment=\u00a0\u00bbcenter\u00a0\u00bb css=\u00a0\u00bb.vc_custom_1618890140501{padding-top: 110px !important;padding-bottom: 79px !important;}\u00a0\u00bb][vc_column][vc_row_inner row_content_width=\u00a0\u00bbgrid\u00a0\u00bb][vc_column_inner offset=\u00a0\u00bbvc_col-lg-offset-3 vc_col-lg-6 vc_col-md-offset-2 vc_col-md-8&Prime;][vc_custom_heading text=\u00a0\u00bbDERNI\u00c8RES NOUVELLES\u00a0\u00bb font_container=\u00a0\u00bbtag:h2|text_align:center|color:%23000000&Prime; use_theme_fonts=\u00a0\u00bbyes\u00a0\u00bb][vc_column_text]Restez \u00e0 l&rsquo;\u00e9coute des derni\u00e8res nouvelles [&hellip;]<\/p>\n","protected":false},"author":1,"featured_media":0,"parent":0,"menu_order":0,"comment_status":"closed","ping_status":"closed","template":"full-width.php","meta":{"_acf_changed":false,"footnotes":""},"class_list":["post-14119","page","type-page","status-publish","hentry"],"acf":[],"yoast_head":"<!-- This site is optimized with the Yoast SEO plugin v26.8 - https:\/\/yoast.com\/product\/yoast-seo-wordpress\/ -->\n<title>Actualit\u00e9s - Puertas Padilla<\/title>\n<meta name=\"robots\" content=\"index, follow, max-snippet:-1, max-image-preview:large, max-video-preview:-1\" \/>\n<link rel=\"canonical\" href=\"https:\/\/ppadilla.es\/fr\/actualites\/\" \/>\n<meta property=\"og:locale\" content=\"fr_FR\" \/>\n<meta property=\"og:type\" content=\"article\" \/>\n<meta property=\"og:title\" content=\"Actualit\u00e9s - Puertas Padilla\" \/>\n<meta property=\"og:description\" content=\"[vc_row css=\u00a0\u00bb.vc_custom_1698927051864{padding-top: 100px !important;padding-right: 0px !important;padding-bottom: 100px !important;background-image: url(https:\/\/ppadilla.es\/wp-content\/uploads\/2023\/11\/CABECERA-ACTUALIDAD-DETALLE1.png?id=10817) !important;}\u00a0\u00bb][vc_column][vc_single_image image=\u00a0\u00bb15125&Prime; img_size=\u00a0\u00bb70&#215;70&Prime; alignment=\u00a0\u00bbcenter\u00a0\u00bb][vc_custom_heading text=\u00a0\u00bbTOUTES L&rsquo;ACTUALIT\u00c9 DE PADILLA FIRE DOORS\u00a0\u00bb font_container=\u00a0\u00bbtag:h1|text_align:center|color:%23ffffff\u00a0\u00bb use_theme_fonts=\u00a0\u00bbyes\u00a0\u00bb][vc_separator color=\u00a0\u00bbcustom\u00a0\u00bb border_width=\u00a0\u00bb3&Prime; el_width=\u00a0\u00bb10&Prime; accent_color=\u00a0\u00bb#ffffff\u00a0\u00bb][\/vc_column][\/vc_row][vc_row content_text_aligment=\u00a0\u00bbcenter\u00a0\u00bb css=\u00a0\u00bb.vc_custom_1618890140501{padding-top: 110px !important;padding-bottom: 79px !important;}\u00a0\u00bb][vc_column][vc_row_inner row_content_width=\u00a0\u00bbgrid\u00a0\u00bb][vc_column_inner offset=\u00a0\u00bbvc_col-lg-offset-3 vc_col-lg-6 vc_col-md-offset-2 vc_col-md-8&Prime;][vc_custom_heading text=\u00a0\u00bbDERNI\u00c8RES NOUVELLES\u00a0\u00bb font_container=\u00a0\u00bbtag:h2|text_align:center|color:%23000000&Prime; use_theme_fonts=\u00a0\u00bbyes\u00a0\u00bb][vc_column_text]Restez \u00e0 l&rsquo;\u00e9coute des derni\u00e8res nouvelles [&hellip;]\" \/>\n<meta property=\"og:url\" content=\"https:\/\/ppadilla.es\/fr\/actualites\/\" \/>\n<meta property=\"og:site_name\" content=\"Puertas Padilla\" \/>\n<meta property=\"article:modified_time\" content=\"2024-07-01T11:24:49+00:00\" \/>\n<meta name=\"twitter:card\" content=\"summary_large_image\" \/>\n<meta name=\"twitter:label1\" content=\"Dur\u00e9e de lecture estim\u00e9e\" \/>\n\t<meta name=\"twitter:data1\" content=\"1 minute\" \/>\n<script type=\"application\/ld+json\" class=\"yoast-schema-graph\">{\"@context\":\"https:\/\/schema.org\",\"@graph\":[{\"@type\":\"WebPage\",\"@id\":\"https:\/\/ppadilla.es\/fr\/actualites\/\",\"url\":\"https:\/\/ppadilla.es\/fr\/actualites\/\",\"name\":\"Actualit\u00e9s - Puertas Padilla\",\"isPartOf\":{\"@id\":\"https:\/\/ppadilla.es\/#website\"},\"datePublished\":\"2024-04-05T13:10:53+00:00\",\"dateModified\":\"2024-07-01T11:24:49+00:00\",\"breadcrumb\":{\"@id\":\"https:\/\/ppadilla.es\/fr\/actualites\/#breadcrumb\"},\"inLanguage\":\"fr-FR\",\"potentialAction\":[{\"@type\":\"ReadAction\",\"target\":[\"https:\/\/ppadilla.es\/fr\/actualites\/\"]}]},{\"@type\":\"BreadcrumbList\",\"@id\":\"https:\/\/ppadilla.es\/fr\/actualites\/#breadcrumb\",\"itemListElement\":[{\"@type\":\"ListItem\",\"position\":1,\"name\":\"Portada\",\"item\":\"https:\/\/ppadilla.es\/fr\/\"},{\"@type\":\"ListItem\",\"position\":2,\"name\":\"Actualit\u00e9s\"}]},{\"@type\":\"WebSite\",\"@id\":\"https:\/\/ppadilla.es\/#website\",\"url\":\"https:\/\/ppadilla.es\/\",\"name\":\"Puertas Padilla\",\"description\":\"L\u00cdDERES EN PUERTAS CORTAFUEGOS\",\"potentialAction\":[{\"@type\":\"SearchAction\",\"target\":{\"@type\":\"EntryPoint\",\"urlTemplate\":\"https:\/\/ppadilla.es\/?s={search_term_string}\"},\"query-input\":{\"@type\":\"PropertyValueSpecification\",\"valueRequired\":true,\"valueName\":\"search_term_string\"}}],\"inLanguage\":\"fr-FR\"}]}<\/script>\n<!-- \/ Yoast SEO plugin. -->","yoast_head_json":{"title":"Actualit\u00e9s - Puertas Padilla","robots":{"index":"index","follow":"follow","max-snippet":"max-snippet:-1","max-image-preview":"max-image-preview:large","max-video-preview":"max-video-preview:-1"},"canonical":"https:\/\/ppadilla.es\/fr\/actualites\/","og_locale":"fr_FR","og_type":"article","og_title":"Actualit\u00e9s - Puertas Padilla","og_description":"[vc_row css=\u00a0\u00bb.vc_custom_1698927051864{padding-top: 100px !important;padding-right: 0px !important;padding-bottom: 100px !important;background-image: url(https:\/\/ppadilla.es\/wp-content\/uploads\/2023\/11\/CABECERA-ACTUALIDAD-DETALLE1.png?id=10817) !important;}\u00a0\u00bb][vc_column][vc_single_image image=\u00a0\u00bb15125&Prime; img_size=\u00a0\u00bb70&#215;70&Prime; alignment=\u00a0\u00bbcenter\u00a0\u00bb][vc_custom_heading text=\u00a0\u00bbTOUTES L&rsquo;ACTUALIT\u00c9 DE PADILLA FIRE DOORS\u00a0\u00bb font_container=\u00a0\u00bbtag:h1|text_align:center|color:%23ffffff\u00a0\u00bb use_theme_fonts=\u00a0\u00bbyes\u00a0\u00bb][vc_separator color=\u00a0\u00bbcustom\u00a0\u00bb border_width=\u00a0\u00bb3&Prime; el_width=\u00a0\u00bb10&Prime; accent_color=\u00a0\u00bb#ffffff\u00a0\u00bb][\/vc_column][\/vc_row][vc_row content_text_aligment=\u00a0\u00bbcenter\u00a0\u00bb css=\u00a0\u00bb.vc_custom_1618890140501{padding-top: 110px !important;padding-bottom: 79px !important;}\u00a0\u00bb][vc_column][vc_row_inner row_content_width=\u00a0\u00bbgrid\u00a0\u00bb][vc_column_inner offset=\u00a0\u00bbvc_col-lg-offset-3 vc_col-lg-6 vc_col-md-offset-2 vc_col-md-8&Prime;][vc_custom_heading text=\u00a0\u00bbDERNI\u00c8RES NOUVELLES\u00a0\u00bb font_container=\u00a0\u00bbtag:h2|text_align:center|color:%23000000&Prime; use_theme_fonts=\u00a0\u00bbyes\u00a0\u00bb][vc_column_text]Restez \u00e0 l&rsquo;\u00e9coute des derni\u00e8res nouvelles [&hellip;]","og_url":"https:\/\/ppadilla.es\/fr\/actualites\/","og_site_name":"Puertas Padilla","article_modified_time":"2024-07-01T11:24:49+00:00","twitter_card":"summary_large_image","twitter_misc":{"Dur\u00e9e de lecture estim\u00e9e":"1 minute"},"schema":{"@context":"https:\/\/schema.org","@graph":[{"@type":"WebPage","@id":"https:\/\/ppadilla.es\/fr\/actualites\/","url":"https:\/\/ppadilla.es\/fr\/actualites\/","name":"Actualit\u00e9s - Puertas Padilla","isPartOf":{"@id":"https:\/\/ppadilla.es\/#website"},"datePublished":"2024-04-05T13:10:53+00:00","dateModified":"2024-07-01T11:24:49+00:00","breadcrumb":{"@id":"https:\/\/ppadilla.es\/fr\/actualites\/#breadcrumb"},"inLanguage":"fr-FR","potentialAction":[{"@type":"ReadAction","target":["https:\/\/ppadilla.es\/fr\/actualites\/"]}]},{"@type":"BreadcrumbList","@id":"https:\/\/ppadilla.es\/fr\/actualites\/#breadcrumb","itemListElement":[{"@type":"ListItem","position":1,"name":"Portada","item":"https:\/\/ppadilla.es\/fr\/"},{"@type":"ListItem","position":2,"name":"Actualit\u00e9s"}]},{"@type":"WebSite","@id":"https:\/\/ppadilla.es\/#website","url":"https:\/\/ppadilla.es\/","name":"Puertas Padilla","description":"L\u00cdDERES EN PUERTAS CORTAFUEGOS","potentialAction":[{"@type":"SearchAction","target":{"@type":"EntryPoint","urlTemplate":"https:\/\/ppadilla.es\/?s={search_term_string}"},"query-input":{"@type":"PropertyValueSpecification","valueRequired":true,"valueName":"search_term_string"}}],"inLanguage":"fr-FR"}]}},"_links":{"self":[{"href":"https:\/\/ppadilla.es\/fr\/wp-json\/wp\/v2\/pages\/14119","targetHints":{"allow":["GET"]}}],"collection":[{"href":"https:\/\/ppadilla.es\/fr\/wp-json\/wp\/v2\/pages"}],"about":[{"href":"https:\/\/ppadilla.es\/fr\/wp-json\/wp\/v2\/types\/page"}],"author":[{"embeddable":true,"href":"https:\/\/ppadilla.es\/fr\/wp-json\/wp\/v2\/users\/1"}],"replies":[{"embeddable":true,"href":"https:\/\/ppadilla.es\/fr\/wp-json\/wp\/v2\/comments?post=14119"}],"version-history":[{"count":9,"href":"https:\/\/ppadilla.es\/fr\/wp-json\/wp\/v2\/pages\/14119\/revisions"}],"predecessor-version":[{"id":15276,"href":"https:\/\/ppadilla.es\/fr\/wp-json\/wp\/v2\/pages\/14119\/revisions\/15276"}],"wp:attachment":[{"href":"https:\/\/ppadilla.es\/fr\/wp-json\/wp\/v2\/media?parent=14119"}],"curies":[{"name":"wp","href":"https:\/\/api.w.org\/{rel}","templated":true}]}}