{"id":13444,"date":"2024-04-05T09:09:54","date_gmt":"2024-04-05T09:09:54","guid":{"rendered":"https:\/\/ppadilla.es\/contact\/"},"modified":"2026-04-09T07:05:56","modified_gmt":"2026-04-09T07:05:56","slug":"contact","status":"publish","type":"page","link":"https:\/\/ppadilla.es\/fr\/contact\/","title":{"rendered":"Contact"},"content":{"rendered":"<div class=\"wpb-content-wrapper\"><p>[vc_row css=\u00a0\u00bb.vc_custom_1775718352631{padding-top: 100px !important;padding-bottom: 100px !important;background-image: url(https:\/\/ppadilla.es\/wp-content\/uploads\/2026\/04\/CABECERA-CONTACTO.webp?id=18246) !important;}\u00a0\u00bb][vc_column][vc_single_image image=\u00a0\u00bb15125&Prime; img_size=\u00a0\u00bb70X70&Prime; alignment=\u00a0\u00bbcenter\u00a0\u00bb][vc_custom_heading text=\u00a0\u00bbCONTACTER PUERTAS PADILLA\u00a0\u00bb font_container=\u00a0\u00bbtag:h1|text_align:center|color:%23ffffff\u00a0\u00bb use_theme_fonts=\u00a0\u00bbyes\u00a0\u00bb][vc_separator color=\u00a0\u00bbwhite\u00a0\u00bb border_width=\u00a0\u00bb3&Prime; el_width=\u00a0\u00bb10&Prime;][\/vc_column][\/vc_row][vc_row css=\u00a0\u00bb.vc_custom_1698669930247{padding-top: 70px !important;padding-right: 30px !important;padding-bottom: 70px !important;padding-left: 30px !important;background-color: #f8f8f8 !important;}\u00a0\u00bb][vc_column][vc_custom_heading text=\u00a0\u00bbCONTACTEZ-NOUS\u00a0\u00bb font_container=\u00a0\u00bbtag:h2|text_align:center|color:%23000000&Prime; use_theme_fonts=\u00a0\u00bbyes\u00a0\u00bb]<div class=\"eltdf-separator-holder clearfix  eltdf-separator-center eltdf-separator-normal\">\n\t<div class=\"eltdf-separator\" style=\"border-color: #000000;border-style: solid;width: 100px;margin-bottom: 30px\"><\/div>\n<\/div>\n[vc_row_inner row_content_width=\u00a0\u00bbgrid\u00a0\u00bb][vc_column_inner width=\u00a0\u00bb1\/2&Prime; css=\u00a0\u00bb.vc_custom_1699966524647{margin-bottom: 30px !important;}\u00a0\u00bb][vc_single_image image=\u00a0\u00bb14506&Prime; img_size=\u00a0\u00bbfull\u00a0\u00bb][vc_column_text]<\/p>\n<h3>OUVREZ LA PORTE \u00c0 VOTRE S\u00c9CURIT\u00c9<\/h3>\n<p>[\/vc_column_text][vc_column_text]<\/p>\n<h4><strong>Si\u00e8ge Espagne<\/strong><\/h4>\n<p>PUERTAS PADILLA S.L.<\/p>\n<p>Avenida de la Constituci\u00f3n 73,<\/p>\n<p>30330 El Albuj\u00f3n.<\/p>\n<p>Carthag\u00e8ne &#8211; Murcie<\/p>\n<p>&nbsp;<\/p>\n<p>T\u00e9l\u00e9phone : +34 968 16 00 92<\/p>\n<p><a href=\"mailto:info@ppadilla.es\">info@ppadilla.es<\/a>[\/vc_column_text][\/vc_column_inner][vc_column_inner width=\u00a0\u00bb1\/2&Prime;]\n<div class=\"wpcf7 no-js\" id=\"wpcf7-f13962-o1\" lang=\"en-US\" dir=\"ltr\" data-wpcf7-id=\"13962\">\n<div class=\"screen-reader-response\"><p role=\"status\" aria-live=\"polite\" aria-atomic=\"true\"><\/p> <ul><\/ul><\/div>\n<form action=\"\/fr\/wp-json\/wp\/v2\/pages\/13444#wpcf7-f13962-o1\" method=\"post\" class=\"wpcf7-form init\" aria-label=\"Contact form\" novalidate=\"novalidate\" data-status=\"init\">\n<fieldset class=\"hidden-fields-container\"><input type=\"hidden\" name=\"_wpcf7\" value=\"13962\" \/><input type=\"hidden\" name=\"_wpcf7_version\" value=\"6.1.4\" \/><input type=\"hidden\" name=\"_wpcf7_locale\" value=\"en_US\" \/><input type=\"hidden\" name=\"_wpcf7_unit_tag\" value=\"wpcf7-f13962-o1\" \/><input type=\"hidden\" name=\"_wpcf7_container_post\" value=\"0\" \/><input type=\"hidden\" name=\"_wpcf7_posted_data_hash\" value=\"\" \/><input type=\"hidden\" name=\"_wpcf7_recaptcha_response\" value=\"\" \/>\n<\/fieldset>\n<div>\n\t<p>Nom*<br \/>\n<span class=\"wpcf7-form-control-wrap\" data-name=\"your-name\"><input size=\"40\" maxlength=\"400\" class=\"wpcf7-form-control wpcf7-text wpcf7-validates-as-required\" aria-required=\"true\" aria-invalid=\"false\" placeholder=\"Nom*\" value=\"\" type=\"text\" name=\"your-name\" \/><\/span>\n\t<\/p>\n<\/div>\n<div>\n\t<p>Email*<br \/>\n<span class=\"wpcf7-form-control-wrap\" data-name=\"email\"><input size=\"40\" maxlength=\"400\" class=\"wpcf7-form-control wpcf7-email wpcf7-validates-as-required wpcf7-text wpcf7-validates-as-email\" aria-required=\"true\" aria-invalid=\"false\" placeholder=\"E-mail*\" value=\"\" type=\"email\" name=\"email\" \/><\/span>\n\t<\/p>\n<\/div>\n<div>\n\t<p>Message<br \/>\n<span class=\"wpcf7-form-control-wrap\" data-name=\"message\"><textarea cols=\"40\" rows=\"5\" maxlength=\"2000\" class=\"wpcf7-form-control wpcf7-textarea\" aria-invalid=\"false\" placeholder=\"Message\" name=\"message\"><\/textarea><\/span>\n\t<\/p>\n<\/div>\n<div>\n\t<p><span class=\"wpcf7-form-control-wrap\" data-name=\"rgpd\"><span class=\"wpcf7-form-control wpcf7-acceptance\"><span class=\"wpcf7-list-item\"><input type=\"checkbox\" name=\"rgpd\" value=\"1\" aria-invalid=\"false\" \/><\/span><\/span><\/span>Nous utiliserons vos donn\u00e9es pour r\u00e9pondre aux requ\u00eates, envoyer des communications commerciales et effectuer des analyses statistiques. Pour plus d\u2019informations sur le traitement et vos droits, consultez le <a href=\"\/politica-de-privacidad\/\" target=\"_blank\">politique de confidentialit\u00e9.<\/a>\n\t<\/p>\n\t<div>\n\t\t<div style=\"margin-bottom:15px;\">\n\t\t\t<p><span class=\"wpcf7-form-control-wrap\" data-name=\"rgpd\"><span class=\"wpcf7-form-control wpcf7-acceptance optional\"><span class=\"wpcf7-list-item\"><input type=\"checkbox\" name=\"rgpd\" value=\"1\" aria-invalid=\"false\" \/><\/span><\/span><\/span>J'accepte le traitement des donn\u00e9es pour envoyer des communications commerciales\n\t\t\t<\/p>\n\t\t<\/div>\n\t\t<div>\n\t\t\t<p><input class=\"wpcf7-form-control wpcf7-submit has-spinner\" type=\"submit\" value=\"ENVOYER\" \/>\n\t\t\t<\/p>\n\t\t<\/div>\n\t<\/div>\n<\/div><div class=\"wpcf7-response-output\" aria-hidden=\"true\"><\/div>\n<\/form>\n<\/div>\n[\/vc_column_inner][\/vc_row_inner][\/vc_column][\/vc_row][vc_row row_content_width=\u00a0\u00bbgrid\u00a0\u00bb css=\u00a0\u00bb.vc_custom_1699876665552{padding-top: 70px !important;padding-bottom: 70px !important;}\u00a0\u00bb][vc_column offset=\u00a0\u00bbvc_col-lg-12&Prime; css=\u00a0\u00bb.vc_custom_1597075127296{padding-right: 9% !important;}\u00a0\u00bb][vc_custom_heading text=\u00a0\u00bbPORTES PADILLA DANS LE MONDE\u00a0\u00bb font_container=\u00a0\u00bbtag:h2|text_align:center|color:%23000000&Prime; use_theme_fonts=\u00a0\u00bbyes\u00a0\u00bb]<div class=\"eltdf-separator-holder clearfix  eltdf-separator-center eltdf-separator-normal\">\n\t<div class=\"eltdf-separator\" style=\"border-color: #000000;border-style: solid;width: 100px;margin-bottom: 30px\"><\/div>\n<\/div>\n[vc_row_inner css=\u00a0\u00bb.vc_custom_1485946682953{padding-top: 48px !important;}\u00a0\u00bb][vc_column_inner width=\u00a0\u00bb1\/4&Prime;][vc_single_image image=\u00a0\u00bb14504&Prime; img_size=\u00a0\u00bb150&#215;47&Prime; css_animation=\u00a0\u00bbfadeIn\u00a0\u00bb css=\u00a0\u00bb.vc_custom_1614246075385{padding-right: 30px !important;}\u00a0\u00bb][vc_column_text css=\u00a0\u00bb.vc_custom_1699876777016{padding-bottom: 15px !important;}\u00a0\u00bb]<\/p>\n<h4>PORTUGAL<\/h4>\n<p>[\/vc_column_text][vc_column_text css=\u00a0\u00bb.vc_custom_1699876680144{margin-top: -5px !important;}\u00a0\u00bb]PUERTAS PADILLA SOCIEDADE LIMITADA<\/p>\n<p><span class=\"txt_noticia\">Parc industriel de Batel<br \/>\nRua das madressilvas, 136<br \/>\n2890-559 ALCOCHETE<\/span><\/p>\n<p><span class=\"txt_noticia\">T. +351 212341696<br \/>\nT. +351 212341700<br \/>\nF. +351 212341656<br \/>\n<a class=\"enlace_normal\" href=\"mailto:puertaspadilla@ppadilla.pt\">puertaspadilla@ppadilla.pt<\/a><\/span>[\/vc_column_text][\/vc_column_inner][vc_column_inner width=\u00a0\u00bb1\/4&Prime;][vc_single_image image=\u00a0\u00bb14501&Prime; img_size=\u00a0\u00bb150&#215;47&Prime; css_animation=\u00a0\u00bbfadeIn\u00a0\u00bb css=\u00a0\u00bb.vc_custom_1614246080384{padding-right: 30px !important;}\u00a0\u00bb][vc_column_text css=\u00a0\u00bb.vc_custom_1699876809735{padding-bottom: 15px !important;}\u00a0\u00bb]<\/p>\n<h4>ITALIE<\/h4>\n<p>[\/vc_column_text][vc_column_text css=\u00a0\u00bb.vc_custom_1709912498919{margin-top: -5px !important;}\u00a0\u00bb]PADILLA srl.<\/p>\n<p><span class=\"txt_noticia\">Strada Argine Maestro del Po, 9<br \/>\n43010 Polesine Parmense (PR) &#8211; Italie<\/span><\/p>\n<p><span class=\"txt_noticia\">T. +39 524 936542<br \/>\nT. +39 524 936538<br \/>\nF. +39 524 936544<br \/>\n<a tabindex=\"-1\" href=\"mailto:info@padillasrl.com\" target=\"_blank\" rel=\"noopener\">info@padillasrl.com<\/a><br \/>\n<a href=\"http:\/\/www.padillasrl.com\">www.padillasrl.com<\/a><\/span>[\/vc_column_text][\/vc_column_inner][vc_column_inner width=\u00a0\u00bb1\/4&Prime;][vc_single_image image=\u00a0\u00bb14503&Prime; img_size=\u00a0\u00bb150&#215;47&Prime; css_animation=\u00a0\u00bbfadeIn\u00a0\u00bb css=\u00a0\u00bb.vc_custom_1614246084364{padding-right: 30px !important;}\u00a0\u00bb][vc_column_text css=\u00a0\u00bb.vc_custom_1699876826800{padding-bottom: 15px !important;}\u00a0\u00bb]<\/p>\n<h4>POLOGNE<\/h4>\n<p>[\/vc_column_text][vc_column_text css=\u00a0\u00bb.vc_custom_1699876838737{margin-top: -5px !important;}\u00a0\u00bb]PADILLA POLSKA<\/p>\n<p>Sp. z o.o.<br \/>\n<span class=\"txt_noticia\">ul. Wybieg 10<br \/>\n61-315 Pozna\u0144<br \/>\n<\/span><\/p>\n<p><span class=\"txt_noticia\">T. +48 61 872 66 35<br \/>\nT. +48 609 070 222<br \/>\nF. +34 +48 61 879 83 51<br \/>\n<a class=\"enlace_normal\" href=\"mailto:padilla@padilla.pl\">padilla@padilla.pl<\/a><br \/>\n<a class=\"enlace_normal\" href=\"http:\/\/www.padilla.pl\/\" target=\"_blank\" rel=\"noopener noreferrer\">http:\/\/www.padilla.pl<\/a><\/span>[\/vc_column_text][\/vc_column_inner][vc_column_inner width=\u00a0\u00bb1\/4&Prime;][vc_single_image image=\u00a0\u00bb14500&Prime; img_size=\u00a0\u00bb150&#215;47&Prime; css_animation=\u00a0\u00bbfadeIn\u00a0\u00bb css=\u00a0\u00bb.vc_custom_1614246092401{padding-right: 30px !important;}\u00a0\u00bb][vc_column_text css=\u00a0\u00bb.vc_custom_1699876850816{padding-bottom: 15px !important;}\u00a0\u00bb]<\/p>\n<h4>FRANCE<\/h4>\n<p>[\/vc_column_text][vc_column_text css=\u00a0\u00bb.vc_custom_1718888398611{margin-top: -5px !important;}\u00a0\u00bb]PADILLA FRANCE SARL<\/p>\n<p><span class=\"txt_noticia\">4 RUE DU PARC DES VERGERS<br \/>\n91250 TIGERY <\/span><\/p>\n<p><span class=\"txt_noticia\">T. +33 1 80 85 97 10<br \/>\n<a class=\"enlace_normal\" href=\"mailto:contact@padilla-france.fr\">contact@padilla-france.fr<\/a><br \/>\n<a class=\"enlace_normal\" href=\"http:\/\/www.padilla-france.fr\/\" target=\"_blank\" rel=\"noopener noreferrer\">www.padilla-france.fr<\/a><\/span>[\/vc_column_text][\/vc_column_inner][\/vc_row_inner][vc_row_inner css=\u00a0\u00bb.vc_custom_1485946682953{padding-top: 48px !important;}\u00a0\u00bb][vc_column_inner width=\u00a0\u00bb1\/4&Prime;][vc_single_image image=\u00a0\u00bb14502&Prime; img_size=\u00a0\u00bb150&#215;47&Prime; css_animation=\u00a0\u00bbfadeIn\u00a0\u00bb css=\u00a0\u00bb.vc_custom_1614246099565{padding-right: 30px !important;}\u00a0\u00bb][vc_column_text css=\u00a0\u00bb.vc_custom_1699876867728{padding-bottom: 15px !important;}\u00a0\u00bb]<\/p>\n<h4>MAROC<\/h4>\n<p>[\/vc_column_text][vc_column_text css=\u00a0\u00bb.vc_custom_1699876876449{margin-top: -5px !important;}\u00a0\u00bb]PADILLA MAROC SA.RL<\/p>\n<p>Caf Office 1\u00b0 Etage N 5<br \/>\nAngle Omar El Khayam et Abderahim Bouabid<\/p>\n<p>Tel : +212 522 368 114<br \/>\n<a href=\"mailto:padillamaroc@hotmail.com\">info@padillamaroc.com<\/a>[\/vc_column_text][\/vc_column_inner][vc_column_inner width=\u00a0\u00bb1\/4&Prime;][vc_single_image image=\u00a0\u00bb14498&Prime; img_size=\u00a0\u00bb150&#215;47&Prime; css_animation=\u00a0\u00bbfadeIn\u00a0\u00bb css=\u00a0\u00bb.vc_custom_1614246096374{padding-right: 30px !important;}\u00a0\u00bb][vc_column_text css=\u00a0\u00bb.vc_custom_1699876892911{padding-bottom: 15px !important;}\u00a0\u00bb]<\/p>\n<h4>BANGLADESH<\/h4>\n<p>[\/vc_column_text][vc_column_text css=\u00a0\u00bb.vc_custom_1709912784344{margin-top: -5px !important;}\u00a0\u00bb]PADILLA DOORS LTD.<\/p>\n<p>Si\u00e8ge social : Plot- I\/10, Block-K, Rupnagar I\/A,<br \/>\nMirpur-2, Dhaka-1216, Bangladesh.<br \/>\nSi\u00e8ge social : House-49, Road-3, Sector-3,<br \/>\nUttara, Dhaka-1230, Bangladesh<\/p>\n<p>Personne de contact : Muhammad Ashiqur Rahman<br \/>\nNum\u00e9ro de contact : +880 9613111000 Ext-151<\/p>\n<p><a href=\"mailto:padilladoors@gmail.com\">padilladoors@gmail.com<\/a><\/p>\n<p><a href=\"http:\/\/www.padilladoors.com\">www.padilladoors.com <\/a>[\/vc_column_text][\/vc_column_inner][vc_column_inner width=\u00a0\u00bb1\/4&Prime;][vc_single_image image=\u00a0\u00bb14499&Prime; img_size=\u00a0\u00bb150&#215;47&Prime; css_animation=\u00a0\u00bbfadeIn\u00a0\u00bb css=\u00a0\u00bb.vc_custom_1614246104445{padding-right: 30px !important;}\u00a0\u00bb][vc_column_text css=\u00a0\u00bb.vc_custom_1699876965872{padding-bottom: 15px !important;}\u00a0\u00bb]<\/p>\n<h4>COLOMBIE<\/h4>\n<p>[\/vc_column_text][vc_column_text css=\u00a0\u00bb.vc_custom_1699876932864{margin-top: -5px !important;}\u00a0\u00bb]PADILLA COLOMBIA S.A.S.<\/p>\n<p>Carrera 54 # 75AB Sud &#8211; 220<br \/>\nLa Estrella, Antioquia.<\/p>\n<p>T. +57 379 20 00 Ext. 525<br \/>\nT. +57 320 768 58 41<br \/>\n<a href=\"mailto:oficina.comercial1@padillacolombia.com.co\">oficina.comercial1@padillacolombia.com.co<\/a><br \/>\n<a href=\"http:\/\/www.padillacolombia.com.co\">www.padillacolombia.com.co<\/a>[\/vc_column_text][\/vc_column_inner][vc_column_inner width=\u00a0\u00bb1\/4&Prime;][\/vc_column_inner][\/vc_row_inner][\/vc_column][\/vc_row][vc_row row_type=\u00a0\u00bbparallax\u00a0\u00bb full_screen_section_height=\u00a0\u00bbno\u00a0\u00bb][vc_column][vc_raw_html]W21hcHByZXNzIG1hcGlkPSIxIl0=[\/vc_raw_html][\/vc_column][\/vc_row]<\/p>\n<\/div>","protected":false},"excerpt":{"rendered":"<p>[vc_row css=\u00a0\u00bb.vc_custom_1775718352631{padding-top: 100px !important;padding-bottom: 100px !important;background-image: url(https:\/\/ppadilla.es\/wp-content\/uploads\/2026\/04\/CABECERA-CONTACTO.webp?id=18246) !important;}\u00a0\u00bb][vc_column][vc_single_image image=\u00a0\u00bb15125&Prime; img_size=\u00a0\u00bb70X70&Prime; alignment=\u00a0\u00bbcenter\u00a0\u00bb][vc_custom_heading text=\u00a0\u00bbCONTACTER PUERTAS PADILLA\u00a0\u00bb font_container=\u00a0\u00bbtag:h1|text_align:center|color:%23ffffff\u00a0\u00bb use_theme_fonts=\u00a0\u00bbyes\u00a0\u00bb][vc_separator color=\u00a0\u00bbwhite\u00a0\u00bb border_width=\u00a0\u00bb3&Prime; el_width=\u00a0\u00bb10&Prime;][\/vc_column][\/vc_row][vc_row css=\u00a0\u00bb.vc_custom_1698669930247{padding-top: 70px !important;padding-right: 30px !important;padding-bottom: 70px !important;padding-left: 30px !important;background-color: #f8f8f8 !important;}\u00a0\u00bb][vc_column][vc_custom_heading text=\u00a0\u00bbCONTACTEZ-NOUS\u00a0\u00bb font_container=\u00a0\u00bbtag:h2|text_align:center|color:%23000000&Prime; use_theme_fonts=\u00a0\u00bbyes\u00a0\u00bb][vc_row_inner row_content_width=\u00a0\u00bbgrid\u00a0\u00bb][vc_column_inner width=\u00a0\u00bb1\/2&Prime; css=\u00a0\u00bb.vc_custom_1699966524647{margin-bottom: 30px !important;}\u00a0\u00bb][vc_single_image image=\u00a0\u00bb14506&Prime; img_size=\u00a0\u00bbfull\u00a0\u00bb][vc_column_text] OUVREZ LA PORTE \u00c0 VOTRE [&hellip;]<\/p>\n","protected":false},"author":1,"featured_media":0,"parent":0,"menu_order":0,"comment_status":"closed","ping_status":"closed","template":"full-width.php","meta":{"_acf_changed":false,"footnotes":""},"class_list":["post-13444","page","type-page","status-publish","hentry"],"acf":[],"yoast_head":"<!-- This site is optimized with the Yoast SEO plugin v26.8 - https:\/\/yoast.com\/product\/yoast-seo-wordpress\/ -->\n<title>Contact - Puertas Padilla<\/title>\n<meta name=\"robots\" content=\"index, follow, max-snippet:-1, max-image-preview:large, max-video-preview:-1\" \/>\n<link rel=\"canonical\" href=\"https:\/\/ppadilla.es\/fr\/contact\/\" \/>\n<meta property=\"og:locale\" content=\"fr_FR\" \/>\n<meta property=\"og:type\" content=\"article\" \/>\n<meta property=\"og:title\" content=\"Contact - Puertas Padilla\" \/>\n<meta property=\"og:description\" content=\"[vc_row css=\u00a0\u00bb.vc_custom_1775718352631{padding-top: 100px !important;padding-bottom: 100px !important;background-image: url(https:\/\/ppadilla.es\/wp-content\/uploads\/2026\/04\/CABECERA-CONTACTO.webp?id=18246) !important;}\u00a0\u00bb][vc_column][vc_single_image image=\u00a0\u00bb15125&Prime; img_size=\u00a0\u00bb70X70&Prime; alignment=\u00a0\u00bbcenter\u00a0\u00bb][vc_custom_heading text=\u00a0\u00bbCONTACTER PUERTAS PADILLA\u00a0\u00bb font_container=\u00a0\u00bbtag:h1|text_align:center|color:%23ffffff\u00a0\u00bb use_theme_fonts=\u00a0\u00bbyes\u00a0\u00bb][vc_separator color=\u00a0\u00bbwhite\u00a0\u00bb border_width=\u00a0\u00bb3&Prime; el_width=\u00a0\u00bb10&Prime;][\/vc_column][\/vc_row][vc_row css=\u00a0\u00bb.vc_custom_1698669930247{padding-top: 70px !important;padding-right: 30px !important;padding-bottom: 70px !important;padding-left: 30px !important;background-color: #f8f8f8 !important;}\u00a0\u00bb][vc_column][vc_custom_heading text=\u00a0\u00bbCONTACTEZ-NOUS\u00a0\u00bb font_container=\u00a0\u00bbtag:h2|text_align:center|color:%23000000&Prime; use_theme_fonts=\u00a0\u00bbyes\u00a0\u00bb][vc_row_inner row_content_width=\u00a0\u00bbgrid\u00a0\u00bb][vc_column_inner width=\u00a0\u00bb1\/2&Prime; css=\u00a0\u00bb.vc_custom_1699966524647{margin-bottom: 30px !important;}\u00a0\u00bb][vc_single_image image=\u00a0\u00bb14506&Prime; img_size=\u00a0\u00bbfull\u00a0\u00bb][vc_column_text] OUVREZ LA PORTE \u00c0 VOTRE [&hellip;]\" \/>\n<meta property=\"og:url\" content=\"https:\/\/ppadilla.es\/fr\/contact\/\" \/>\n<meta property=\"og:site_name\" content=\"Puertas Padilla\" \/>\n<meta property=\"article:modified_time\" content=\"2026-04-09T07:05:56+00:00\" \/>\n<meta name=\"twitter:card\" content=\"summary_large_image\" \/>\n<meta name=\"twitter:label1\" content=\"Dur\u00e9e de lecture estim\u00e9e\" \/>\n\t<meta name=\"twitter:data1\" content=\"2 minutes\" \/>\n<script type=\"application\/ld+json\" class=\"yoast-schema-graph\">{\"@context\":\"https:\/\/schema.org\",\"@graph\":[{\"@type\":\"WebPage\",\"@id\":\"https:\/\/ppadilla.es\/fr\/contact\/\",\"url\":\"https:\/\/ppadilla.es\/fr\/contact\/\",\"name\":\"Contact - Puertas Padilla\",\"isPartOf\":{\"@id\":\"https:\/\/ppadilla.es\/#website\"},\"datePublished\":\"2024-04-05T09:09:54+00:00\",\"dateModified\":\"2026-04-09T07:05:56+00:00\",\"breadcrumb\":{\"@id\":\"https:\/\/ppadilla.es\/fr\/contact\/#breadcrumb\"},\"inLanguage\":\"fr-FR\",\"potentialAction\":[{\"@type\":\"ReadAction\",\"target\":[\"https:\/\/ppadilla.es\/fr\/contact\/\"]}]},{\"@type\":\"BreadcrumbList\",\"@id\":\"https:\/\/ppadilla.es\/fr\/contact\/#breadcrumb\",\"itemListElement\":[{\"@type\":\"ListItem\",\"position\":1,\"name\":\"Portada\",\"item\":\"https:\/\/ppadilla.es\/fr\/\"},{\"@type\":\"ListItem\",\"position\":2,\"name\":\"Contact\"}]},{\"@type\":\"WebSite\",\"@id\":\"https:\/\/ppadilla.es\/#website\",\"url\":\"https:\/\/ppadilla.es\/\",\"name\":\"Puertas Padilla\",\"description\":\"L\u00cdDERES EN PUERTAS CORTAFUEGOS\",\"potentialAction\":[{\"@type\":\"SearchAction\",\"target\":{\"@type\":\"EntryPoint\",\"urlTemplate\":\"https:\/\/ppadilla.es\/?s={search_term_string}\"},\"query-input\":{\"@type\":\"PropertyValueSpecification\",\"valueRequired\":true,\"valueName\":\"search_term_string\"}}],\"inLanguage\":\"fr-FR\"}]}<\/script>\n<!-- \/ Yoast SEO plugin. -->","yoast_head_json":{"title":"Contact - Puertas Padilla","robots":{"index":"index","follow":"follow","max-snippet":"max-snippet:-1","max-image-preview":"max-image-preview:large","max-video-preview":"max-video-preview:-1"},"canonical":"https:\/\/ppadilla.es\/fr\/contact\/","og_locale":"fr_FR","og_type":"article","og_title":"Contact - Puertas Padilla","og_description":"[vc_row css=\u00a0\u00bb.vc_custom_1775718352631{padding-top: 100px !important;padding-bottom: 100px !important;background-image: url(https:\/\/ppadilla.es\/wp-content\/uploads\/2026\/04\/CABECERA-CONTACTO.webp?id=18246) !important;}\u00a0\u00bb][vc_column][vc_single_image image=\u00a0\u00bb15125&Prime; img_size=\u00a0\u00bb70X70&Prime; alignment=\u00a0\u00bbcenter\u00a0\u00bb][vc_custom_heading text=\u00a0\u00bbCONTACTER PUERTAS PADILLA\u00a0\u00bb font_container=\u00a0\u00bbtag:h1|text_align:center|color:%23ffffff\u00a0\u00bb use_theme_fonts=\u00a0\u00bbyes\u00a0\u00bb][vc_separator color=\u00a0\u00bbwhite\u00a0\u00bb border_width=\u00a0\u00bb3&Prime; el_width=\u00a0\u00bb10&Prime;][\/vc_column][\/vc_row][vc_row css=\u00a0\u00bb.vc_custom_1698669930247{padding-top: 70px !important;padding-right: 30px !important;padding-bottom: 70px !important;padding-left: 30px !important;background-color: #f8f8f8 !important;}\u00a0\u00bb][vc_column][vc_custom_heading text=\u00a0\u00bbCONTACTEZ-NOUS\u00a0\u00bb font_container=\u00a0\u00bbtag:h2|text_align:center|color:%23000000&Prime; use_theme_fonts=\u00a0\u00bbyes\u00a0\u00bb][vc_row_inner row_content_width=\u00a0\u00bbgrid\u00a0\u00bb][vc_column_inner width=\u00a0\u00bb1\/2&Prime; css=\u00a0\u00bb.vc_custom_1699966524647{margin-bottom: 30px !important;}\u00a0\u00bb][vc_single_image image=\u00a0\u00bb14506&Prime; img_size=\u00a0\u00bbfull\u00a0\u00bb][vc_column_text] OUVREZ LA PORTE \u00c0 VOTRE [&hellip;]","og_url":"https:\/\/ppadilla.es\/fr\/contact\/","og_site_name":"Puertas Padilla","article_modified_time":"2026-04-09T07:05:56+00:00","twitter_card":"summary_large_image","twitter_misc":{"Dur\u00e9e de lecture estim\u00e9e":"2 minutes"},"schema":{"@context":"https:\/\/schema.org","@graph":[{"@type":"WebPage","@id":"https:\/\/ppadilla.es\/fr\/contact\/","url":"https:\/\/ppadilla.es\/fr\/contact\/","name":"Contact - Puertas Padilla","isPartOf":{"@id":"https:\/\/ppadilla.es\/#website"},"datePublished":"2024-04-05T09:09:54+00:00","dateModified":"2026-04-09T07:05:56+00:00","breadcrumb":{"@id":"https:\/\/ppadilla.es\/fr\/contact\/#breadcrumb"},"inLanguage":"fr-FR","potentialAction":[{"@type":"ReadAction","target":["https:\/\/ppadilla.es\/fr\/contact\/"]}]},{"@type":"BreadcrumbList","@id":"https:\/\/ppadilla.es\/fr\/contact\/#breadcrumb","itemListElement":[{"@type":"ListItem","position":1,"name":"Portada","item":"https:\/\/ppadilla.es\/fr\/"},{"@type":"ListItem","position":2,"name":"Contact"}]},{"@type":"WebSite","@id":"https:\/\/ppadilla.es\/#website","url":"https:\/\/ppadilla.es\/","name":"Puertas Padilla","description":"L\u00cdDERES EN PUERTAS CORTAFUEGOS","potentialAction":[{"@type":"SearchAction","target":{"@type":"EntryPoint","urlTemplate":"https:\/\/ppadilla.es\/?s={search_term_string}"},"query-input":{"@type":"PropertyValueSpecification","valueRequired":true,"valueName":"search_term_string"}}],"inLanguage":"fr-FR"}]}},"_links":{"self":[{"href":"https:\/\/ppadilla.es\/fr\/wp-json\/wp\/v2\/pages\/13444","targetHints":{"allow":["GET"]}}],"collection":[{"href":"https:\/\/ppadilla.es\/fr\/wp-json\/wp\/v2\/pages"}],"about":[{"href":"https:\/\/ppadilla.es\/fr\/wp-json\/wp\/v2\/types\/page"}],"author":[{"embeddable":true,"href":"https:\/\/ppadilla.es\/fr\/wp-json\/wp\/v2\/users\/1"}],"replies":[{"embeddable":true,"href":"https:\/\/ppadilla.es\/fr\/wp-json\/wp\/v2\/comments?post=13444"}],"version-history":[{"count":23,"href":"https:\/\/ppadilla.es\/fr\/wp-json\/wp\/v2\/pages\/13444\/revisions"}],"predecessor-version":[{"id":18250,"href":"https:\/\/ppadilla.es\/fr\/wp-json\/wp\/v2\/pages\/13444\/revisions\/18250"}],"wp:attachment":[{"href":"https:\/\/ppadilla.es\/fr\/wp-json\/wp\/v2\/media?parent=13444"}],"curies":[{"name":"wp","href":"https:\/\/api.w.org\/{rel}","templated":true}]}}