{"id":10271,"date":"2022-11-07T11:26:46","date_gmt":"2022-11-07T11:26:46","guid":{"rendered":"https:\/\/ppadilla.es\/?page_id=10271"},"modified":"2026-03-13T07:33:42","modified_gmt":"2026-03-13T07:33:42","slug":"quienes-somos","status":"publish","type":"page","link":"https:\/\/ppadilla.es\/en\/quienes-somos\/","title":{"rendered":"PADILLA DOORS"},"content":{"rendered":"<div class=\"wpb-content-wrapper\"><p>[vc_row content_text_aligment=&#8221;center&#8221; css=&#8221;.vc_custom_1701680138947{padding-top: 100px !important;padding-bottom: 100px !important;background-image: url(https:\/\/ppadilla.es\/wp-content\/uploads\/2023\/11\/CABECERA-LA-EMPRESA.png?id=10775) !important;background-position: center !important;background-repeat: no-repeat !important;background-size: cover !important;}&#8221; el_class=&#8221;cabecera&#8221;][vc_column css=&#8221;.vc_custom_1621932560241{margin-top: -15px !important;}&#8221;][vc_single_image image=&#8221;10681&#8243; img_size=&#8221;70X70&#8243; alignment=&#8221;center&#8221;][vc_custom_heading text=&#8221;PADILLA DOORS&#8221; font_container=&#8221;tag:h1|text_align:center|color:%23ffffff&#8221; use_theme_fonts=&#8221;yes&#8221;][vc_custom_heading text=&#8221;Leaders in Innovation and Internationalization with Certified Quality&#8221; font_container=&#8221;tag:p|font_size:30px|text_align:center|color:%23ffffff&#8221; use_theme_fonts=&#8221;yes&#8221;][vc_separator color=&#8221;white&#8221; border_width=&#8221;3&#8243; el_width=&#8221;10&#8243;][\/vc_column][\/vc_row][vc_row content_text_aligment=&#8221;center&#8221;][vc_column][vc_custom_heading text=&#8221;THE COMPANY&#8221; font_container=&#8221;tag:h2|text_align:center|color:%23000000&#8243; use_theme_fonts=&#8221;yes&#8221;]<div class=\"eltdf-separator-holder clearfix  eltdf-separator-center eltdf-separator-normal\">\n\t<div class=\"eltdf-separator\" style=\"border-color: #000000;width: 100px\"><\/div>\n<\/div>\n[vc_row_inner row_content_width=&#8221;grid&#8221; content_text_aligment=&#8221;left&#8221; css=&#8221;.vc_custom_1701680312762{padding-top: 70px !important;}&#8221;][vc_column_inner width=&#8221;1\/2&#8243; css=&#8221;.vc_custom_1614186263950{padding-right: 50px !important;padding-left: 50px !important;}&#8221;][vc_column_text el_class=&#8221;texto&#8221;]In 1987 we began an exciting journey; fire, security, doors. A hard road that, from our company, located in the Region of Murcia, had its starting point taking specialization and excellence as a priority objective. Throughout these more than 30 years of trajectory, we have focused our efforts on technological investment, research and development.<\/p>\n<p>We are aware that, in a highly competitive market, only the highest level of quality wins.<\/p>\n<p>We have grown at the pace of our dreams and expanded our area of influence in the international market. From the inauguration of our first headquarters in Portugal to the incorporation of our latest subsidiary, Colombia, to Italy, Poland, France, Morocco and Turkey.[\/vc_column_text][\/vc_column_inner][vc_column_inner width=&#8221;1\/2&#8243;][vc_single_image image=&#8221;10781&#8243; img_size=&#8221;full&#8221;][\/vc_column_inner][\/vc_row_inner][vc_row_inner row_content_width=&#8221;grid&#8221; content_text_aligment=&#8221;left&#8221; css=&#8221;.vc_custom_1698925353218{padding-top: 70px !important;padding-bottom: 70px !important;}&#8221;][vc_column_inner width=&#8221;1\/2&#8243; css=&#8221;.vc_custom_1614186263950{padding-right: 50px !important;padding-left: 50px !important;}&#8221;][vc_single_image image=&#8221;10783&#8243; img_size=&#8221;full&#8221;][\/vc_column_inner][vc_column_inner width=&#8221;1\/2&#8243;][vc_column_text el_class=&#8221;texto&#8221;]The effort, rigor and commitment have helped us to create our own brand, Padilla Doors. Our ambition to be innovative has led us to develop products that have opened up new market lines. But the success of our brand is due to the unquestionable professionalism of our team. People, who with their contribution of youth, knowledge and experience make Padilla Doors an international reference in fire and security doors.<\/p>\n<p>We are aware that the path is made by walking. For this reason, at Padilla Doors, even after having traveled through so many countries and faced the most difficult challenges, we are motivated to continue leading our sector, knowing that in this way we will be rewarded for our efforts.[\/vc_column_text][\/vc_column_inner][\/vc_row_inner][\/vc_column][\/vc_row][vc_row content_text_aligment=&#8221;center&#8221; css=&#8221;.vc_custom_1701680352179{padding-top: 100px !important;padding-bottom: 100px !important;background-image: url(https:\/\/ppadilla.es\/wp-content\/uploads\/2023\/11\/PREMIOS-Y-RECONOCIMIENTOS.jpg?id=10785) !important;background-position: center !important;background-repeat: no-repeat !important;background-size: cover !important;}&#8221; el_class=&#8221;cabecera&#8221;][vc_column][vc_row_inner row_content_width=&#8221;grid&#8221; content_text_aligment=&#8221;left&#8221;][vc_column_inner][vc_custom_heading text=&#8221;AWARDS AND RECOGNITIONS&#8221; font_container=&#8221;tag:h2|text_align:center|color:%23ffffff&#8221; use_theme_fonts=&#8221;yes&#8221;]<div class=\"eltdf-separator-holder clearfix  eltdf-separator-center eltdf-separator-normal\">\n\t<div class=\"eltdf-separator\" style=\"border-color: #ffffff;width: 100px;margin-bottom: 50px\"><\/div>\n<\/div>\n[vc_column_text el_class=&#8221;texto&#8221;]<\/p>\n<ul style=\"color: #fff;\">\n<li>FREMM Award for Entrepreneurial Work<\/li>\n<li>AJE Award<\/li>\n<li>COEC Business Excellence Award<\/li>\n<li>AJE Internationalization Award<\/li>\n<li>Actualidad Econ\u00f3mica Award<\/li>\n<li>Business World Award<\/li>\n<li>Expansion Award to the Best Company in Internationalization, IFEMA<\/li>\n<\/ul>\n<p>[\/vc_column_text][\/vc_column_inner][\/vc_row_inner][\/vc_column][\/vc_row][vc_row css=&#8221;.vc_custom_1698925886450{padding-top: 70px !important;padding-bottom: 100px !important;}&#8221;][vc_column][vc_custom_heading text=&#8221;WE ARE MEMBERS&#8221; font_container=&#8221;tag:h2|text_align:center|color:%23000000&#8243; use_theme_fonts=&#8221;yes&#8221;]<div class=\"eltdf-separator-holder clearfix  eltdf-separator-center eltdf-separator-normal\">\n\t<div class=\"eltdf-separator\" style=\"border-color: #000000;width: 100px;margin-bottom: 50px\"><\/div>\n<\/div>\n[vc_row_inner row_content_width=&#8221;grid&#8221; el_class=&#8221;listalogoscolaboradores&#8221;][vc_column_inner width=&#8221;1\/4&#8243;][vc_single_image image=&#8221;10789&#8243; img_size=&#8221;full&#8221; alignment=&#8221;center&#8221;][vc_column_text]<\/p>\n<p style=\"text-align: center;\"><a href=\"https:\/\/www.apsei.org.pt\/\" target=\"_blank\" rel=\"noopener\">APSEI, Associa\u00e7\u00e3o Portuguesa de Seguran\u00e7a<\/a><\/p>\n<p>[\/vc_column_text][\/vc_column_inner][vc_column_inner width=&#8221;1\/4&#8243;][vc_single_image image=&#8221;10793&#8243; img_size=&#8221;full&#8221; alignment=&#8221;center&#8221;][vc_column_text]<\/p>\n<p style=\"text-align: center;\"><a href=\"https:\/\/ospzpisr.com.pl\/\" target=\"_blank\" rel=\"noopener\">Og\u00f3lnopolskie Stowarzyszenie Producent\u00f3w Zabezpiecze\u0144 Przeciwpo\u017carowych i Sprz\u0119tu Ratowniczego <\/a><\/p>\n<p>[\/vc_column_text][\/vc_column_inner][vc_column_inner width=&#8221;1\/4&#8243;][vc_single_image image=&#8221;10751&#8243; img_size=&#8221;full&#8221; alignment=&#8221;center&#8221;][vc_column_text]<\/p>\n<p style=\"text-align: center;\"><a href=\"https:\/\/www.ul.com\/\" target=\"_blank\" rel=\"noopener\">UL STANDARD FOR SAFETY<\/a><\/p>\n<p>[\/vc_column_text][\/vc_column_inner][vc_column_inner width=&#8221;1\/4&#8243;][vc_single_image image=&#8221;10795&#8243; img_size=&#8221;full&#8221; alignment=&#8221;center&#8221;][vc_column_text]<\/p>\n<p style=\"text-align: center;\"><a href=\"https:\/\/aepa.ws\/\" target=\"_blank\" rel=\"noopener\">AEPA, Manual and Automatic Doors Business Association <\/a><\/p>\n<p>[\/vc_column_text][\/vc_column_inner][\/vc_row_inner][\/vc_column][\/vc_row][vc_row css=&#8221;.vc_custom_1698926184034{padding-top: 70px !important;padding-bottom: 100px !important;background-color: #eaeaea !important;}&#8221;][vc_column][vc_custom_heading text=&#8221;PADILLA DOORS IN IMAGES&#8221; font_container=&#8221;tag:h2|text_align:center|color:%23000000&#8243; use_theme_fonts=&#8221;yes&#8221;]<div class=\"eltdf-separator-holder clearfix  eltdf-separator-center eltdf-separator-normal\">\n\t<div class=\"eltdf-separator\" style=\"border-color: #000000;width: 100px;margin-bottom: 50px\"><\/div>\n<\/div>\n[vc_row_inner row_content_width=&#8221;grid&#8221;][vc_column_inner width=&#8221;1\/3&#8243;][vc_video link=&#8221;https:\/\/www.youtube.com\/watch?v=3nBqiZm5KEg&#8221;][vc_custom_heading text=&#8221;Padilla Doors. The company&#8221; font_container=&#8221;tag:h3|font_size:21px|text_align:left|color:%23000000&#8243; use_theme_fonts=&#8221;yes&#8221;][\/vc_column_inner][vc_column_inner width=&#8221;1\/3&#8243;][vc_video link=&#8221;https:\/\/www.youtube.com\/watch?v=OyUTRWtfQfE&#8221;][vc_custom_heading text=&#8221;Puertas Padilla fighting the pandemic&#8221; font_container=&#8221;tag:h3|font_size:21px|text_align:left|color:%23000000&#8243; use_theme_fonts=&#8221;yes&#8221;][\/vc_column_inner][vc_column_inner width=&#8221;1\/3&#8243;][vc_video link=&#8221;https:\/\/www.youtube.com\/watch?v=hobGlejQYOg&#8221;][vc_custom_heading text=&#8221;Padilla Doors. The image&#8221; font_container=&#8221;tag:h3|font_size:21px|text_align:left|color:%23000000&#8243; use_theme_fonts=&#8221;yes&#8221;][\/vc_column_inner][\/vc_row_inner][\/vc_column][\/vc_row][vc_row css=&#8221;.vc_custom_1698925886450{padding-top: 70px !important;padding-bottom: 100px !important;}&#8221;][vc_column][vc_custom_heading text=&#8221;COLLABORATIONS AND AGREEMENTS&#8221; font_container=&#8221;tag:h2|text_align:center|color:%23000000&#8243; use_theme_fonts=&#8221;yes&#8221;]<div class=\"eltdf-separator-holder clearfix  eltdf-separator-center eltdf-separator-normal\">\n\t<div class=\"eltdf-separator\" style=\"border-color: #000000;width: 100px;margin-bottom: 50px\"><\/div>\n<\/div>\n[vc_row_inner row_content_width=&#8221;grid&#8221; el_class=&#8221;listalogoscolaboradores&#8221;][vc_column_inner width=&#8221;1\/4&#8243;][vc_single_image image=&#8221;10799&#8243; img_size=&#8221;full&#8221; alignment=&#8221;center&#8221;][vc_column_text]<\/p>\n<p style=\"text-align: center;\"><a href=\"https:\/\/fundaciongomezpardo.es\/\" target=\"_blank\" rel=\"noopener\">Foundation<br \/>\nG\u00f3mez-Pardo<\/a><\/p>\n<p>[\/vc_column_text][\/vc_column_inner][vc_column_inner width=&#8221;1\/4&#8243;][vc_single_image image=&#8221;10802&#8243; img_size=&#8221;full&#8221; alignment=&#8221;center&#8221;][vc_column_text]<\/p>\n<p style=\"text-align: center;\"><a href=\"https:\/\/www.uv.es\/\" target=\"_blank\" rel=\"noopener\">Polytechnic University of Valencia <\/a><\/p>\n<p>[\/vc_column_text][\/vc_column_inner][vc_column_inner width=&#8221;1\/4&#8243;][vc_single_image image=&#8221;10804&#8243; img_size=&#8221;full&#8221; alignment=&#8221;center&#8221;][vc_column_text]<\/p>\n<p style=\"text-align: center;\"><a href=\"https:\/\/www.upm.es\/\" target=\"_blank\" rel=\"noopener\">Polytechnic University of Madrid <\/a><\/p>\n<p>[\/vc_column_text][\/vc_column_inner][vc_column_inner width=&#8221;1\/4&#8243;][vc_single_image image=&#8221;10806&#8243; img_size=&#8221;full&#8221; alignment=&#8221;center&#8221;][vc_column_text]<\/p>\n<p style=\"text-align: center;\"><a href=\"https:\/\/www.upct.es\/\" target=\"_blank\" rel=\"noopener\">UPCT <\/a><\/p>\n<p>[\/vc_column_text][\/vc_column_inner][\/vc_row_inner][vc_row_inner row_content_width=&#8221;grid&#8221; el_class=&#8221;listalogoscolaboradores&#8221;][vc_column_inner width=&#8221;1\/4&#8243;][vc_single_image image=&#8221;10808&#8243; img_size=&#8221;full&#8221; alignment=&#8221;center&#8221;][vc_column_text]<\/p>\n<p style=\"text-align: center;\"><a href=\"https:\/\/www.um.es\/\" target=\"_blank\" rel=\"noopener\">University of Murcia <\/a><\/p>\n<p>[\/vc_column_text][\/vc_column_inner][vc_column_inner width=&#8221;1\/4&#8243;][vc_single_image image=&#8221;10810&#8243; img_size=&#8221;full&#8221; alignment=&#8221;center&#8221;][vc_column_text]<\/p>\n<p style=\"text-align: center;\"><a href=\"http:\/\/www.cetem.es\/\" target=\"_blank\" rel=\"noopener\">Cetem<\/a><\/p>\n<p>[\/vc_column_text][\/vc_column_inner][vc_column_inner width=&#8221;1\/4&#8243;][vc_single_image image=&#8221;10812&#8243; img_size=&#8221;full&#8221; alignment=&#8221;center&#8221;][vc_column_text]<\/p>\n<p style=\"text-align: center;\"><a href=\"https:\/\/ctmetal.es\/\" target=\"_blank\" rel=\"noopener\">Murcia Metal Technology Center <\/a><\/p>\n<p>[\/vc_column_text][\/vc_column_inner][vc_column_inner width=&#8221;1\/4&#8243;][vc_single_image image=&#8221;10814&#8243; img_size=&#8221;full&#8221; alignment=&#8221;center&#8221;][vc_column_text]<\/p>\n<p style=\"text-align: center;\"><a href=\"https:\/\/ctnaval.com\/\" target=\"_blank\" rel=\"noopener\">Naval and Marine Technology Center <\/a><\/p>\n<p>[\/vc_column_text][\/vc_column_inner][\/vc_row_inner][\/vc_column][\/vc_row]<\/p>\n<\/div>","protected":false},"excerpt":{"rendered":"<p>[vc_row content_text_aligment=&#8221;center&#8221; css=&#8221;.vc_custom_1701680138947{padding-top: 100px !important;padding-bottom: 100px !important;background-image: url(https:\/\/ppadilla.es\/wp-content\/uploads\/2023\/11\/CABECERA-LA-EMPRESA.png?id=10775) !important;background-position: center !important;background-repeat: no-repeat !important;background-size: cover !important;}&#8221; el_class=&#8221;cabecera&#8221;][vc_column css=&#8221;.vc_custom_1621932560241{margin-top: -15px !important;}&#8221;][vc_single_image image=&#8221;10681&#8243; img_size=&#8221;70X70&#8243; alignment=&#8221;center&#8221;][vc_custom_heading text=&#8221;PADILLA DOORS&#8221; font_container=&#8221;tag:h1|text_align:center|color:%23ffffff&#8221; use_theme_fonts=&#8221;yes&#8221;][vc_custom_heading text=&#8221;Leaders in Innovation and Internationalization with Certified Quality&#8221; font_container=&#8221;tag:p|font_size:30px|text_align:center|color:%23ffffff&#8221; use_theme_fonts=&#8221;yes&#8221;][vc_separator color=&#8221;white&#8221; border_width=&#8221;3&#8243; el_width=&#8221;10&#8243;][\/vc_column][\/vc_row][vc_row content_text_aligment=&#8221;center&#8221;][vc_column][vc_custom_heading text=&#8221;THE COMPANY&#8221; font_container=&#8221;tag:h2|text_align:center|color:%23000000&#8243; use_theme_fonts=&#8221;yes&#8221;][vc_row_inner row_content_width=&#8221;grid&#8221; [&hellip;]<\/p>\n","protected":false},"author":1,"featured_media":17399,"parent":0,"menu_order":0,"comment_status":"closed","ping_status":"closed","template":"full-width.php","meta":{"_acf_changed":false,"footnotes":""},"class_list":["post-10271","page","type-page","status-publish","has-post-thumbnail","hentry"],"acf":[],"yoast_head":"<!-- This site is optimized with the Yoast SEO plugin v26.8 - https:\/\/yoast.com\/product\/yoast-seo-wordpress\/ -->\n<title>PADILLA DOORS - Puertas Padilla<\/title>\n<meta name=\"robots\" content=\"index, follow, max-snippet:-1, max-image-preview:large, max-video-preview:-1\" \/>\n<link rel=\"canonical\" href=\"https:\/\/ppadilla.es\/en\/quienes-somos\/\" \/>\n<meta property=\"og:locale\" content=\"en_US\" \/>\n<meta property=\"og:type\" content=\"article\" \/>\n<meta property=\"og:title\" content=\"PADILLA DOORS - Puertas Padilla\" \/>\n<meta property=\"og:description\" content=\"[vc_row content_text_aligment=&#8221;center&#8221; css=&#8221;.vc_custom_1701680138947{padding-top: 100px !important;padding-bottom: 100px !important;background-image: url(https:\/\/ppadilla.es\/wp-content\/uploads\/2023\/11\/CABECERA-LA-EMPRESA.png?id=10775) !important;background-position: center !important;background-repeat: no-repeat !important;background-size: cover !important;}&#8221; el_class=&#8221;cabecera&#8221;][vc_column css=&#8221;.vc_custom_1621932560241{margin-top: -15px !important;}&#8221;][vc_single_image image=&#8221;10681&#8243; img_size=&#8221;70X70&#8243; alignment=&#8221;center&#8221;][vc_custom_heading text=&#8221;PADILLA DOORS&#8221; font_container=&#8221;tag:h1|text_align:center|color:%23ffffff&#8221; use_theme_fonts=&#8221;yes&#8221;][vc_custom_heading text=&#8221;Leaders in Innovation and Internationalization with Certified Quality&#8221; font_container=&#8221;tag:p|font_size:30px|text_align:center|color:%23ffffff&#8221; use_theme_fonts=&#8221;yes&#8221;][vc_separator color=&#8221;white&#8221; border_width=&#8221;3&#8243; el_width=&#8221;10&#8243;][\/vc_column][\/vc_row][vc_row content_text_aligment=&#8221;center&#8221;][vc_column][vc_custom_heading text=&#8221;THE COMPANY&#8221; font_container=&#8221;tag:h2|text_align:center|color:%23000000&#8243; use_theme_fonts=&#8221;yes&#8221;][vc_row_inner row_content_width=&#8221;grid&#8221; [&hellip;]\" \/>\n<meta property=\"og:url\" content=\"https:\/\/ppadilla.es\/en\/quienes-somos\/\" \/>\n<meta property=\"og:site_name\" content=\"Puertas Padilla\" \/>\n<meta property=\"article:modified_time\" content=\"2026-03-13T07:33:42+00:00\" \/>\n<meta property=\"og:image\" content=\"https:\/\/ppadilla.es\/wp-content\/uploads\/2025\/03\/fotos-abc.jpg\" \/>\n\t<meta property=\"og:image:width\" content=\"980\" \/>\n\t<meta property=\"og:image:height\" content=\"499\" \/>\n\t<meta property=\"og:image:type\" content=\"image\/jpeg\" \/>\n<meta name=\"twitter:card\" content=\"summary_large_image\" \/>\n<meta name=\"twitter:label1\" content=\"Est. reading time\" \/>\n\t<meta name=\"twitter:data1\" content=\"6 minutes\" \/>\n<script type=\"application\/ld+json\" class=\"yoast-schema-graph\">{\"@context\":\"https:\/\/schema.org\",\"@graph\":[{\"@type\":\"WebPage\",\"@id\":\"https:\/\/ppadilla.es\/en\/quienes-somos\/\",\"url\":\"https:\/\/ppadilla.es\/en\/quienes-somos\/\",\"name\":\"PADILLA DOORS - Puertas Padilla\",\"isPartOf\":{\"@id\":\"https:\/\/ppadilla.es\/#website\"},\"primaryImageOfPage\":{\"@id\":\"https:\/\/ppadilla.es\/en\/quienes-somos\/#primaryimage\"},\"image\":{\"@id\":\"https:\/\/ppadilla.es\/en\/quienes-somos\/#primaryimage\"},\"thumbnailUrl\":\"https:\/\/ppadilla.es\/wp-content\/uploads\/2025\/03\/fotos-abc.jpg\",\"datePublished\":\"2022-11-07T11:26:46+00:00\",\"dateModified\":\"2026-03-13T07:33:42+00:00\",\"breadcrumb\":{\"@id\":\"https:\/\/ppadilla.es\/en\/quienes-somos\/#breadcrumb\"},\"inLanguage\":\"en-US\",\"potentialAction\":[{\"@type\":\"ReadAction\",\"target\":[\"https:\/\/ppadilla.es\/en\/quienes-somos\/\"]}]},{\"@type\":\"ImageObject\",\"inLanguage\":\"en-US\",\"@id\":\"https:\/\/ppadilla.es\/en\/quienes-somos\/#primaryimage\",\"url\":\"https:\/\/ppadilla.es\/wp-content\/uploads\/2025\/03\/fotos-abc.jpg\",\"contentUrl\":\"https:\/\/ppadilla.es\/wp-content\/uploads\/2025\/03\/fotos-abc.jpg\",\"width\":980,\"height\":499},{\"@type\":\"BreadcrumbList\",\"@id\":\"https:\/\/ppadilla.es\/en\/quienes-somos\/#breadcrumb\",\"itemListElement\":[{\"@type\":\"ListItem\",\"position\":1,\"name\":\"Portada\",\"item\":\"https:\/\/ppadilla.es\/en\/\"},{\"@type\":\"ListItem\",\"position\":2,\"name\":\"PADILLA DOORS\"}]},{\"@type\":\"WebSite\",\"@id\":\"https:\/\/ppadilla.es\/#website\",\"url\":\"https:\/\/ppadilla.es\/\",\"name\":\"Puertas Padilla\",\"description\":\"L\u00cdDERES EN PUERTAS CORTAFUEGOS\",\"potentialAction\":[{\"@type\":\"SearchAction\",\"target\":{\"@type\":\"EntryPoint\",\"urlTemplate\":\"https:\/\/ppadilla.es\/?s={search_term_string}\"},\"query-input\":{\"@type\":\"PropertyValueSpecification\",\"valueRequired\":true,\"valueName\":\"search_term_string\"}}],\"inLanguage\":\"en-US\"}]}<\/script>\n<!-- \/ Yoast SEO plugin. -->","yoast_head_json":{"title":"PADILLA DOORS - Puertas Padilla","robots":{"index":"index","follow":"follow","max-snippet":"max-snippet:-1","max-image-preview":"max-image-preview:large","max-video-preview":"max-video-preview:-1"},"canonical":"https:\/\/ppadilla.es\/en\/quienes-somos\/","og_locale":"en_US","og_type":"article","og_title":"PADILLA DOORS - Puertas Padilla","og_description":"[vc_row content_text_aligment=&#8221;center&#8221; css=&#8221;.vc_custom_1701680138947{padding-top: 100px !important;padding-bottom: 100px !important;background-image: url(https:\/\/ppadilla.es\/wp-content\/uploads\/2023\/11\/CABECERA-LA-EMPRESA.png?id=10775) !important;background-position: center !important;background-repeat: no-repeat !important;background-size: cover !important;}&#8221; el_class=&#8221;cabecera&#8221;][vc_column css=&#8221;.vc_custom_1621932560241{margin-top: -15px !important;}&#8221;][vc_single_image image=&#8221;10681&#8243; img_size=&#8221;70X70&#8243; alignment=&#8221;center&#8221;][vc_custom_heading text=&#8221;PADILLA DOORS&#8221; font_container=&#8221;tag:h1|text_align:center|color:%23ffffff&#8221; use_theme_fonts=&#8221;yes&#8221;][vc_custom_heading text=&#8221;Leaders in Innovation and Internationalization with Certified Quality&#8221; font_container=&#8221;tag:p|font_size:30px|text_align:center|color:%23ffffff&#8221; use_theme_fonts=&#8221;yes&#8221;][vc_separator color=&#8221;white&#8221; border_width=&#8221;3&#8243; el_width=&#8221;10&#8243;][\/vc_column][\/vc_row][vc_row content_text_aligment=&#8221;center&#8221;][vc_column][vc_custom_heading text=&#8221;THE COMPANY&#8221; font_container=&#8221;tag:h2|text_align:center|color:%23000000&#8243; use_theme_fonts=&#8221;yes&#8221;][vc_row_inner row_content_width=&#8221;grid&#8221; [&hellip;]","og_url":"https:\/\/ppadilla.es\/en\/quienes-somos\/","og_site_name":"Puertas Padilla","article_modified_time":"2026-03-13T07:33:42+00:00","og_image":[{"width":980,"height":499,"url":"https:\/\/ppadilla.es\/wp-content\/uploads\/2025\/03\/fotos-abc.jpg","type":"image\/jpeg"}],"twitter_card":"summary_large_image","twitter_misc":{"Est. reading time":"6 minutes"},"schema":{"@context":"https:\/\/schema.org","@graph":[{"@type":"WebPage","@id":"https:\/\/ppadilla.es\/en\/quienes-somos\/","url":"https:\/\/ppadilla.es\/en\/quienes-somos\/","name":"PADILLA DOORS - Puertas Padilla","isPartOf":{"@id":"https:\/\/ppadilla.es\/#website"},"primaryImageOfPage":{"@id":"https:\/\/ppadilla.es\/en\/quienes-somos\/#primaryimage"},"image":{"@id":"https:\/\/ppadilla.es\/en\/quienes-somos\/#primaryimage"},"thumbnailUrl":"https:\/\/ppadilla.es\/wp-content\/uploads\/2025\/03\/fotos-abc.jpg","datePublished":"2022-11-07T11:26:46+00:00","dateModified":"2026-03-13T07:33:42+00:00","breadcrumb":{"@id":"https:\/\/ppadilla.es\/en\/quienes-somos\/#breadcrumb"},"inLanguage":"en-US","potentialAction":[{"@type":"ReadAction","target":["https:\/\/ppadilla.es\/en\/quienes-somos\/"]}]},{"@type":"ImageObject","inLanguage":"en-US","@id":"https:\/\/ppadilla.es\/en\/quienes-somos\/#primaryimage","url":"https:\/\/ppadilla.es\/wp-content\/uploads\/2025\/03\/fotos-abc.jpg","contentUrl":"https:\/\/ppadilla.es\/wp-content\/uploads\/2025\/03\/fotos-abc.jpg","width":980,"height":499},{"@type":"BreadcrumbList","@id":"https:\/\/ppadilla.es\/en\/quienes-somos\/#breadcrumb","itemListElement":[{"@type":"ListItem","position":1,"name":"Portada","item":"https:\/\/ppadilla.es\/en\/"},{"@type":"ListItem","position":2,"name":"PADILLA DOORS"}]},{"@type":"WebSite","@id":"https:\/\/ppadilla.es\/#website","url":"https:\/\/ppadilla.es\/","name":"Puertas Padilla","description":"L\u00cdDERES EN PUERTAS CORTAFUEGOS","potentialAction":[{"@type":"SearchAction","target":{"@type":"EntryPoint","urlTemplate":"https:\/\/ppadilla.es\/?s={search_term_string}"},"query-input":{"@type":"PropertyValueSpecification","valueRequired":true,"valueName":"search_term_string"}}],"inLanguage":"en-US"}]}},"_links":{"self":[{"href":"https:\/\/ppadilla.es\/en\/wp-json\/wp\/v2\/pages\/10271","targetHints":{"allow":["GET"]}}],"collection":[{"href":"https:\/\/ppadilla.es\/en\/wp-json\/wp\/v2\/pages"}],"about":[{"href":"https:\/\/ppadilla.es\/en\/wp-json\/wp\/v2\/types\/page"}],"author":[{"embeddable":true,"href":"https:\/\/ppadilla.es\/en\/wp-json\/wp\/v2\/users\/1"}],"replies":[{"embeddable":true,"href":"https:\/\/ppadilla.es\/en\/wp-json\/wp\/v2\/comments?post=10271"}],"version-history":[{"count":11,"href":"https:\/\/ppadilla.es\/en\/wp-json\/wp\/v2\/pages\/10271\/revisions"}],"predecessor-version":[{"id":18074,"href":"https:\/\/ppadilla.es\/en\/wp-json\/wp\/v2\/pages\/10271\/revisions\/18074"}],"wp:featuredmedia":[{"embeddable":true,"href":"https:\/\/ppadilla.es\/en\/wp-json\/wp\/v2\/media\/17399"}],"wp:attachment":[{"href":"https:\/\/ppadilla.es\/en\/wp-json\/wp\/v2\/media?parent=10271"}],"curies":[{"name":"wp","href":"https:\/\/api.w.org\/{rel}","templated":true}]}}