{"id":18330,"date":"2026-04-22T07:38:44","date_gmt":"2026-04-22T07:38:44","guid":{"rendered":"https:\/\/ppadilla.es\/?page_id=18330"},"modified":"2026-04-22T07:38:44","modified_gmt":"2026-04-22T07:38:44","slug":"datenschutzerklaerung","status":"publish","type":"page","link":"https:\/\/ppadilla.es\/de\/datenschutzerklaerung\/","title":{"rendered":"Datenschutzerkl\u00e4rung"},"content":{"rendered":"<div class=\"wpb-content-wrapper\"><p>[vc_row css=&#8220;.vc_custom_1708598241874{padding-top: 100px !important;padding-bottom: 100px !important;background-color: #515151 !important;}&#8220;][vc_column][vc_single_image image=&#8220;12858&#8243; img_size=&#8220;70X70&#8243; alignment=&#8220;center&#8220;][vc_custom_heading text=&#8220;DATENSCHUTZERKL\u00c4RUNG&#8220; font_container=&#8220;tag:h1|text_align:center|color:%23ffffff&#8220; use_theme_fonts=&#8220;yes&#8220;][vc_separator color=&#8220;white&#8220; border_width=&#8220;3&#8243; el_width=&#8220;10&#8243;][\/vc_column][\/vc_row][vc_row row_content_width=&#8220;grid&#8220; css=&#8220;.vc_custom_1708599322800{padding-top: 70px !important;padding-right: 30px !important;padding-bottom: 70px !important;padding-left: 30px !important;}&#8220;][vc_column][vc_column_text]<\/p>\n<h3>1. INFORMATIONEN F\u00dcR DEN NUTZER<\/h3>\n<p>Wer ist f\u00fcr die Verarbeitung Ihrer personenbezogenen Daten verantwortlich?<\/p>\n<p>PUERTAS PADILLA, S.L. ist der VERANTWORTLICHE f\u00fcr die Verarbeitung der personenbezogenen Daten des NUTZERS und informiert Sie dar\u00fcber, dass diese Daten gem\u00e4\u00df der Verordnung (EU) 2016\/679 vom 27. April (DSGVO) sowie dem spanischen Organgesetz 3\/2018 vom 5. Dezember (LOPDGDD) verarbeitet werden.<\/p>\n<p>Zu welchen Zwecken verarbeiten wir Ihre personenbezogenen Daten und auf welcher Grundlage?<\/p>\n<p>Abh\u00e4ngig vom Formular, \u00fcber das wir Ihre personenbezogenen Daten erhalten haben, werden diese vertraulich f\u00fcr folgende Zwecke verarbeitet:<\/p>\n<p>Im Kontaktformular:<\/p>\n<p>&#8211; Beantwortung von Anfragen oder jeglicher Art von Anfrage, die der Nutzer \u00fcber die auf der Website verf\u00fcgbaren Kontaktm\u00f6glichkeiten stellt (berechtigtes Interesse des Verantwortlichen, Art. 6 Abs. 1 lit. f DSGVO).<br \/>\n&#8211; Versand von kommerziellen Informationen per E-Mail, Fax, SMS, MMS, sozialen Netzwerken oder anderen elektronischen oder physischen Kommunikationsmitteln. Diese Mitteilungen erfolgen durch den Verantwortlichen und beziehen sich auf dessen Produkte und Dienstleistungen oder auf Partner bzw. Lieferanten mit entsprechenden Vereinbarungen. Dritte erhalten keinen Zugriff auf personenbezogene Daten (Einwilligung der betroffenen Person, Art. 6 Abs. 1 lit. a DSGVO).<br \/>\n&#8211; Durchf\u00fchrung statistischer Analysen und Marktforschung (berechtigtes Interesse des Verantwortlichen, Art. 6 Abs. 1 lit. f DSGVO).<\/p>\n<p>Wie lange speichern wir Ihre personenbezogenen Daten?<\/p>\n<p>Die Daten werden nur so lange gespeichert, wie es f\u00fcr den Zweck der Verarbeitung erforderlich ist oder gesetzliche Aufbewahrungspflichten bestehen. Anschlie\u00dfend werden sie sicher gel\u00f6scht oder anonymisiert.<\/p>\n<p>An wen geben wir Ihre personenbezogenen Daten weiter?<\/p>\n<p>Eine Weitergabe personenbezogener Daten an Dritte erfolgt nicht, es sei denn, dies ist zur Durchf\u00fchrung der Verarbeitung erforderlich. In diesem Fall k\u00f6nnen Daten an Dienstleister im Bereich Kommunikation \u00fcbermittelt werden, die alle vertraglich zur Vertraulichkeit und zur Einhaltung der Datenschutzbestimmungen verpflichtet sind.<\/p>\n<p>Welche Rechte haben Sie?<\/p>\n<p>Der NUTZER hat folgende Rechte:<\/p>\n<p>&#8211; Widerruf der Einwilligung jederzeit<br \/>\n&#8211; Auskunft, Berichtigung, \u00dcbertragbarkeit und L\u00f6schung der Daten sowie Einschr\u00e4nkung oder Widerspruch gegen die Verarbeitung<br \/>\n&#8211; Beschwerderecht bei der Aufsichtsbeh\u00f6rde (www.aepd.es), wenn die Verarbeitung nicht den geltenden Vorschriften entspricht  <\/p>\n<p>Kontakt zur Aus\u00fcbung Ihrer Rechte:<\/p>\n<p>PUERTAS PADILLA, S.L.<br \/>\nAv. Constituci\u00f3n Espa\u00f1ola 73, 30330 Cartagena (Murcia), Spanien<br \/>\nE-Mail: rgpd@ppadilla.es  <\/p>\n<p>&#8212;<\/p>\n<h3>2. VERPFLICHTENDE ODER FREIWILLIGE ANGABEN DES NUTZERS<\/h3>\n<p>Durch das Ankreuzen der entsprechenden K\u00e4stchen und die Eingabe der mit einem Stern (*) gekennzeichneten Felder in Kontakt- oder Downloadformularen akzeptiert der Nutzer ausdr\u00fccklich, dass diese Daten f\u00fcr die Bearbeitung seiner Anfrage erforderlich sind. Alle \u00fcbrigen Felder sind freiwillig.<\/p>\n<p>Der NUTZER garantiert, dass die angegebenen personenbezogenen Daten korrekt sind und verpflichtet sich, \u00c4nderungen mitzuteilen.<\/p>\n<p>Der VERANTWORTLICHE weist darauf hin, dass alle \u00fcber die Website angeforderten Daten erforderlich sind, um einen optimalen Service zu gew\u00e4hrleisten. Ohne vollst\u00e4ndige Angaben kann die Leistung nicht in vollem Umfang gew\u00e4hrleistet werden.<\/p>\n<p>&#8212;<\/p>\n<h3>3. SICHERHEITSMASSNAHMEN<\/h3>\n<p>Gem\u00e4\u00df den geltenden Datenschutzvorschriften erf\u00fcllt der VERANTWORTLICHE die Anforderungen der DSGVO und der LOPDGDD und verarbeitet personenbezogene Daten gem\u00e4\u00df den Grunds\u00e4tzen des Artikels 5 der DSGVO, insbesondere rechtm\u00e4\u00dfig, fair und transparent sowie zweckgebunden und auf das notwendige Ma\u00df beschr\u00e4nkt.<\/p>\n<p>Der VERANTWORTLICHE garantiert, dass geeignete technische und organisatorische Ma\u00dfnahmen umgesetzt wurden, um die Sicherheit personenbezogener Daten zu gew\u00e4hrleisten und die Rechte und Freiheiten der NUTZER zu sch\u00fctzen.<\/p>\n<p>F\u00fcr weitere Informationen zur Datensicherheit:<\/p>\n<p>PUERTAS PADILLA, S.L.<br \/>\nAv. Constituci\u00f3n Espa\u00f1ola 73, 30330 Cartagena (Murcia), Spanien<br \/>\nE-Mail: rgpd@ppadilla.es  <\/p>\n<p>[\/vc_column_text][\/vc_column][\/vc_row]<\/p>\n<\/div>","protected":false},"excerpt":{"rendered":"<p>[vc_row css=&#8220;.vc_custom_1708598241874{padding-top: 100px !important;padding-bottom: 100px !important;background-color: #515151 !important;}&#8220;][vc_column][vc_single_image image=&#8220;12858&#8243; img_size=&#8220;70X70&#8243; alignment=&#8220;center&#8220;][vc_custom_heading text=&#8220;DATENSCHUTZERKL\u00c4RUNG&#8220; font_container=&#8220;tag:h1|text_align:center|color:%23ffffff&#8220; use_theme_fonts=&#8220;yes&#8220;][vc_separator color=&#8220;white&#8220; border_width=&#8220;3&#8243; el_width=&#8220;10&#8243;][\/vc_column][\/vc_row][vc_row row_content_width=&#8220;grid&#8220; css=&#8220;.vc_custom_1708599322800{padding-top: 70px !important;padding-right: 30px !important;padding-bottom: 70px !important;padding-left: 30px !important;}&#8220;][vc_column][vc_column_text] 1. INFORMATIONEN F\u00dcR DEN NUTZER Wer ist f\u00fcr die Verarbeitung Ihrer personenbezogenen Daten verantwortlich? PUERTAS PADILLA, S.L. ist [&hellip;]<\/p>\n","protected":false},"author":9,"featured_media":0,"parent":0,"menu_order":0,"comment_status":"closed","ping_status":"closed","template":"full-width.php","meta":{"_acf_changed":false,"footnotes":""},"class_list":["post-18330","page","type-page","status-publish","hentry"],"acf":[],"yoast_head":"<!-- This site is optimized with the Yoast SEO plugin v26.8 - https:\/\/yoast.com\/product\/yoast-seo-wordpress\/ -->\n<title>Datenschutzerkl\u00e4rung | PADILLA Fire Doors<\/title>\n<meta name=\"description\" content=\"Datenschutzerkl\u00e4rung der Website PADILLA Fire Doors mit Informationen zur Verarbeitung personenbezogener Daten, Nutzerrechten und geltenden Sicherheitsma\u00dfnahmen gem\u00e4\u00df DSGVO.\" \/>\n<meta name=\"robots\" content=\"index, follow, max-snippet:-1, max-image-preview:large, max-video-preview:-1\" \/>\n<link rel=\"canonical\" href=\"https:\/\/ppadilla.es\/de\/datenschutzerklaerung\/\" \/>\n<meta property=\"og:locale\" content=\"de_DE\" \/>\n<meta property=\"og:type\" content=\"article\" \/>\n<meta property=\"og:title\" content=\"Datenschutzerkl\u00e4rung | PADILLA Fire Doors\" \/>\n<meta property=\"og:description\" content=\"Datenschutzerkl\u00e4rung der Website PADILLA Fire Doors mit Informationen zur Verarbeitung personenbezogener Daten, Nutzerrechten und geltenden Sicherheitsma\u00dfnahmen gem\u00e4\u00df DSGVO.\" \/>\n<meta property=\"og:url\" content=\"https:\/\/ppadilla.es\/de\/datenschutzerklaerung\/\" \/>\n<meta property=\"og:site_name\" content=\"Puertas Padilla\" \/>\n<meta name=\"twitter:card\" content=\"summary_large_image\" \/>\n<script type=\"application\/ld+json\" class=\"yoast-schema-graph\">{\"@context\":\"https:\/\/schema.org\",\"@graph\":[{\"@type\":\"WebPage\",\"@id\":\"https:\/\/ppadilla.es\/de\/datenschutzerklaerung\/\",\"url\":\"https:\/\/ppadilla.es\/de\/datenschutzerklaerung\/\",\"name\":\"Datenschutzerkl\u00e4rung | PADILLA Fire Doors\",\"isPartOf\":{\"@id\":\"https:\/\/ppadilla.es\/#website\"},\"datePublished\":\"2026-04-22T07:38:44+00:00\",\"description\":\"Datenschutzerkl\u00e4rung der Website PADILLA Fire Doors mit Informationen zur Verarbeitung personenbezogener Daten, Nutzerrechten und geltenden Sicherheitsma\u00dfnahmen gem\u00e4\u00df DSGVO.\",\"breadcrumb\":{\"@id\":\"https:\/\/ppadilla.es\/de\/datenschutzerklaerung\/#breadcrumb\"},\"inLanguage\":\"de\",\"potentialAction\":[{\"@type\":\"ReadAction\",\"target\":[\"https:\/\/ppadilla.es\/de\/datenschutzerklaerung\/\"]}]},{\"@type\":\"BreadcrumbList\",\"@id\":\"https:\/\/ppadilla.es\/de\/datenschutzerklaerung\/#breadcrumb\",\"itemListElement\":[{\"@type\":\"ListItem\",\"position\":1,\"name\":\"Portada\",\"item\":\"https:\/\/ppadilla.es\/de\/\"},{\"@type\":\"ListItem\",\"position\":2,\"name\":\"Datenschutzerkl\u00e4rung\"}]},{\"@type\":\"WebSite\",\"@id\":\"https:\/\/ppadilla.es\/#website\",\"url\":\"https:\/\/ppadilla.es\/\",\"name\":\"Puertas Padilla\",\"description\":\"L\u00cdDERES EN PUERTAS CORTAFUEGOS\",\"potentialAction\":[{\"@type\":\"SearchAction\",\"target\":{\"@type\":\"EntryPoint\",\"urlTemplate\":\"https:\/\/ppadilla.es\/?s={search_term_string}\"},\"query-input\":{\"@type\":\"PropertyValueSpecification\",\"valueRequired\":true,\"valueName\":\"search_term_string\"}}],\"inLanguage\":\"de\"}]}<\/script>\n<!-- \/ Yoast SEO plugin. -->","yoast_head_json":{"title":"Datenschutzerkl\u00e4rung | PADILLA Fire Doors","description":"Datenschutzerkl\u00e4rung der Website PADILLA Fire Doors mit Informationen zur Verarbeitung personenbezogener Daten, Nutzerrechten und geltenden Sicherheitsma\u00dfnahmen gem\u00e4\u00df DSGVO.","robots":{"index":"index","follow":"follow","max-snippet":"max-snippet:-1","max-image-preview":"max-image-preview:large","max-video-preview":"max-video-preview:-1"},"canonical":"https:\/\/ppadilla.es\/de\/datenschutzerklaerung\/","og_locale":"de_DE","og_type":"article","og_title":"Datenschutzerkl\u00e4rung | PADILLA Fire Doors","og_description":"Datenschutzerkl\u00e4rung der Website PADILLA Fire Doors mit Informationen zur Verarbeitung personenbezogener Daten, Nutzerrechten und geltenden Sicherheitsma\u00dfnahmen gem\u00e4\u00df DSGVO.","og_url":"https:\/\/ppadilla.es\/de\/datenschutzerklaerung\/","og_site_name":"Puertas Padilla","twitter_card":"summary_large_image","schema":{"@context":"https:\/\/schema.org","@graph":[{"@type":"WebPage","@id":"https:\/\/ppadilla.es\/de\/datenschutzerklaerung\/","url":"https:\/\/ppadilla.es\/de\/datenschutzerklaerung\/","name":"Datenschutzerkl\u00e4rung | PADILLA Fire Doors","isPartOf":{"@id":"https:\/\/ppadilla.es\/#website"},"datePublished":"2026-04-22T07:38:44+00:00","description":"Datenschutzerkl\u00e4rung der Website PADILLA Fire Doors mit Informationen zur Verarbeitung personenbezogener Daten, Nutzerrechten und geltenden Sicherheitsma\u00dfnahmen gem\u00e4\u00df DSGVO.","breadcrumb":{"@id":"https:\/\/ppadilla.es\/de\/datenschutzerklaerung\/#breadcrumb"},"inLanguage":"de","potentialAction":[{"@type":"ReadAction","target":["https:\/\/ppadilla.es\/de\/datenschutzerklaerung\/"]}]},{"@type":"BreadcrumbList","@id":"https:\/\/ppadilla.es\/de\/datenschutzerklaerung\/#breadcrumb","itemListElement":[{"@type":"ListItem","position":1,"name":"Portada","item":"https:\/\/ppadilla.es\/de\/"},{"@type":"ListItem","position":2,"name":"Datenschutzerkl\u00e4rung"}]},{"@type":"WebSite","@id":"https:\/\/ppadilla.es\/#website","url":"https:\/\/ppadilla.es\/","name":"Puertas Padilla","description":"L\u00cdDERES EN PUERTAS CORTAFUEGOS","potentialAction":[{"@type":"SearchAction","target":{"@type":"EntryPoint","urlTemplate":"https:\/\/ppadilla.es\/?s={search_term_string}"},"query-input":{"@type":"PropertyValueSpecification","valueRequired":true,"valueName":"search_term_string"}}],"inLanguage":"de"}]}},"_links":{"self":[{"href":"https:\/\/ppadilla.es\/de\/wp-json\/wp\/v2\/pages\/18330","targetHints":{"allow":["GET"]}}],"collection":[{"href":"https:\/\/ppadilla.es\/de\/wp-json\/wp\/v2\/pages"}],"about":[{"href":"https:\/\/ppadilla.es\/de\/wp-json\/wp\/v2\/types\/page"}],"author":[{"embeddable":true,"href":"https:\/\/ppadilla.es\/de\/wp-json\/wp\/v2\/users\/9"}],"replies":[{"embeddable":true,"href":"https:\/\/ppadilla.es\/de\/wp-json\/wp\/v2\/comments?post=18330"}],"version-history":[{"count":2,"href":"https:\/\/ppadilla.es\/de\/wp-json\/wp\/v2\/pages\/18330\/revisions"}],"predecessor-version":[{"id":18334,"href":"https:\/\/ppadilla.es\/de\/wp-json\/wp\/v2\/pages\/18330\/revisions\/18334"}],"wp:attachment":[{"href":"https:\/\/ppadilla.es\/de\/wp-json\/wp\/v2\/media?parent=18330"}],"curies":[{"name":"wp","href":"https:\/\/api.w.org\/{rel}","templated":true}]}}