{"id":18288,"date":"2026-04-21T07:38:24","date_gmt":"2026-04-21T07:38:24","guid":{"rendered":"https:\/\/ppadilla.es\/?page_id=18288"},"modified":"2026-04-21T07:50:24","modified_gmt":"2026-04-21T07:50:24","slug":"impressum","status":"publish","type":"page","link":"https:\/\/ppadilla.es\/de\/impressum\/","title":{"rendered":"IMPRESSUM"},"content":{"rendered":"<div class=\"wpb-content-wrapper\"><p>[vc_row css=&#8220;.vc_custom_1708598241874{padding-top: 100px !important;padding-bottom: 100px !important;background-color: #515151 !important;}&#8220;][vc_column][vc_single_image image=&#8220;12858&#8243; img_size=&#8220;70X70&#8243; alignment=&#8220;center&#8220;][vc_custom_heading text=&#8220;IMPRESSUM&#8220; font_container=&#8220;tag:h1|text_align:center|color:%23ffffff&#8220; use_theme_fonts=&#8220;yes&#8220;][vc_separator color=&#8220;white&#8220; border_width=&#8220;3&#8243; el_width=&#8220;10&#8243;][\/vc_column][\/vc_row][vc_row row_content_width=&#8220;grid&#8220; css=&#8220;.vc_custom_1708599322800{padding-top: 70px !important;padding-right: 30px !important;padding-bottom: 70px !important;padding-left: 30px !important;}&#8220;][vc_column][vc_column_text]<\/p>\n<h2>GESETZ \u00dcBER DIENSTE DER INFORMATIONSGESELLSCHAFT (LSSI)<\/h2>\n<p>PUERTAS PADILLA, S.L., Verantwortlicher dieser Website (nachfolgend \u201eVERANTWORTLICHER\u201c), stellt den Nutzern dieses Dokument zur Verf\u00fcgung, um die Verpflichtungen gem\u00e4\u00df Gesetz 34\/2002 vom 11. Juli \u00fcber Dienste der Informationsgesellschaft und des elektronischen Gesch\u00e4ftsverkehrs (LSSICE) zu erf\u00fcllen sowie die Nutzer \u00fcber die Nutzungsbedingungen dieser Website zu informieren.<\/p>\n<p>Jede Person, die auf diese Website zugreift, \u00fcbernimmt die Rolle eines Nutzers und verpflichtet sich zur Einhaltung der hier festgelegten Bestimmungen sowie aller sonstigen anwendbaren gesetzlichen Vorschriften.<\/p>\n<p>Der VERANTWORTLICHE beh\u00e4lt sich das Recht vor, jegliche auf der Website enthaltene Information ohne vorherige Ank\u00fcndigung zu \u00e4ndern. Die Ver\u00f6ffentlichung auf der Website gilt als ausreichend.<\/p>\n<h3>1. IDENTIFIKATIONSDATEN<\/h3>\n<ul>\n<li><strong>Domain<\/strong>: ppadilla.es<\/li>\n<li><strong>Handelsname:<\/strong> PADILLA Fire Doors<\/li>\n<li><strong>Firmenname:<\/strong> PUERTAS PADILLA, S.L.<\/li>\n<li><strong>Steuernummer (NIF)<\/strong>: B30668602<\/li>\n<li><strong>Sitz:<\/strong> Av. Constituci\u00f3n Espa\u00f1ola 73, 30330 Cartagena (Murcia), Spanien<\/li>\n<li><strong>Telefon<\/strong>: +34 968 160 092<\/li>\n<li><strong>E-Mail<\/strong>: info@ppadilla.es<\/li>\n<li><strong>Handelsregister:<\/strong> Eingetragen im Handelsregister von Murcia, Band 81, Blatt 71, Seite 1743<\/li>\n<\/ul>\n<h3>2. GEISTIGES EIGENTUM UND GEWERBLICHE SCHUTZRECHTE<\/h3>\n<p>Die Website, einschlie\u00dflich ihrer Programmierung, Gestaltung, Struktur, Designs, Logos, Texte und Grafiken, ist Eigentum des VERANTWORTLICHEN oder wird mit entsprechender Lizenz genutzt.<\/p>\n<p>Alle Inhalte sind durch die geltenden Vorschriften zum Schutz des geistigen und gewerblichen Eigentums gesch\u00fctzt.<\/p>\n<p>Jegliche Vervielf\u00e4ltigung, Nutzung, Verbreitung oder kommerzielle Verwendung \u2013 ganz oder teilweise \u2013 bedarf der vorherigen schriftlichen Zustimmung des VERANTWORTLICHEN.<\/p>\n<p>Nicht autorisierte Nutzung stellt eine schwerwiegende Verletzung der Schutzrechte dar.<\/p>\n<p>Inhalte Dritter bleiben Eigentum der jeweiligen Rechteinhaber. Der VERANTWORTLICHE \u00fcbernimmt keine Verantwortung f\u00fcr etwaige Streitigkeiten in Bezug auf diese Inhalte.<\/p>\n<p>F\u00fcr Hinweise auf m\u00f6gliche Rechtsverletzungen kontaktieren Sie bitte: info@ppadilla.es<\/p>\n<h3>3. HAFTUNGSAUSSCHLUSS<\/h3>\n<p>Der VERANTWORTLICHE \u00fcbernimmt keine Haftung f\u00fcr Inhalte auf der Website, sofern er keine tats\u00e4chliche Kenntnis von deren Rechtswidrigkeit hat oder unverz\u00fcglich Ma\u00dfnahmen zur Entfernung ergriffen hat.<\/p>\n<h4>Cookies<\/h4>\n<p>Diese Website kann technische Cookies verwenden, die f\u00fcr den Betrieb erforderlich sind. Diese sind tempor\u00e4r und dienen ausschlie\u00dflich der Verbesserung der Nutzererfahrung.<\/p>\n<p>Cookies speichern keine personenbezogenen Daten ohne Zustimmung des Nutzers.<\/p>\n<p>Der Nutzer kann seinen Browser so konfigurieren, dass er \u00fcber Cookies informiert wird oder deren Installation verhindert.<\/p>\n<h4>Externe Links<\/h4>\n<p>Die Website kann Links zu externen Websites enthalten, deren Inhalte nicht kontrolliert werden k\u00f6nnen. F\u00fcr diese Inhalte wird keine Haftung \u00fcbernommen.<\/p>\n<p>Rechtswidrige Inhalte werden nach Kenntnis unverz\u00fcglich entfernt.<\/p>\n<p>Nutzerinhalte<\/p>\n<p>Der VERANTWORTLICHE haftet nicht f\u00fcr Inhalte, die von Nutzern \u00fcber Plattformen wie Foren, Kommentare oder soziale Netzwerke ver\u00f6ffentlicht werden.<\/p>\n<p>Bei Kenntnis rechtswidriger Inhalte erfolgt deren Entfernung in Zusammenarbeit mit den zust\u00e4ndigen Beh\u00f6rden.<\/p>\n<p>Verf\u00fcgbarkeit der Website<\/p>\n<p>Die Website wurde gepr\u00fcft, um eine ordnungsgem\u00e4\u00dfe Funktion zu gew\u00e4hrleisten. Dennoch kann keine Garantie f\u00fcr eine unterbrechungsfreie Verf\u00fcgbarkeit gegeben werden.<\/p>\n<h4>IP-Adressen<\/h4>\n<p>Die Server k\u00f6nnen automatisch IP-Adressen erfassen, um statistische Auswertungen wie Besucherzahlen oder Zugriffe zu erstellen.<\/p>\n<h2>4. ANWENDBARES RECHT UND GERICHTSSTAND<\/h2>\n<p>F\u00fcr alle Streitigkeiten im Zusammenhang mit dieser Website gilt spanisches Recht.<\/p>\n<p>Gerichtsstand sind die zust\u00e4ndigen Gerichte am Wohnsitz des Nutzers oder am Ort der Vertragserf\u00fcllung.[\/vc_column_text][\/vc_column][\/vc_row]<\/p>\n<\/div>","protected":false},"excerpt":{"rendered":"<p>[vc_row css=&#8220;.vc_custom_1708598241874{padding-top: 100px !important;padding-bottom: 100px !important;background-color: #515151 !important;}&#8220;][vc_column][vc_single_image image=&#8220;12858&#8243; img_size=&#8220;70X70&#8243; alignment=&#8220;center&#8220;][vc_custom_heading text=&#8220;IMPRESSUM&#8220; font_container=&#8220;tag:h1|text_align:center|color:%23ffffff&#8220; use_theme_fonts=&#8220;yes&#8220;][vc_separator color=&#8220;white&#8220; border_width=&#8220;3&#8243; el_width=&#8220;10&#8243;][\/vc_column][\/vc_row][vc_row row_content_width=&#8220;grid&#8220; css=&#8220;.vc_custom_1708599322800{padding-top: 70px !important;padding-right: 30px !important;padding-bottom: 70px !important;padding-left: 30px !important;}&#8220;][vc_column][vc_column_text] GESETZ \u00dcBER DIENSTE DER INFORMATIONSGESELLSCHAFT (LSSI) PUERTAS PADILLA, S.L., Verantwortlicher dieser Website (nachfolgend \u201eVERANTWORTLICHER\u201c), stellt den Nutzern dieses [&hellip;]<\/p>\n","protected":false},"author":9,"featured_media":0,"parent":0,"menu_order":0,"comment_status":"closed","ping_status":"closed","template":"full-width.php","meta":{"_acf_changed":false,"footnotes":""},"class_list":["post-18288","page","type-page","status-publish","hentry"],"acf":[],"yoast_head":"<!-- This site is optimized with the Yoast SEO plugin v26.8 - https:\/\/yoast.com\/product\/yoast-seo-wordpress\/ -->\n<title>IMPRESSUM - Puertas Padilla<\/title>\n<meta name=\"description\" content=\"Impressum von PUERTAS PADILLA, S.L. mit Angaben zum Webseitenbetreiber, Nutzungsbedingungen und Haftungsregelungen gem\u00e4\u00df geltender Gesetzgebung.\" \/>\n<meta name=\"robots\" content=\"index, follow, max-snippet:-1, max-image-preview:large, max-video-preview:-1\" \/>\n<link rel=\"canonical\" href=\"https:\/\/ppadilla.es\/de\/impressum\/\" \/>\n<meta property=\"og:locale\" content=\"de_DE\" \/>\n<meta property=\"og:type\" content=\"article\" \/>\n<meta property=\"og:title\" content=\"IMPRESSUM - Puertas Padilla\" \/>\n<meta property=\"og:description\" content=\"Impressum von PUERTAS PADILLA, S.L. mit Angaben zum Webseitenbetreiber, Nutzungsbedingungen und Haftungsregelungen gem\u00e4\u00df geltender Gesetzgebung.\" \/>\n<meta property=\"og:url\" content=\"https:\/\/ppadilla.es\/de\/impressum\/\" \/>\n<meta property=\"og:site_name\" content=\"Puertas Padilla\" \/>\n<meta property=\"article:modified_time\" content=\"2026-04-21T07:50:24+00:00\" \/>\n<meta name=\"twitter:card\" content=\"summary_large_image\" \/>\n<meta name=\"twitter:label1\" content=\"Gesch\u00e4tzte Lesezeit\" \/>\n\t<meta name=\"twitter:data1\" content=\"3\u00a0Minuten\" \/>\n<script type=\"application\/ld+json\" class=\"yoast-schema-graph\">{\"@context\":\"https:\/\/schema.org\",\"@graph\":[{\"@type\":\"WebPage\",\"@id\":\"https:\/\/ppadilla.es\/de\/impressum\/\",\"url\":\"https:\/\/ppadilla.es\/de\/impressum\/\",\"name\":\"IMPRESSUM - Puertas Padilla\",\"isPartOf\":{\"@id\":\"https:\/\/ppadilla.es\/#website\"},\"datePublished\":\"2026-04-21T07:38:24+00:00\",\"dateModified\":\"2026-04-21T07:50:24+00:00\",\"description\":\"Impressum von PUERTAS PADILLA, S.L. mit Angaben zum Webseitenbetreiber, Nutzungsbedingungen und Haftungsregelungen gem\u00e4\u00df geltender Gesetzgebung.\",\"breadcrumb\":{\"@id\":\"https:\/\/ppadilla.es\/de\/impressum\/#breadcrumb\"},\"inLanguage\":\"de\",\"potentialAction\":[{\"@type\":\"ReadAction\",\"target\":[\"https:\/\/ppadilla.es\/de\/impressum\/\"]}]},{\"@type\":\"BreadcrumbList\",\"@id\":\"https:\/\/ppadilla.es\/de\/impressum\/#breadcrumb\",\"itemListElement\":[{\"@type\":\"ListItem\",\"position\":1,\"name\":\"Portada\",\"item\":\"https:\/\/ppadilla.es\/de\/\"},{\"@type\":\"ListItem\",\"position\":2,\"name\":\"IMPRESSUM\"}]},{\"@type\":\"WebSite\",\"@id\":\"https:\/\/ppadilla.es\/#website\",\"url\":\"https:\/\/ppadilla.es\/\",\"name\":\"Puertas Padilla\",\"description\":\"L\u00cdDERES EN PUERTAS CORTAFUEGOS\",\"potentialAction\":[{\"@type\":\"SearchAction\",\"target\":{\"@type\":\"EntryPoint\",\"urlTemplate\":\"https:\/\/ppadilla.es\/?s={search_term_string}\"},\"query-input\":{\"@type\":\"PropertyValueSpecification\",\"valueRequired\":true,\"valueName\":\"search_term_string\"}}],\"inLanguage\":\"de\"}]}<\/script>\n<!-- \/ Yoast SEO plugin. -->","yoast_head_json":{"title":"IMPRESSUM - Puertas Padilla","description":"Impressum von PUERTAS PADILLA, S.L. mit Angaben zum Webseitenbetreiber, Nutzungsbedingungen und Haftungsregelungen gem\u00e4\u00df geltender Gesetzgebung.","robots":{"index":"index","follow":"follow","max-snippet":"max-snippet:-1","max-image-preview":"max-image-preview:large","max-video-preview":"max-video-preview:-1"},"canonical":"https:\/\/ppadilla.es\/de\/impressum\/","og_locale":"de_DE","og_type":"article","og_title":"IMPRESSUM - Puertas Padilla","og_description":"Impressum von PUERTAS PADILLA, S.L. mit Angaben zum Webseitenbetreiber, Nutzungsbedingungen und Haftungsregelungen gem\u00e4\u00df geltender Gesetzgebung.","og_url":"https:\/\/ppadilla.es\/de\/impressum\/","og_site_name":"Puertas Padilla","article_modified_time":"2026-04-21T07:50:24+00:00","twitter_card":"summary_large_image","twitter_misc":{"Gesch\u00e4tzte Lesezeit":"3\u00a0Minuten"},"schema":{"@context":"https:\/\/schema.org","@graph":[{"@type":"WebPage","@id":"https:\/\/ppadilla.es\/de\/impressum\/","url":"https:\/\/ppadilla.es\/de\/impressum\/","name":"IMPRESSUM - Puertas Padilla","isPartOf":{"@id":"https:\/\/ppadilla.es\/#website"},"datePublished":"2026-04-21T07:38:24+00:00","dateModified":"2026-04-21T07:50:24+00:00","description":"Impressum von PUERTAS PADILLA, S.L. mit Angaben zum Webseitenbetreiber, Nutzungsbedingungen und Haftungsregelungen gem\u00e4\u00df geltender Gesetzgebung.","breadcrumb":{"@id":"https:\/\/ppadilla.es\/de\/impressum\/#breadcrumb"},"inLanguage":"de","potentialAction":[{"@type":"ReadAction","target":["https:\/\/ppadilla.es\/de\/impressum\/"]}]},{"@type":"BreadcrumbList","@id":"https:\/\/ppadilla.es\/de\/impressum\/#breadcrumb","itemListElement":[{"@type":"ListItem","position":1,"name":"Portada","item":"https:\/\/ppadilla.es\/de\/"},{"@type":"ListItem","position":2,"name":"IMPRESSUM"}]},{"@type":"WebSite","@id":"https:\/\/ppadilla.es\/#website","url":"https:\/\/ppadilla.es\/","name":"Puertas Padilla","description":"L\u00cdDERES EN PUERTAS CORTAFUEGOS","potentialAction":[{"@type":"SearchAction","target":{"@type":"EntryPoint","urlTemplate":"https:\/\/ppadilla.es\/?s={search_term_string}"},"query-input":{"@type":"PropertyValueSpecification","valueRequired":true,"valueName":"search_term_string"}}],"inLanguage":"de"}]}},"_links":{"self":[{"href":"https:\/\/ppadilla.es\/de\/wp-json\/wp\/v2\/pages\/18288","targetHints":{"allow":["GET"]}}],"collection":[{"href":"https:\/\/ppadilla.es\/de\/wp-json\/wp\/v2\/pages"}],"about":[{"href":"https:\/\/ppadilla.es\/de\/wp-json\/wp\/v2\/types\/page"}],"author":[{"embeddable":true,"href":"https:\/\/ppadilla.es\/de\/wp-json\/wp\/v2\/users\/9"}],"replies":[{"embeddable":true,"href":"https:\/\/ppadilla.es\/de\/wp-json\/wp\/v2\/comments?post=18288"}],"version-history":[{"count":7,"href":"https:\/\/ppadilla.es\/de\/wp-json\/wp\/v2\/pages\/18288\/revisions"}],"predecessor-version":[{"id":18297,"href":"https:\/\/ppadilla.es\/de\/wp-json\/wp\/v2\/pages\/18288\/revisions\/18297"}],"wp:attachment":[{"href":"https:\/\/ppadilla.es\/de\/wp-json\/wp\/v2\/media?parent=18288"}],"curies":[{"name":"wp","href":"https:\/\/api.w.org\/{rel}","templated":true}]}}