{"id":15213,"date":"2024-06-27T12:44:20","date_gmt":"2024-06-27T12:44:20","guid":{"rendered":"https:\/\/ppadilla.es\/padilla-tueren\/"},"modified":"2024-07-12T09:09:17","modified_gmt":"2024-07-12T09:09:17","slug":"padilla-tueren","status":"publish","type":"page","link":"https:\/\/ppadilla.es\/de\/padilla-tueren\/","title":{"rendered":"Padilla T\u00fcren"},"content":{"rendered":"<div class=\"wpb-content-wrapper\"><p>[vc_row content_text_aligment=&#8220;center&#8220; css=&#8220;.vc_custom_1701680138947{padding-top: 100px !important;padding-bottom: 100px !important;background-image: url(https:\/\/ppadilla.es\/wp-content\/uploads\/2023\/11\/CABECERA-LA-EMPRESA.png?id=10775) !important;background-position: center !important;background-repeat: no-repeat !important;background-size: cover !important;}&#8220; el_class=&#8220;cabecera&#8220;][vc_column css=&#8220;.vc_custom_1621932560241{margin-top: -15px !important;}&#8220;][vc_single_image image=&#8220;12858&#8243; img_size=&#8220;70X70&#8243; alignment=&#8220;center&#8220;][vc_custom_heading text=&#8220;PADILLA T\u00dcREN&#8220; font_container=&#8220;tag:h1|text_align:center|color:%23ffffff&#8220; use_theme_fonts=&#8220;yes&#8220;][vc_custom_heading text=&#8220;F\u00fchrend in Innovation und Internationalisierung mit zertifizierter Qualit\u00e4t&#8220; font_container=&#8220;tag:h3|text_align:center|color:%23ffffff&#8220; use_theme_fonts=&#8220;yes&#8220;][vc_separator color=&#8220;white&#8220; border_width=&#8220;3&#8243; el_width=&#8220;10&#8243;][\/vc_column][\/vc_row][vc_row content_text_aligment=&#8220;center&#8220;][vc_column][vc_custom_heading text=&#8220;DAS UNTERNEHMEN&#8220; font_container=&#8220;tag:h2|text_align:center|color:%23000000&#8243; use_theme_fonts=&#8220;yes&#8220;]<div class=\"eltdf-separator-holder clearfix  eltdf-separator-center eltdf-separator-normal\">\n\t<div class=\"eltdf-separator\" style=\"border-color: #000000;width: 100px\"><\/div>\n<\/div>\n[vc_row_inner row_content_width=&#8220;grid&#8220; content_text_aligment=&#8220;left&#8220; css=&#8220;.vc_custom_1701680312762{padding-top: 70px !important;}&#8220;][vc_column_inner width=&#8220;1\/2&#8243; css=&#8220;.vc_custom_1614186263950{padding-right: 50px !important;padding-left: 50px !important;}&#8220;][vc_column_text el_class=&#8220;texto&#8220;]1987 begannen wir eine aufregende Reise: Feuer, Sicherheit, T\u00fcren. Ein harter Weg, der von unserem Unternehmen in der Region Murcia ausging, das sich Spezialisierung und Exzellenz als vorrangiges Ziel gesetzt hatte. In diesen mehr als 30 Jahren Erfahrung haben wir unsere Anstrengungen in technologische Investitionen, Forschung und Entwicklung investiert.<\/p>\n<p>Wir sind uns bewusst, dass in einem hart umk\u00e4mpften Markt nur Qualit\u00e4t auf h\u00f6chstem Niveau erfolgreich ist.<\/p>\n<p>Wir sind mit dem Tempo unserer Tr\u00e4ume gewachsen und haben unseren Einflussbereich auf dem internationalen Markt erweitert. Von der Einweihung unseres ersten Hauptsitzes in Portugal \u00fcber die Gr\u00fcndung unserer j\u00fcngsten Tochtergesellschaft in Kolumbien bis hin zu Italien, Polen, Frankreich, Marokko und der T\u00fcrkei.[\/vc_column_text][\/vc_column_inner][vc_column_inner width=&#8220;1\/2&#8243;][vc_single_image image=&#8220;12889&#8243; img_size=&#8220;full&#8220;][\/vc_column_inner][\/vc_row_inner][vc_row_inner row_content_width=&#8220;grid&#8220; content_text_aligment=&#8220;left&#8220; css=&#8220;.vc_custom_1698925353218{padding-top: 70px !important;padding-bottom: 70px !important;}&#8220;][vc_column_inner width=&#8220;1\/2&#8243; css=&#8220;.vc_custom_1614186263950{padding-right: 50px !important;padding-left: 50px !important;}&#8220;][vc_single_image image=&#8220;12890&#8243; img_size=&#8220;full&#8220;][\/vc_column_inner][vc_column_inner width=&#8220;1\/2&#8243;][vc_column_text el_class=&#8220;texto&#8220;]M\u00fche, Strenge und Engagement haben uns geholfen, unsere eigene Marke, Padilla Doors, zu schaffen. Unser Ehrgeiz, innovativ zu sein, hat uns dazu gebracht, Produkte zu entwickeln, die neue Marktsegmente erschlossen haben. Aber der Erfolg unserer Marke ist auf die unbestrittene Professionalit\u00e4t unseres Teams zur\u00fcckzuf\u00fchren. Menschen, die mit ihrer Jugend, ihrem Wissen und ihrer Erfahrung Padilla Doors zu einem internationalen Ma\u00dfstab f\u00fcr Brand- und Sicherheitst\u00fcren machen.<\/p>\n<p>Wir sind uns bewusst, dass der Weg durch das Gehen gemacht wird. Aus diesem Grund sind wir bei Padilla Doors auch nach der Reise durch so viele L\u00e4nder und den schwierigsten Herausforderungen motiviert, unseren Sektor weiterhin anzuf\u00fchren, da wir wissen, dass wir f\u00fcr unsere Bem\u00fchungen belohnt werden.[\/vc_column_text][\/vc_column_inner][\/vc_row_inner][\/vc_column][\/vc_row][vc_row content_text_aligment=&#8220;center&#8220; css=&#8220;.vc_custom_1701680352179{padding-top: 100px !important;padding-bottom: 100px !important;background-image: url(https:\/\/ppadilla.es\/wp-content\/uploads\/2023\/11\/PREMIOS-Y-RECONOCIMIENTOS.jpg?id=10785) !important;background-position: center !important;background-repeat: no-repeat !important;background-size: cover !important;}&#8220; el_class=&#8220;cabecera&#8220;][vc_column][vc_row_inner row_content_width=&#8220;grid&#8220; content_text_aligment=&#8220;left&#8220;][vc_column_inner][vc_custom_heading text=&#8220;AUSZEICHNUNGEN UND ANERKENNUNGEN&#8220; font_container=&#8220;tag:h2|text_align:center|color:%23ffffff&#8220; use_theme_fonts=&#8220;yes&#8220;]<div class=\"eltdf-separator-holder clearfix  eltdf-separator-center eltdf-separator-normal\">\n\t<div class=\"eltdf-separator\" style=\"border-color: #ffffff;width: 100px;margin-bottom: 50px\"><\/div>\n<\/div>\n[vc_column_text el_class=&#8220;texto&#8220;]<\/p>\n<ul style=\"color: #fff;\">\n<li>FREMM-Preis f\u00fcr unternehmerische Arbeit<\/li>\n<li>AJE-Auszeichnung<\/li>\n<li>COEC Business Excellence Award<\/li>\n<li>AJE Internationalisierungspreis<\/li>\n<li>Actualidad Econ\u00f3mica Auszeichnung<\/li>\n<li>Business World Award<\/li>\n<li>Expansionspreis f\u00fcr das beste Internationalisierungsunternehmen, IFEMA<\/li>\n<\/ul>\n<p>[\/vc_column_text][\/vc_column_inner][\/vc_row_inner][\/vc_column][\/vc_row][vc_row css=&#8220;.vc_custom_1698925886450{padding-top: 70px !important;padding-bottom: 100px !important;}&#8220;][vc_column][vc_custom_heading text=&#8220;WIR SIND MITGLIEDER&#8220; font_container=&#8220;tag:h2|text_align:center|color:%23000000&#8243; use_theme_fonts=&#8220;yes&#8220;]<div class=\"eltdf-separator-holder clearfix  eltdf-separator-center eltdf-separator-normal\">\n\t<div class=\"eltdf-separator\" style=\"border-color: #000000;width: 100px;margin-bottom: 50px\"><\/div>\n<\/div>\n[vc_row_inner row_content_width=&#8220;grid&#8220; el_class=&#8220;listalogoscolaboradores&#8220;][vc_column_inner width=&#8220;1\/4&#8243;][vc_single_image image=&#8220;12892&#8243; img_size=&#8220;full&#8220; alignment=&#8220;center&#8220;][vc_column_text]<\/p>\n<p style=\"text-align: center;\"><a href=\"https:\/\/www.apsei.org.pt\/\">APSEI, Associa\u00e7\u00e3o Portuguesa de Seguran\u00e7a<\/a><\/p>\n<p>[\/vc_column_text][\/vc_column_inner][vc_column_inner width=&#8220;1\/4&#8243;][vc_single_image image=&#8220;12893&#8243; img_size=&#8220;full&#8220; alignment=&#8220;center&#8220;][vc_column_text]<\/p>\n<p style=\"text-align: center;\"><a href=\"https:\/\/ospzpisr.com.pl\/\">Og\u00f3lnopolskie Stowarzyszenie Producent\u00f3w Zabezpiecze\u0144 Przeciwpo\u017carowych i Sprz\u0119tu Ratowniczego<\/a><\/p>\n<p>[\/vc_column_text][\/vc_column_inner][vc_column_inner width=&#8220;1\/4&#8243;][vc_single_image image=&#8220;12876&#8243; img_size=&#8220;full&#8220; alignment=&#8220;center&#8220;][vc_column_text]<\/p>\n<p style=\"text-align: center;\"><a href=\"https:\/\/www.ul.com\/\">UL STANDARD F\u00dcR SICHERHEIT<\/a><\/p>\n<p>[\/vc_column_text][\/vc_column_inner][vc_column_inner width=&#8220;1\/4&#8243;][vc_single_image image=&#8220;12894&#8243; img_size=&#8220;full&#8220; alignment=&#8220;center&#8220;][vc_column_text]<\/p>\n<p style=\"text-align: center;\"><a href=\"https:\/\/aepa.ws\/\">AEPA, Verband f\u00fcr manuelle und automatische T\u00fcren<\/a><\/p>\n<p>[\/vc_column_text][\/vc_column_inner][\/vc_row_inner][\/vc_column][\/vc_row][vc_row css=&#8220;.vc_custom_1698926184034{padding-top: 70px !important;padding-bottom: 100px !important;background-color: #eaeaea !important;}&#8220;][vc_column][vc_custom_heading text=&#8220;PADILLA T\u00dcREN IN BILDERN&#8220; font_container=&#8220;tag:h2|text_align:center|color:%23000000&#8243; use_theme_fonts=&#8220;yes&#8220;]<div class=\"eltdf-separator-holder clearfix  eltdf-separator-center eltdf-separator-normal\">\n\t<div class=\"eltdf-separator\" style=\"border-color: #000000;width: 100px;margin-bottom: 50px\"><\/div>\n<\/div>\n[vc_row_inner row_content_width=&#8220;grid&#8220;][vc_column_inner width=&#8220;1\/3&#8243;][vc_video link=&#8220;https:\/\/youtu.be\/3nBqiZm5KEg&#8220;][vc_custom_heading text=&#8220;Padilla-T\u00fcren. Das Unternehmen&#8220; font_container=&#8220;tag:h4|text_align:left|color:%23000000&#8243; use_theme_fonts=&#8220;yes&#8220;][\/vc_column_inner][vc_column_inner width=&#8220;1\/3&#8243;][vc_video link=&#8220;https:\/\/youtu.be\/OyUTRWtfQfE&#8220;][vc_custom_heading text=&#8220;Padilla Doors bek\u00e4mpft die Pandemie&#8220; font_container=&#8220;tag:h4|text_align:left|color:%23000000&#8243; use_theme_fonts=&#8220;yes&#8220;][\/vc_column_inner][vc_column_inner width=&#8220;1\/3&#8243;][vc_video link=&#8220;https:\/\/youtu.be\/hobGlejQYOg&#8220;][vc_custom_heading text=&#8220;Padilla-T\u00fcren. Das Bild&#8220; font_container=&#8220;tag:h4|text_align:left|color:%23000000&#8243; use_theme_fonts=&#8220;yes&#8220;][\/vc_column_inner][\/vc_row_inner][\/vc_column][\/vc_row][vc_row css=&#8220;.vc_custom_1698925886450{padding-top: 70px !important;padding-bottom: 100px !important;}&#8220;][vc_column][vc_custom_heading text=&#8220;PARTNERSCHAFTEN UND ABKOMMEN&#8220; font_container=&#8220;tag:h2|text_align:center|color:%23000000&#8243; use_theme_fonts=&#8220;yes&#8220;]<div class=\"eltdf-separator-holder clearfix  eltdf-separator-center eltdf-separator-normal\">\n\t<div class=\"eltdf-separator\" style=\"border-color: #000000;width: 100px;margin-bottom: 50px\"><\/div>\n<\/div>\n[vc_row_inner row_content_width=&#8220;grid&#8220; el_class=&#8220;listalogoscolaboradores&#8220;][vc_column_inner width=&#8220;1\/4&#8243;][vc_single_image image=&#8220;12895&#8243; img_size=&#8220;full&#8220; alignment=&#8220;center&#8220;][vc_column_text]<\/p>\n<p style=\"text-align: center;\"><a href=\"https:\/\/fundaciongomezpardo.es\/\" target=\"_blank\" rel=\"noopener\">Stiftung<br \/>\nG\u00f3mez-Pardo<\/a><\/p>\n<p>[\/vc_column_text][\/vc_column_inner][vc_column_inner width=&#8220;1\/4&#8243;][vc_single_image image=&#8220;12896&#8243; img_size=&#8220;full&#8220; alignment=&#8220;center&#8220;][vc_column_text]<\/p>\n<p style=\"text-align: center;\"><a href=\"https:\/\/www.uv.es\/\" target=\"_blank\" rel=\"noopener\">Polytechnische Universit\u00e4t von Valencia <\/a><\/p>\n<p>[\/vc_column_text][\/vc_column_inner][vc_column_inner width=&#8220;1\/4&#8243;][vc_single_image image=&#8220;12897&#8243; img_size=&#8220;full&#8220; alignment=&#8220;center&#8220;][vc_column_text]<\/p>\n<p style=\"text-align: center;\"><a href=\"https:\/\/www.upm.es\/\" target=\"_blank\" rel=\"noopener\">Polytechnische Universit\u00e4t von Madrid <\/a><\/p>\n<p>[\/vc_column_text][\/vc_column_inner][vc_column_inner width=&#8220;1\/4&#8243;][vc_single_image image=&#8220;12898&#8243; img_size=&#8220;full&#8220; alignment=&#8220;center&#8220;][vc_column_text]<\/p>\n<p style=\"text-align: center;\"><a href=\"https:\/\/www.upct.es\/\" target=\"_blank\" rel=\"noopener\">UPCT <\/a><\/p>\n<p>[\/vc_column_text][\/vc_column_inner][\/vc_row_inner][vc_row_inner row_content_width=&#8220;grid&#8220; el_class=&#8220;listalogoscolaboradores&#8220;][vc_column_inner width=&#8220;1\/4&#8243;][vc_single_image image=&#8220;12899&#8243; img_size=&#8220;full&#8220; alignment=&#8220;center&#8220;][vc_column_text]<\/p>\n<p style=\"text-align: center;\"><a href=\"https:\/\/www.um.es\/\" target=\"_blank\" rel=\"noopener\">Universit\u00e4t von Murcia <\/a><\/p>\n<p>[\/vc_column_text][\/vc_column_inner][vc_column_inner width=&#8220;1\/4&#8243;][vc_single_image image=&#8220;12900&#8243; img_size=&#8220;full&#8220; alignment=&#8220;center&#8220;][vc_column_text]<\/p>\n<p style=\"text-align: center;\"><a href=\"http:\/\/www.cetem.es\/\" target=\"_blank\" rel=\"noopener\">Cetem<\/a><\/p>\n<p>[\/vc_column_text][\/vc_column_inner][vc_column_inner width=&#8220;1\/4&#8243;][vc_single_image image=&#8220;12901&#8243; img_size=&#8220;full&#8220; alignment=&#8220;center&#8220;][vc_column_text]<\/p>\n<p style=\"text-align: center;\"><a href=\"https:\/\/ctmetal.es\/\" target=\"_blank\" rel=\"noopener\">Zentrum f\u00fcr Metalltechnologie Murcia <\/a><\/p>\n<p>[\/vc_column_text][\/vc_column_inner][vc_column_inner width=&#8220;1\/4&#8243;][vc_single_image image=&#8220;12902&#8243; img_size=&#8220;full&#8220; alignment=&#8220;center&#8220;][vc_column_text]<\/p>\n<p style=\"text-align: center;\"><a href=\"https:\/\/ctnaval.com\/\" target=\"_blank\" rel=\"noopener\">Zentrum f\u00fcr Marine und Maritime Technologie <\/a><\/p>\n<p>[\/vc_column_text][\/vc_column_inner][\/vc_row_inner][\/vc_column][\/vc_row]<\/p>\n<\/div>","protected":false},"excerpt":{"rendered":"<p>[vc_row content_text_aligment=&#8220;center&#8220; css=&#8220;.vc_custom_1701680138947{padding-top: 100px !important;padding-bottom: 100px !important;background-image: url(https:\/\/ppadilla.es\/wp-content\/uploads\/2023\/11\/CABECERA-LA-EMPRESA.png?id=10775) !important;background-position: center !important;background-repeat: no-repeat !important;background-size: cover !important;}&#8220; el_class=&#8220;cabecera&#8220;][vc_column css=&#8220;.vc_custom_1621932560241{margin-top: -15px !important;}&#8220;][vc_single_image image=&#8220;12858&#8243; img_size=&#8220;70X70&#8243; alignment=&#8220;center&#8220;][vc_custom_heading text=&#8220;PADILLA T\u00dcREN&#8220; font_container=&#8220;tag:h1|text_align:center|color:%23ffffff&#8220; use_theme_fonts=&#8220;yes&#8220;][vc_custom_heading text=&#8220;F\u00fchrend in Innovation und Internationalisierung mit zertifizierter Qualit\u00e4t&#8220; font_container=&#8220;tag:h3|text_align:center|color:%23ffffff&#8220; use_theme_fonts=&#8220;yes&#8220;][vc_separator color=&#8220;white&#8220; border_width=&#8220;3&#8243; el_width=&#8220;10&#8243;][\/vc_column][\/vc_row][vc_row content_text_aligment=&#8220;center&#8220;][vc_column][vc_custom_heading text=&#8220;DAS UNTERNEHMEN&#8220; font_container=&#8220;tag:h2|text_align:center|color:%23000000&#8243; use_theme_fonts=&#8220;yes&#8220;][vc_row_inner row_content_width=&#8220;grid&#8220; [&hellip;]<\/p>\n","protected":false},"author":1,"featured_media":17401,"parent":0,"menu_order":0,"comment_status":"closed","ping_status":"closed","template":"full-width.php","meta":{"_acf_changed":false,"footnotes":""},"class_list":["post-15213","page","type-page","status-publish","has-post-thumbnail","hentry"],"acf":[],"yoast_head":"<!-- This site is optimized with the Yoast SEO plugin v26.8 - https:\/\/yoast.com\/product\/yoast-seo-wordpress\/ -->\n<title>Padilla T\u00fcren - Puertas Padilla<\/title>\n<meta name=\"robots\" content=\"index, follow, max-snippet:-1, max-image-preview:large, max-video-preview:-1\" \/>\n<link rel=\"canonical\" href=\"https:\/\/ppadilla.es\/de\/padilla-tueren\/\" \/>\n<meta property=\"og:locale\" content=\"de_DE\" \/>\n<meta property=\"og:type\" content=\"article\" \/>\n<meta property=\"og:title\" content=\"Padilla T\u00fcren - Puertas Padilla\" \/>\n<meta property=\"og:description\" content=\"[vc_row content_text_aligment=&#8220;center&#8220; css=&#8220;.vc_custom_1701680138947{padding-top: 100px !important;padding-bottom: 100px !important;background-image: url(https:\/\/ppadilla.es\/wp-content\/uploads\/2023\/11\/CABECERA-LA-EMPRESA.png?id=10775) !important;background-position: center !important;background-repeat: no-repeat !important;background-size: cover !important;}&#8220; el_class=&#8220;cabecera&#8220;][vc_column css=&#8220;.vc_custom_1621932560241{margin-top: -15px !important;}&#8220;][vc_single_image image=&#8220;12858&#8243; img_size=&#8220;70X70&#8243; alignment=&#8220;center&#8220;][vc_custom_heading text=&#8220;PADILLA T\u00dcREN&#8220; font_container=&#8220;tag:h1|text_align:center|color:%23ffffff&#8220; use_theme_fonts=&#8220;yes&#8220;][vc_custom_heading text=&#8220;F\u00fchrend in Innovation und Internationalisierung mit zertifizierter Qualit\u00e4t&#8220; font_container=&#8220;tag:h3|text_align:center|color:%23ffffff&#8220; use_theme_fonts=&#8220;yes&#8220;][vc_separator color=&#8220;white&#8220; border_width=&#8220;3&#8243; el_width=&#8220;10&#8243;][\/vc_column][\/vc_row][vc_row content_text_aligment=&#8220;center&#8220;][vc_column][vc_custom_heading text=&#8220;DAS UNTERNEHMEN&#8220; font_container=&#8220;tag:h2|text_align:center|color:%23000000&#8243; use_theme_fonts=&#8220;yes&#8220;][vc_row_inner row_content_width=&#8220;grid&#8220; [&hellip;]\" \/>\n<meta property=\"og:url\" content=\"https:\/\/ppadilla.es\/de\/padilla-tueren\/\" \/>\n<meta property=\"og:site_name\" content=\"Puertas Padilla\" \/>\n<meta property=\"article:modified_time\" content=\"2024-07-12T09:09:17+00:00\" \/>\n<meta name=\"twitter:card\" content=\"summary_large_image\" \/>\n<meta name=\"twitter:label1\" content=\"Gesch\u00e4tzte Lesezeit\" \/>\n\t<meta name=\"twitter:data1\" content=\"3\u00a0Minuten\" \/>\n<script type=\"application\/ld+json\" class=\"yoast-schema-graph\">{\"@context\":\"https:\/\/schema.org\",\"@graph\":[{\"@type\":\"WebPage\",\"@id\":\"https:\/\/ppadilla.es\/de\/padilla-tueren\/\",\"url\":\"https:\/\/ppadilla.es\/de\/padilla-tueren\/\",\"name\":\"Padilla T\u00fcren - Puertas Padilla\",\"isPartOf\":{\"@id\":\"https:\/\/ppadilla.es\/#website\"},\"primaryImageOfPage\":{\"@id\":\"https:\/\/ppadilla.es\/de\/padilla-tueren\/#primaryimage\"},\"image\":{\"@id\":\"https:\/\/ppadilla.es\/de\/padilla-tueren\/#primaryimage\"},\"thumbnailUrl\":\"https:\/\/ppadilla.es\/wp-content\/uploads\/2025\/03\/fotos-abc.jpg\",\"datePublished\":\"2024-06-27T12:44:20+00:00\",\"dateModified\":\"2024-07-12T09:09:17+00:00\",\"breadcrumb\":{\"@id\":\"https:\/\/ppadilla.es\/de\/padilla-tueren\/#breadcrumb\"},\"inLanguage\":\"de\",\"potentialAction\":[{\"@type\":\"ReadAction\",\"target\":[\"https:\/\/ppadilla.es\/de\/padilla-tueren\/\"]}]},{\"@type\":\"ImageObject\",\"inLanguage\":\"de\",\"@id\":\"https:\/\/ppadilla.es\/de\/padilla-tueren\/#primaryimage\",\"url\":\"https:\/\/ppadilla.es\/wp-content\/uploads\/2025\/03\/fotos-abc.jpg\",\"contentUrl\":\"https:\/\/ppadilla.es\/wp-content\/uploads\/2025\/03\/fotos-abc.jpg\",\"width\":980,\"height\":499},{\"@type\":\"BreadcrumbList\",\"@id\":\"https:\/\/ppadilla.es\/de\/padilla-tueren\/#breadcrumb\",\"itemListElement\":[{\"@type\":\"ListItem\",\"position\":1,\"name\":\"Portada\",\"item\":\"https:\/\/ppadilla.es\/de\/\"},{\"@type\":\"ListItem\",\"position\":2,\"name\":\"Padilla T\u00fcren\"}]},{\"@type\":\"WebSite\",\"@id\":\"https:\/\/ppadilla.es\/#website\",\"url\":\"https:\/\/ppadilla.es\/\",\"name\":\"Puertas Padilla\",\"description\":\"L\u00cdDERES EN PUERTAS CORTAFUEGOS\",\"potentialAction\":[{\"@type\":\"SearchAction\",\"target\":{\"@type\":\"EntryPoint\",\"urlTemplate\":\"https:\/\/ppadilla.es\/?s={search_term_string}\"},\"query-input\":{\"@type\":\"PropertyValueSpecification\",\"valueRequired\":true,\"valueName\":\"search_term_string\"}}],\"inLanguage\":\"de\"}]}<\/script>\n<!-- \/ Yoast SEO plugin. -->","yoast_head_json":{"title":"Padilla T\u00fcren - Puertas Padilla","robots":{"index":"index","follow":"follow","max-snippet":"max-snippet:-1","max-image-preview":"max-image-preview:large","max-video-preview":"max-video-preview:-1"},"canonical":"https:\/\/ppadilla.es\/de\/padilla-tueren\/","og_locale":"de_DE","og_type":"article","og_title":"Padilla T\u00fcren - Puertas Padilla","og_description":"[vc_row content_text_aligment=&#8220;center&#8220; css=&#8220;.vc_custom_1701680138947{padding-top: 100px !important;padding-bottom: 100px !important;background-image: url(https:\/\/ppadilla.es\/wp-content\/uploads\/2023\/11\/CABECERA-LA-EMPRESA.png?id=10775) !important;background-position: center !important;background-repeat: no-repeat !important;background-size: cover !important;}&#8220; el_class=&#8220;cabecera&#8220;][vc_column css=&#8220;.vc_custom_1621932560241{margin-top: -15px !important;}&#8220;][vc_single_image image=&#8220;12858&#8243; img_size=&#8220;70X70&#8243; alignment=&#8220;center&#8220;][vc_custom_heading text=&#8220;PADILLA T\u00dcREN&#8220; font_container=&#8220;tag:h1|text_align:center|color:%23ffffff&#8220; use_theme_fonts=&#8220;yes&#8220;][vc_custom_heading text=&#8220;F\u00fchrend in Innovation und Internationalisierung mit zertifizierter Qualit\u00e4t&#8220; font_container=&#8220;tag:h3|text_align:center|color:%23ffffff&#8220; use_theme_fonts=&#8220;yes&#8220;][vc_separator color=&#8220;white&#8220; border_width=&#8220;3&#8243; el_width=&#8220;10&#8243;][\/vc_column][\/vc_row][vc_row content_text_aligment=&#8220;center&#8220;][vc_column][vc_custom_heading text=&#8220;DAS UNTERNEHMEN&#8220; font_container=&#8220;tag:h2|text_align:center|color:%23000000&#8243; use_theme_fonts=&#8220;yes&#8220;][vc_row_inner row_content_width=&#8220;grid&#8220; [&hellip;]","og_url":"https:\/\/ppadilla.es\/de\/padilla-tueren\/","og_site_name":"Puertas Padilla","article_modified_time":"2024-07-12T09:09:17+00:00","twitter_card":"summary_large_image","twitter_misc":{"Gesch\u00e4tzte Lesezeit":"3\u00a0Minuten"},"schema":{"@context":"https:\/\/schema.org","@graph":[{"@type":"WebPage","@id":"https:\/\/ppadilla.es\/de\/padilla-tueren\/","url":"https:\/\/ppadilla.es\/de\/padilla-tueren\/","name":"Padilla T\u00fcren - Puertas Padilla","isPartOf":{"@id":"https:\/\/ppadilla.es\/#website"},"primaryImageOfPage":{"@id":"https:\/\/ppadilla.es\/de\/padilla-tueren\/#primaryimage"},"image":{"@id":"https:\/\/ppadilla.es\/de\/padilla-tueren\/#primaryimage"},"thumbnailUrl":"https:\/\/ppadilla.es\/wp-content\/uploads\/2025\/03\/fotos-abc.jpg","datePublished":"2024-06-27T12:44:20+00:00","dateModified":"2024-07-12T09:09:17+00:00","breadcrumb":{"@id":"https:\/\/ppadilla.es\/de\/padilla-tueren\/#breadcrumb"},"inLanguage":"de","potentialAction":[{"@type":"ReadAction","target":["https:\/\/ppadilla.es\/de\/padilla-tueren\/"]}]},{"@type":"ImageObject","inLanguage":"de","@id":"https:\/\/ppadilla.es\/de\/padilla-tueren\/#primaryimage","url":"https:\/\/ppadilla.es\/wp-content\/uploads\/2025\/03\/fotos-abc.jpg","contentUrl":"https:\/\/ppadilla.es\/wp-content\/uploads\/2025\/03\/fotos-abc.jpg","width":980,"height":499},{"@type":"BreadcrumbList","@id":"https:\/\/ppadilla.es\/de\/padilla-tueren\/#breadcrumb","itemListElement":[{"@type":"ListItem","position":1,"name":"Portada","item":"https:\/\/ppadilla.es\/de\/"},{"@type":"ListItem","position":2,"name":"Padilla T\u00fcren"}]},{"@type":"WebSite","@id":"https:\/\/ppadilla.es\/#website","url":"https:\/\/ppadilla.es\/","name":"Puertas Padilla","description":"L\u00cdDERES EN PUERTAS CORTAFUEGOS","potentialAction":[{"@type":"SearchAction","target":{"@type":"EntryPoint","urlTemplate":"https:\/\/ppadilla.es\/?s={search_term_string}"},"query-input":{"@type":"PropertyValueSpecification","valueRequired":true,"valueName":"search_term_string"}}],"inLanguage":"de"}]}},"_links":{"self":[{"href":"https:\/\/ppadilla.es\/de\/wp-json\/wp\/v2\/pages\/15213","targetHints":{"allow":["GET"]}}],"collection":[{"href":"https:\/\/ppadilla.es\/de\/wp-json\/wp\/v2\/pages"}],"about":[{"href":"https:\/\/ppadilla.es\/de\/wp-json\/wp\/v2\/types\/page"}],"author":[{"embeddable":true,"href":"https:\/\/ppadilla.es\/de\/wp-json\/wp\/v2\/users\/1"}],"replies":[{"embeddable":true,"href":"https:\/\/ppadilla.es\/de\/wp-json\/wp\/v2\/comments?post=15213"}],"version-history":[{"count":8,"href":"https:\/\/ppadilla.es\/de\/wp-json\/wp\/v2\/pages\/15213\/revisions"}],"predecessor-version":[{"id":15347,"href":"https:\/\/ppadilla.es\/de\/wp-json\/wp\/v2\/pages\/15213\/revisions\/15347"}],"wp:featuredmedia":[{"embeddable":true,"href":"https:\/\/ppadilla.es\/de\/wp-json\/wp\/v2\/media\/17401"}],"wp:attachment":[{"href":"https:\/\/ppadilla.es\/de\/wp-json\/wp\/v2\/media?parent=15213"}],"curies":[{"name":"wp","href":"https:\/\/api.w.org\/{rel}","templated":true}]}}